{"id":2109,"date":"2021-03-26T08:35:58","date_gmt":"2021-03-26T08:35:58","guid":{"rendered":"http:\/\/localhost\/nuss\/?page_id=536"},"modified":"2026-03-19T07:58:38","modified_gmt":"2026-03-19T07:58:38","slug":"geschaftseinrichtungen","status":"publish","type":"page","link":"https:\/\/nanshanjingfenghotel.com\/de\/business-facilities\/","title":{"rendered":"Gesch\u00e4ftseinrichtungen"},"content":{"rendered":"<div data-elementor-type=\"wp-page\" data-elementor-id=\"2109\" class=\"elementor elementor-2109\">\n\t\t\t\t\t\t<section class=\"elementor-section elementor-top-section elementor-element elementor-element-bb2901b elementor-section-boxed elementor-section-gap-beside-yes elementor-section-height-default elementor-section-height-default elementor-section-column-vertical-align-stretch\" data-id=\"bb2901b\" data-element_type=\"section\" data-e-type=\"section\">\n\t\t\t\t\t\t<div class=\"elementor-container elementor-column-gap-extended\">\n\t\t\t\t\t<div class=\"elementor-column elementor-col-100 elementor-top-column elementor-element elementor-element-1919db9\" data-id=\"1919db9\" data-element_type=\"column\" data-e-type=\"column\">\n\t\t\t<div class=\"elementor-widget-wrap elementor-element-populated\">\n\t\t\t\t\t\t<div class=\"elementor-element elementor-element-41a7b9c elementor-widget__width-initial elementor-invisible elementor-widget elementor-widget-text-editor\" data-id=\"41a7b9c\" data-element_type=\"widget\" data-e-type=\"widget\" data-settings=\"{&quot;_animation&quot;:&quot;nussFadeInUp&quot;}\" data-widget_type=\"text-editor.default\">\n\t\t\t\t\t\t\t\t\t<h4 class=\"qwen-markdown-heading\"><span class=\"qwen-markdown-text\" data-spm-anchor-id=\"a2ty_o01.29997173.0.i20.51415171bLuhRr\">Steigern Sie Ihr Gesch\u00e4ftserlebnis im Shenzhen Nanshan Jingfeng Hotel (Filiale Xili University Town)<\/span><\/h4>\t\t\t\t\t\t\t\t<\/div>\n\t\t\t\t\t<\/div>\n\t\t<\/div>\n\t\t\t\t\t<\/div>\n\t\t<\/section>\n\t\t<div class=\"elementor-element elementor-element-8eb25a6 e-flex e-con-boxed e-con e-parent\" data-id=\"8eb25a6\" data-element_type=\"container\" data-e-type=\"container\">\n\t\t\t\t\t<div class=\"e-con-inner\">\n\t\t\t\t<div class=\"elementor-element elementor-element-6750572 elementor-widget elementor-widget-image\" data-id=\"6750572\" data-element_type=\"widget\" data-e-type=\"widget\" data-widget_type=\"image.default\">\n\t\t\t\t\t\t\t\t\t\t\t\t\t\t\t<img fetchpriority=\"high\" decoding=\"async\" width=\"1024\" height=\"747\" src=\"https:\/\/nanshanjingfenghotel.com\/wp-content\/uploads\/2026\/03\/Shenzhen-Nanshan-Jingfeng-Hotel-46-1024x747.webp\" class=\"attachment-large size-large wp-image-5590\" alt=\"\" srcset=\"https:\/\/nanshanjingfenghotel.com\/wp-content\/uploads\/2026\/03\/Shenzhen-Nanshan-Jingfeng-Hotel-46-1024x747.webp 1024w, https:\/\/nanshanjingfenghotel.com\/wp-content\/uploads\/2026\/03\/Shenzhen-Nanshan-Jingfeng-Hotel-46-300x219.webp 300w, https:\/\/nanshanjingfenghotel.com\/wp-content\/uploads\/2026\/03\/Shenzhen-Nanshan-Jingfeng-Hotel-46-768x560.webp 768w, https:\/\/nanshanjingfenghotel.com\/wp-content\/uploads\/2026\/03\/Shenzhen-Nanshan-Jingfeng-Hotel-46.webp 1170w\" sizes=\"(max-width: 1024px) 100vw, 1024px\" \/>\t\t\t\t\t\t\t\t\t\t\t\t\t\t\t<\/div>\n\t\t\t\t\t<\/div>\n\t\t\t\t<\/div>\n\t\t<div class=\"elementor-element elementor-element-33409d2 e-flex e-con-boxed e-con e-parent\" data-id=\"33409d2\" data-element_type=\"container\" data-e-type=\"container\">\n\t\t\t\t\t<div class=\"e-con-inner\">\n\t\t\t\t<div class=\"elementor-element elementor-element-093c0fb elementor-widget elementor-widget-text-editor\" data-id=\"093c0fb\" data-element_type=\"widget\" data-e-type=\"widget\" data-widget_type=\"text-editor.default\">\n\t\t\t\t\t\t\t\t\t<h2 class=\"qwen-markdown-heading\"><span class=\"qwen-markdown-text\">Ein strategisches Zentrum f\u00fcr unternehmerische Exzellenz in Nanshan<\/span><\/h2><div class=\"qwen-markdown-paragraph\"><span class=\"qwen-markdown-text\">F\u00fcr anspruchsvolle Gesch\u00e4ftsreisende und Berufst\u00e4tige, die sich im dynamischen Markt von Shenzhen einen Wettbewerbsvorteil verschaffen wollen, <\/span><strong class=\"qwen-markdown-strong\"><span class=\"qwen-markdown-text\">Shenzhen Nanshan Jingfeng Hotel (Filiale der Universit\u00e4tsstadt Xili)<\/span><\/strong><span class=\"qwen-markdown-text\"> gilt als erstklassiges Ziel f\u00fcr Gesch\u00e4ftsproduktivit\u00e4t und Komfort f\u00fcr F\u00fchrungskr\u00e4fte. Strategisch g\u00fcnstig gelegen bei <\/span><strong class=\"qwen-markdown-strong\"><span class=\"qwen-markdown-text\">Turm B, Zhongguan Shidai Plaza, Nr. 4168 Liuxian Avenue, Bezirk Nanshan, Shenzhen, Guangdong, China<\/span><\/strong><span class=\"qwen-markdown-text\">, Dieses Hotel ist mehr als nur eine Unterkunft; es ist ein voll integriertes Business-Refugium, das speziell f\u00fcr Meetings, umfangreiche Projekte und anspruchsvolle Gesch\u00e4ftsunterk\u00fcnfte konzipiert wurde. Im Herzen des Nanshan-Distrikts gelegen, der oft als Technologie- und Innovationszentrum von Shenzhen bezeichnet wird, bietet das Hotel direkten Zugang zu wichtigen Industriegebieten, akademischen Forschungseinrichtungen und Hauptverkehrsadern. So wird ein reibungsloser Gesch\u00e4ftsablauf ohne logistische H\u00fcrden gew\u00e4hrleistet.<\/span><\/div><div class=\"qwen-markdown-space\">\u00a0<\/div><h2 class=\"qwen-markdown-heading\"><span class=\"qwen-markdown-text\">Umfassende Tagungs- und Konferenzeinrichtungen<\/span><\/h2><div class=\"qwen-markdown-paragraph\"><span class=\"qwen-markdown-text\">Das Hotel versteht die entscheidende Bedeutung der pers\u00f6nlichen Zusammenarbeit und bietet daher spezielle M\u00f6glichkeiten zur pers\u00f6nlichen Beratung. <\/span><strong class=\"qwen-markdown-strong\"><span class=\"qwen-markdown-text\">Konferenz- und Tagungseinrichtungen<\/span><\/strong><span class=\"qwen-markdown-text\"> Zugeschnitten auf die unterschiedlichsten Unternehmensbed\u00fcrfnisse. Ob kleine Vorstandssitzung, Kundenpr\u00e4sentation oder Strategieplanung \u2013 der hoteleigene Konferenzsaal bietet ein professionelles Umfeld, das Ihren Anforderungen gerecht wird. Die R\u00e4umlichkeiten sind so gestaltet, dass Ablenkungen minimiert werden und sich Teams voll und ganz auf die Ergebnisse konzentrieren k\u00f6nnen. Erg\u00e4nzt wird dies durch wichtige Business-Ausstattung wie Highspeed-Pr\u00e4sentationstechnik und flexible Sitzm\u00f6glichkeiten. F\u00fcr vertrauliche Gespr\u00e4che gew\u00e4hrleisten die Ruhezonen und schallisolierten R\u00e4ume des Hotels Diskretion und Professionalit\u00e4t. Die Verf\u00fcgbarkeit von <\/span><strong class=\"qwen-markdown-strong\"><span class=\"qwen-markdown-text\">Gesch\u00e4ftszentrum<\/span><\/strong><span class=\"qwen-markdown-text\"> Dar\u00fcber hinaus erg\u00e4nzt es diese Besprechungsr\u00e4ume und bietet eine zentrale Anlaufstelle f\u00fcr administrative Unterst\u00fctzung vor, w\u00e4hrend und nach Ihren Veranstaltungen.<\/span><\/div><div class=\"qwen-markdown-space\">\u00a0<\/div><h2 class=\"qwen-markdown-heading\"><span class=\"qwen-markdown-text\">Produktivit\u00e4t im Zimmer und Komfort f\u00fcr F\u00fchrungskr\u00e4fte<\/span><\/h2><div class=\"qwen-markdown-paragraph\"><span class=\"qwen-markdown-text\">Das einzigartige Apartment-Design des Shenzhen Nanshan Jingfeng Hotels bietet Gesch\u00e4ftsreisenden, die einen funktionalen Arbeitsbereich in ihrer Unterkunft ben\u00f6tigen, einen erheblichen Vorteil. Im Gegensatz zu Standard-Hotelzimmern bietet das Hotel einen gro\u00dfz\u00fcgigen Arbeitsbereich. <\/span><strong class=\"qwen-markdown-strong\"><span class=\"qwen-markdown-text\">Deluxe-Suiten und Executive-Zimmer<\/span><\/strong><span class=\"qwen-markdown-text\"> Sie verf\u00fcgen \u00fcber gro\u00dfz\u00fcgige Grundrisse, die separate Arbeitsbereiche erm\u00f6glichen. G\u00e4ste profitieren von <\/span><strong class=\"qwen-markdown-strong\"><span class=\"qwen-markdown-text\">Hochgeschwindigkeits-WLAN-Verbindung<\/span><\/strong><span class=\"qwen-markdown-text\"> Die Zimmer sind im gesamten Geb\u00e4ude so ausgestattet, dass reibungslose Videokonferenzen und die \u00dcbertragung gro\u00dfer Dateien gew\u00e4hrleistet sind. <\/span><strong class=\"qwen-markdown-strong\"><span class=\"qwen-markdown-text\">Etagen 15 bis 32<\/span><\/strong><span class=\"qwen-markdown-text\">, Es bietet eine ruhige Atmosph\u00e4re abseits vom Stra\u00dfenl\u00e4rm, was f\u00fcr konzentriertes Arbeiten und erholsamen Schlaf vor wichtigen Meetings unerl\u00e4sslich ist. Hochwertige Annehmlichkeiten wie gro\u00dfvolumige K\u00fchlschr\u00e4nke erm\u00f6glichen es F\u00fchrungskr\u00e4ften, Mahlzeiten f\u00fcr lange Arbeitssitzungen aufzubewahren, w\u00e4hrend die integrierten <\/span><strong class=\"qwen-markdown-strong\"><span class=\"qwen-markdown-text\">Waschmaschinen im Zimmer<\/span><\/strong><span class=\"qwen-markdown-text\"> Sorgen Sie daf\u00fcr, dass Ihre Gesch\u00e4ftskleidung stets frisch und pr\u00e4sentationsbereit ist. <\/span><strong class=\"qwen-markdown-strong\"><span class=\"qwen-markdown-text\">55-Zoll-LED-Fernseher<\/span><\/strong><span class=\"qwen-markdown-text\"> Dient auch als potenzieller zweiter Monitor oder Pr\u00e4sentationsbildschirm f\u00fcr informelle Besprechungen im Raum.<\/span><\/div><div class=\"qwen-markdown-space\">\u00a0<\/div><h2 class=\"qwen-markdown-heading\"><span class=\"qwen-markdown-text\">Administrative Unterst\u00fctzung und Business-Center-Dienstleistungen<\/span><\/h2><div class=\"qwen-markdown-paragraph\"><span class=\"qwen-markdown-text\">Effizienz ist der Grundstein erfolgreicher Gesch\u00e4ftsreisen, und das Hotel <\/span><strong class=\"qwen-markdown-strong\"><span class=\"qwen-markdown-text\">24-Stunden-Business-Center-Services<\/span><\/strong><span class=\"qwen-markdown-text\"> sind darauf ausgelegt, Ihren Gesch\u00e4ftsbetrieb rund um die Uhr aufrechtzuerhalten. G\u00e4ste haben Zugang zu wichtiger B\u00fcroausstattung, darunter <\/span><strong class=\"qwen-markdown-strong\"><span class=\"qwen-markdown-text\">Faxger\u00e4te, Fotokopierer und Druckdienstleistungen<\/span><\/strong><span class=\"qwen-markdown-text\">, wodurch die Suche nach externen B\u00fcrobedarfsgesch\u00e4ften entf\u00e4llt. <\/span><strong class=\"qwen-markdown-strong\"><span class=\"qwen-markdown-text\">24-Stunden-Concierge-Team<\/span><\/strong><span class=\"qwen-markdown-text\"> ist darin geschult, bei gesch\u00e4ftsspezifischen Anfragen zu helfen, wie z. B. der Organisation von Kurierdiensten, der Buchung von lokalen Transportmitteln oder der kurzfristigen Sicherung von Tagungsorten. Der innovative Einsatz von <\/span><strong class=\"qwen-markdown-strong\"><span class=\"qwen-markdown-text\">Serviceroboter<\/span><\/strong><span class=\"qwen-markdown-text\"> Innerhalb des Hotels sorgt die moderne Technologie f\u00fcr einen reibungslosen Ablauf und erm\u00f6glicht die schnelle und unkomplizierte Zustellung von Dokumenten und anderen Artikeln auf Ihr Zimmer. Dank Express-Check-in und -Check-out sparen Sie wertvolle Zeit, da keine administrativen Formalit\u00e4ten anfallen und Sie Ihren Aufenthalt in Shenzhen optimal nutzen k\u00f6nnen.<\/span><\/div><div class=\"qwen-markdown-space\">\u00a0<\/div><h2 class=\"qwen-markdown-heading\"><span class=\"qwen-markdown-text\">Erstklassige Lage f\u00fcr Unternehmensnetzwerke und Zugang<\/span><\/h2><div class=\"qwen-markdown-paragraph\"><span class=\"qwen-markdown-text\">Der Standort ist ein entscheidender Faktor f\u00fcr den Gesch\u00e4ftserfolg, und die Adresse des Hotels bei <\/span><strong class=\"qwen-markdown-strong\"><span class=\"qwen-markdown-text\">Zhongguan Shidai Plaza<\/span><\/strong><span class=\"qwen-markdown-text\"> Sie befinden sich in einem pulsierenden Gesch\u00e4ftsumfeld. Die Immobilie liegt nur wenige Schritte entfernt von <\/span><strong class=\"qwen-markdown-strong\"><span class=\"qwen-markdown-text\">U-Bahn-Linie 5, Station University Town<\/span><\/strong><span class=\"qwen-markdown-text\">, wodurch eine direkte Anbindung an das zentrale Gesch\u00e4ftsviertel Futian in Shenzhen und die <\/span><strong class=\"qwen-markdown-strong\"><span class=\"qwen-markdown-text\">Shenzhen Nordbahnhof<\/span><\/strong><span class=\"qwen-markdown-text\">, einem wichtigen Hochgeschwindigkeits-Bahnknotenpunkt, der Shenzhen mit Guangzhou und dar\u00fcber hinaus verbindet. Diese N\u00e4he ist f\u00fcr F\u00fchrungskr\u00e4fte, die Reisen in mehrere St\u00e4dte organisieren, von unsch\u00e4tzbarem Wert. Dar\u00fcber hinaus ist die Lage innerhalb des <\/span><strong class=\"qwen-markdown-strong\"><span class=\"qwen-markdown-text\">Universit\u00e4tsstadt Xili<\/span><\/strong><span class=\"qwen-markdown-text\"> Die Lage bietet einzigartige M\u00f6glichkeiten zur Zusammenarbeit mit erstklassigen Forschungseinrichtungen, darunter <\/span><strong class=\"qwen-markdown-strong\"><span class=\"qwen-markdown-text\">Tsinghua-Universit\u00e4t, Peking-Universit\u00e4t und Harbin Institute of Technology (Shenzhen)<\/span><\/strong><span class=\"qwen-markdown-text\">. Dadurch eignet sich das Hotel ideal f\u00fcr akademische Konferenzen, Forschungskooperationen und Networking-Veranstaltungen der Technologiebranche. Nahegelegene Gewerbegebiete wie <\/span><strong class=\"qwen-markdown-strong\"><span class=\"qwen-markdown-text\">Yitian Holiday Mall<\/span><\/strong><span class=\"qwen-markdown-text\"> bieten zahlreiche M\u00f6glichkeiten zum gemeinsamen Essen mit Kunden und zum informellen Networking.<\/span><\/div><div class=\"qwen-markdown-space\">\u00a0<\/div><h2 class=\"qwen-markdown-heading\"><span class=\"qwen-markdown-text\">Firmenveranstaltungen und Kundenunterhaltung<\/span><\/h2><div class=\"qwen-markdown-paragraph\"><span class=\"qwen-markdown-text\">Gesch\u00e4ftliche Angelegenheiten reichen oft \u00fcber den Konferenzraum hinaus, und das Shenzhen Nanshan Jingfeng Hotel bietet au\u00dfergew\u00f6hnliche R\u00e4umlichkeiten f\u00fcr Kundenveranstaltungen und Teambuilding-Ma\u00dfnahmen. <\/span><strong class=\"qwen-markdown-strong\"><span class=\"qwen-markdown-text\">Genting Restaurant im 37. Stock<\/span><\/strong><span class=\"qwen-markdown-text\"> Das Restaurant bietet ein elegantes Ambiente f\u00fcr Gesch\u00e4ftsessen, bei denen F\u00fchrungskr\u00e4fte ihre Kunden mit individuell zubereiteten Men\u00fcs beeindrucken und gleichzeitig den Panoramablick auf die Skyline von Shenzhen genie\u00dfen k\u00f6nnen. F\u00fcr Teambuilding-Aktivit\u00e4ten oder zur Entspannung der Mitarbeiter steht das Restaurant vor Ort zur Verf\u00fcgung. <\/span><strong class=\"qwen-markdown-strong\"><span class=\"qwen-markdown-text\">KTV-Einrichtungen<\/span><\/strong><span class=\"qwen-markdown-text\"> Und <\/span><strong class=\"qwen-markdown-strong\"><span class=\"qwen-markdown-text\">Fitnesscenter<\/span><\/strong><span class=\"qwen-markdown-text\"> Das Hotel bietet hervorragende M\u00f6glichkeiten, den Teamgeist zu st\u00e4rken und nach intensiven Arbeitsphasen zu entspannen. Dank der Ber\u00fccksichtigung verschiedener Ern\u00e4hrungsw\u00fcnsche sind Gesch\u00e4ftsessen f\u00fcr alle internationalen G\u00e4ste gleicherma\u00dfen angenehm und inklusiv. F\u00fcr alle, die lieber w\u00e4hrend des Essens arbeiten m\u00f6chten, steht au\u00dferdem ein Zimmerservice zur Verf\u00fcgung, sodass die Produktivit\u00e4t nicht durch Essenspausen beeintr\u00e4chtigt wird.<\/span><\/div><div class=\"qwen-markdown-space\">\u00a0<\/div><h2 class=\"qwen-markdown-heading\"><span class=\"qwen-markdown-text\">Ideal f\u00fcr l\u00e4ngere Firmeneins\u00e4tze und Umz\u00fcge<\/span><\/h2><div class=\"qwen-markdown-paragraph\"><span class=\"qwen-markdown-text\">F\u00fcr Unternehmen, die Mitarbeiter versetzen oder langfristige Projekte in Shenzhen betreuen, bietet das Hotel <\/span><strong class=\"qwen-markdown-strong\"><span class=\"qwen-markdown-text\">Unterk\u00fcnfte im Apartmentstil<\/span><\/strong><span class=\"qwen-markdown-text\"> bieten eine \u00fcberlegene Alternative zu herk\u00f6mmlichen Leasing- oder Standardhotels. Die Pr\u00e4senz von <\/span><strong class=\"qwen-markdown-strong\"><span class=\"qwen-markdown-text\">komplette K\u00fcchen<\/span><\/strong><span class=\"qwen-markdown-text\"> Die Suiten erm\u00f6glichen es den Mitarbeitern, gesunde Ern\u00e4hrungsgewohnheiten beizubehalten und die Lebenshaltungskosten w\u00e4hrend l\u00e4ngerer Aufenthalte zu reduzieren. <\/span><strong class=\"qwen-markdown-strong\"><span class=\"qwen-markdown-text\">W\u00e4schereieinrichtungen<\/span><\/strong><span class=\"qwen-markdown-text\"> Gro\u00dfz\u00fcgiger Stauraum erleichtert den Aufenthalt \u00fcber Wochen oder Monate. Das Hotel bietet flexible <\/span><strong class=\"qwen-markdown-strong\"><span class=\"qwen-markdown-text\">Tages-, Monats- und Langzeitaufenthaltspakete<\/span><\/strong><span class=\"qwen-markdown-text\">, Wir bieten kosteng\u00fcnstige L\u00f6sungen f\u00fcr Budgets im Bereich Firmenwohnungen. Die sichere Umgebung mit Schlie\u00dff\u00e4chern und 24-Stunden-Sicherheitsdienst gibt Mitarbeitern, die nicht zu Hause wohnen, ein beruhigendes Gef\u00fchl. Diese Kombination aus wohnlichem Komfort und erstklassigem Service reduziert Burnout und steigert die Produktivit\u00e4t von Langzeitentsendungen.<\/span><\/div><div class=\"qwen-markdown-space\">\u00a0<\/div><h2 class=\"qwen-markdown-heading\"><span class=\"qwen-markdown-text\">Verpflichtung zu Gesch\u00e4ftskontinuit\u00e4t und Sicherheit<\/span><\/h2><div class=\"qwen-markdown-paragraph\"><span class=\"qwen-markdown-text\">In der modernen Gesch\u00e4ftswelt sind Sicherheit und Zuverl\u00e4ssigkeit von h\u00f6chster Bedeutung. Das Shenzhen Nanshan Jingfeng Hotel gew\u00e4hrleistet durch strenge Standards die Gesch\u00e4ftskontinuit\u00e4t f\u00fcr seine G\u00e4ste. Das Hotel ist umfassend ausgestattet. <\/span><strong class=\"qwen-markdown-strong\"><span class=\"qwen-markdown-text\">Brandschutzsysteme und Sicherheits\u00fcberwachung<\/span><\/strong><span class=\"qwen-markdown-text\">, zum Schutz des Personals und sensibler Gesch\u00e4ftsunterlagen. <\/span><strong class=\"qwen-markdown-strong\"><span class=\"qwen-markdown-text\">Nichtraucherrichtlinie<\/span><\/strong><span class=\"qwen-markdown-text\"> in allen R\u00e4umen und \u00f6ffentlichen Bereichen wird ein gesundes Umfeld geschaffen, wodurch Krankheitstage reduziert und die Luftqualit\u00e4t f\u00fcr eine optimale kognitive Leistungsf\u00e4higkeit aufrechterhalten wird. <\/span><strong class=\"qwen-markdown-strong\"><span class=\"qwen-markdown-text\">4,8 Sterne<\/span><\/strong><span class=\"qwen-markdown-text\"> Dank seines Rufs f\u00fcr au\u00dfergew\u00f6hnlichen Service garantiert das Hotel ein stabiles und professionelles Umfeld, in dem sich Gesch\u00e4ftsreisende voll und ganz auf ihre Ziele konzentrieren k\u00f6nnen, ohne sich um die Organisation der Unterkunft k\u00fcmmern zu m\u00fcssen.<\/span><\/div><div class=\"qwen-markdown-space\">\u00a0<\/div><h2 class=\"qwen-markdown-heading\"><span class=\"qwen-markdown-text\">Werden Sie Partner des Shenzhen Nanshan Jingfeng Hotels f\u00fcr Ihr n\u00e4chstes Projekt<\/span><\/h2><div class=\"qwen-markdown-paragraph\" data-spm-anchor-id=\"a2ty_o01.29997173.0.i18.51415171bLuhRr\"><span class=\"qwen-markdown-text\">Ob Sie eine hochkar\u00e4tige Konferenz organisieren, ein langfristiges technisches Projekt in Nanshan leiten oder eine repr\u00e4sentative Unterkunft f\u00fcr Ihre F\u00fchrungskr\u00e4fte suchen \u2013 das Shenzhen Nanshan Jingfeng Hotel (Niederlassung Xili University Town) bietet die Infrastruktur und den exzellenten Service, die Sie f\u00fcr Ihren Erfolg ben\u00f6tigen. Dank der strategischen Lage, der modernen Gesch\u00e4ftsausstattung und der komfortablen Wohnr\u00e4ume unterst\u00fctzt dieses Hotel Fachkr\u00e4fte optimal bei der Erreichung ihrer Ziele in Shenzhen. Erleben Sie die perfekte Synergie von Arbeit und Komfort im Shenzhen Nanshan Jingfeng Hotel (Niederlassung Xili University Town). <\/span><strong class=\"qwen-markdown-strong\"><span class=\"qwen-markdown-text\">Turm B, Zhongguan Shidai Plaza, Nr. 4168 Liuxian Avenue<\/span><\/strong><span class=\"qwen-markdown-text\">, Entdecken Sie, warum diese Immobilie die bevorzugte Wahl f\u00fcr die Gesch\u00e4ftselite in Guangdong ist.<\/span><\/div>\t\t\t\t\t\t\t\t<\/div>\n\t\t\t\t\t<\/div>\n\t\t\t\t<\/div>\n\t\t\t\t<\/div>","protected":false},"excerpt":{"rendered":"<p>Elevate Your Corporate Experience at Shenzhen Nanshan Jingfeng Hotel (Xili University Town Branch) A Strategic Hub for Business Excellence in Nanshan For discerning professionals and corporate travelers seeking a competitive edge in Shenzhen&#8217;s dynamic market, the Shenzhen Nanshan Jingfeng Hotel (Xili University Town Branch) stands as a premier destination for business productivity and executive comfort. [&hellip;]<\/p>\n","protected":false},"author":1,"featured_media":0,"parent":0,"menu_order":0,"comment_status":"closed","ping_status":"closed","template":"elementor_header_footer","meta":{"footnotes":""},"class_list":["post-2109","page","type-page","status-publish","hentry","post-no-thumbnail"],"_links":{"self":[{"href":"https:\/\/nanshanjingfenghotel.com\/de\/wp-json\/wp\/v2\/pages\/2109","targetHints":{"allow":["GET"]}}],"collection":[{"href":"https:\/\/nanshanjingfenghotel.com\/de\/wp-json\/wp\/v2\/pages"}],"about":[{"href":"https:\/\/nanshanjingfenghotel.com\/de\/wp-json\/wp\/v2\/types\/page"}],"author":[{"embeddable":true,"href":"https:\/\/nanshanjingfenghotel.com\/de\/wp-json\/wp\/v2\/users\/1"}],"replies":[{"embeddable":true,"href":"https:\/\/nanshanjingfenghotel.com\/de\/wp-json\/wp\/v2\/comments?post=2109"}],"version-history":[{"count":0,"href":"https:\/\/nanshanjingfenghotel.com\/de\/wp-json\/wp\/v2\/pages\/2109\/revisions"}],"wp:attachment":[{"href":"https:\/\/nanshanjingfenghotel.com\/de\/wp-json\/wp\/v2\/media?parent=2109"}],"curies":[{"name":"wp","href":"https:\/\/api.w.org\/{rel}","templated":true}]}}