{"id":612,"date":"2021-03-26T10:04:13","date_gmt":"2021-03-26T10:04:13","guid":{"rendered":"http:\/\/localhost\/nuss\/?page_id=612"},"modified":"2026-03-19T07:59:16","modified_gmt":"2026-03-19T07:59:16","slug":"restaurant","status":"publish","type":"page","link":"https:\/\/nanshanjingfenghotel.com\/de\/restaurant\/","title":{"rendered":"Restaurant"},"content":{"rendered":"<div data-elementor-type=\"wp-page\" data-elementor-id=\"612\" class=\"elementor elementor-612\">\n\t\t\t\t\t\t<section class=\"elementor-section elementor-top-section elementor-element elementor-element-e2effe8 elementor-section-boxed elementor-section-gap-beside-yes elementor-section-height-default elementor-section-height-default elementor-section-column-vertical-align-stretch\" data-id=\"e2effe8\" data-element_type=\"section\" data-e-type=\"section\">\n\t\t\t\t\t\t<div class=\"elementor-container elementor-column-gap-extended\">\n\t\t\t\t\t<div class=\"elementor-column elementor-col-100 elementor-top-column elementor-element elementor-element-e18f688\" data-id=\"e18f688\" data-element_type=\"column\" data-e-type=\"column\">\n\t\t\t<div class=\"elementor-widget-wrap elementor-element-populated\">\n\t\t\t\t\t\t<div class=\"elementor-element elementor-element-6db146d elementor-widget__width-initial elementor-invisible elementor-widget elementor-widget-text-editor\" data-id=\"6db146d\" data-element_type=\"widget\" data-e-type=\"widget\" data-settings=\"{&quot;_animation&quot;:&quot;nussFadeInUp&quot;}\" data-widget_type=\"text-editor.default\">\n\t\t\t\t\t\t\t\t\tKulinarische Exzellenz \u00fcber den Wolken: Speisen im Shenzhen Nanshan Jingfeng Hotel\t\t\t\t\t\t\t\t<\/div>\n\t\t\t\t\t<\/div>\n\t\t<\/div>\n\t\t\t\t\t<\/div>\n\t\t<\/section>\n\t\t<div class=\"elementor-element elementor-element-4432428 e-flex e-con-boxed e-con e-parent\" data-id=\"4432428\" data-element_type=\"container\" data-e-type=\"container\">\n\t\t\t\t\t<div class=\"e-con-inner\">\n\t\t\t\t<div class=\"elementor-element elementor-element-3224a86 elementor-widget elementor-widget-nuss-image-gallery\" data-id=\"3224a86\" data-element_type=\"widget\" data-e-type=\"widget\" data-widget_type=\"nuss-image-gallery.default\">\n\t\t\t\t<div class=\"elementor-widget-container\">\n\t\t\t\t\t\t\t<div class=\"nuss-grid-wrapper\" data-grid=\"{&quot;type&quot;:&quot;grid&quot;,&quot;ratio&quot;:null,&quot;columns&quot;:3,&quot;gutter&quot;:30}\">\r\n\t\t\t<div class=\"nuss-grid lazy-grid\">\r\n\t\t\t\t<div class=\"grid-sizer\"><\/div>\r\n\r\n\t\t\t\t\t\t\t\t\t\t\t\t<div class=\"grid-item\">\r\n\t\t\t\t\t\t<div class=\"nuss-box\">\t\t<div class=\"nuss-image image\">\r\n\t\t\t<img decoding=\"async\"  src=\"https:\/\/nanshanjingfenghotel.com\/wp-content\/uploads\/2026\/03\/Shenzhen-Nanshan-Jingfeng-Hotel-37.webp\" alt=\"Shenzhen Nanshan Jingfeng Hotel (37)\" \/>\t\t<\/div>\r\n\t\t\t\t<\/div>\t\t\t\t\t<\/div>\r\n\t\t\t\t\t\t<div class=\"grid-item\">\r\n\t\t\t\t\t\t<div class=\"nuss-box\">\t\t<div class=\"nuss-image image\">\r\n\t\t\t<img decoding=\"async\"  src=\"https:\/\/nanshanjingfenghotel.com\/wp-content\/uploads\/2026\/03\/Shenzhen-Nanshan-Jingfeng-Hotel-35.webp\" alt=\"Shenzhen Nanshan Jingfeng Hotel (35)\" \/>\t\t<\/div>\r\n\t\t\t\t<\/div>\t\t\t\t\t<\/div>\r\n\t\t\t\t\t\t<div class=\"grid-item\">\r\n\t\t\t\t\t\t<div class=\"nuss-box\">\t\t<div class=\"nuss-image image\">\r\n\t\t\t<img decoding=\"async\"  src=\"https:\/\/nanshanjingfenghotel.com\/wp-content\/uploads\/2026\/03\/Shenzhen-Nanshan-Jingfeng-Hotel-33.webp\" alt=\"Shenzhen Nanshan Jingfeng Hotel (33)\" \/>\t\t<\/div>\r\n\t\t\t\t<\/div>\t\t\t\t\t<\/div>\r\n\t\t\t\t\t\t<div class=\"grid-item\">\r\n\t\t\t\t\t\t<div class=\"nuss-box\">\t\t<div class=\"nuss-image image\">\r\n\t\t\t<img decoding=\"async\"  src=\"https:\/\/nanshanjingfenghotel.com\/wp-content\/uploads\/2026\/03\/Shenzhen-Nanshan-Jingfeng-Hotel-31.webp\" alt=\"Shenzhen Nanshan Jingfeng Hotel (31)\" \/>\t\t<\/div>\r\n\t\t\t\t<\/div>\t\t\t\t\t<\/div>\r\n\t\t\t\t\t\t<div class=\"grid-item\">\r\n\t\t\t\t\t\t<div class=\"nuss-box\">\t\t<div class=\"nuss-image image\">\r\n\t\t\t<img decoding=\"async\"  src=\"https:\/\/nanshanjingfenghotel.com\/wp-content\/uploads\/2026\/03\/Shenzhen-Nanshan-Jingfeng-Hotel-30.webp\" alt=\"Shenzhen Nanshan Jingfeng Hotel (30)\" \/>\t\t<\/div>\r\n\t\t\t\t<\/div>\t\t\t\t\t<\/div>\r\n\t\t\t\t\t\t<div class=\"grid-item\">\r\n\t\t\t\t\t\t<div class=\"nuss-box\">\t\t<div class=\"nuss-image image\">\r\n\t\t\t<img decoding=\"async\"  src=\"https:\/\/nanshanjingfenghotel.com\/wp-content\/uploads\/2026\/03\/Shenzhen-Nanshan-Jingfeng-Hotel-28.webp\" alt=\"Shenzhen Nanshan Jingfeng Hotel (28)\" \/>\t\t<\/div>\r\n\t\t\t\t<\/div>\t\t\t\t\t<\/div>\r\n\t\t\t\t\t\t<div class=\"grid-item\">\r\n\t\t\t\t\t\t<div class=\"nuss-box\">\t\t<div class=\"nuss-image image\">\r\n\t\t\t<img decoding=\"async\"  src=\"https:\/\/nanshanjingfenghotel.com\/wp-content\/uploads\/2026\/03\/Shenzhen-Nanshan-Jingfeng-Hotel-27.webp\" alt=\"Shenzhen Nanshan Jingfeng Hotel (27)\" \/>\t\t<\/div>\r\n\t\t\t\t<\/div>\t\t\t\t\t<\/div>\r\n\t\t\t\t\t\t<div class=\"grid-item\">\r\n\t\t\t\t\t\t<div class=\"nuss-box\">\t\t<div class=\"nuss-image image\">\r\n\t\t\t<img decoding=\"async\"  src=\"https:\/\/nanshanjingfenghotel.com\/wp-content\/uploads\/2026\/03\/Shenzhen-Nanshan-Jingfeng-Hotel-24.webp\" alt=\"Shenzhen Nanshan Jingfeng Hotel (24)\" \/>\t\t<\/div>\r\n\t\t\t\t<\/div>\t\t\t\t\t<\/div>\r\n\t\t\t\t\t\t<div class=\"grid-item\">\r\n\t\t\t\t\t\t<div class=\"nuss-box\">\t\t<div class=\"nuss-image image\">\r\n\t\t\t<img decoding=\"async\"  src=\"https:\/\/nanshanjingfenghotel.com\/wp-content\/uploads\/2026\/03\/Shenzhen-Nanshan-Jingfeng-Hotel-22.webp\" alt=\"Shenzhen Nanshan Jingfeng Hotel (22)\" \/>\t\t<\/div>\r\n\t\t\t\t<\/div>\t\t\t\t\t<\/div>\r\n\t\t\t\t\t\t\t\r\n\t\t\t<\/div>\r\n\t\t<\/div>\r\n\t\t\t\t\t\t<\/div>\n\t\t\t\t<\/div>\n\t\t\t\t\t<\/div>\n\t\t\t\t<\/div>\n\t\t<div class=\"elementor-element elementor-element-f502419 e-flex e-con-boxed e-con e-parent\" data-id=\"f502419\" data-element_type=\"container\" data-e-type=\"container\">\n\t\t\t\t\t<div class=\"e-con-inner\">\n\t\t\t\t<div class=\"elementor-element elementor-element-3ed7508 elementor-widget elementor-widget-text-editor\" data-id=\"3ed7508\" data-element_type=\"widget\" data-e-type=\"widget\" data-widget_type=\"text-editor.default\">\n\t\t\t\t\t\t\t\t\t<h2 class=\"qwen-markdown-heading\"><span class=\"qwen-markdown-text\">Eine kulinarische Reise im Herzen von Nanshan<\/span><\/h2><div class=\"qwen-markdown-paragraph\"><span class=\"qwen-markdown-text\">Essen im <\/span><strong class=\"qwen-markdown-strong\"><span class=\"qwen-markdown-text\">Shenzhen Nanshan Jingfeng Hotel (Filiale der Universit\u00e4tsstadt Xili)<\/span><\/strong><span class=\"qwen-markdown-text\"> ist ein Erlebnis, das weit \u00fcber die blo\u00dfe Nahrungsaufnahme hinausgeht und sich zu einer unvergesslichen kulinarischen Reise vor der atemberaubenden Kulisse der Skyline von Shenzhen entwickelt. Gelegen in <\/span><strong class=\"qwen-markdown-strong\"><span class=\"qwen-markdown-text\">Turm B, Zhongguan Shidai Plaza, Nr. 4168 Liuxian Avenue, Bezirk Nanshan, Shenzhen, Guangdong, China<\/span><\/strong><span class=\"qwen-markdown-text\">, Unser Hotelrestaurant bietet Ihnen die einzigartige Gelegenheit, exquisite Aromen in einem stilvollen und komfortablen Ambiente zu genie\u00dfen. Ob Sie als Gesch\u00e4ftsreisender einen Ort f\u00fcr die Bewirtung Ihrer Kunden suchen, als Familie nach einem erlebnisreichen Tag eine unkomplizierte Mahlzeit w\u00fcnschen oder als Langzeitgast die Flexibilit\u00e4t hausgemachter Speisen sch\u00e4tzen \u2013 unsere Gastronomie ist darauf ausgerichtet, jeden Gaumen und jede Vorliebe mit unvergleichlicher Qualit\u00e4t und erstklassigem Service zu verw\u00f6hnen.<\/span><\/div><div class=\"qwen-markdown-space\">\u00a0<\/div><h2 class=\"qwen-markdown-heading\"><span class=\"qwen-markdown-text\">Das Genting Restaurant: Speisen hoch \u00fcber den D\u00e4chern der Stadt mit Panoramablick<\/span><\/h2><div class=\"qwen-markdown-paragraph\"><span class=\"qwen-markdown-text\">Das Kronjuwel unseres kulinarischen Angebots ist das renommierte <\/span><strong class=\"qwen-markdown-strong\"><span class=\"qwen-markdown-text\">Genting Restaurant<\/span><\/strong><span class=\"qwen-markdown-text\">, gelegen auf <\/span><strong class=\"qwen-markdown-strong\"><span class=\"qwen-markdown-text\">37. Stockwerk<\/span><\/strong><span class=\"qwen-markdown-text\"> Das Restaurant Genting im Hotel bietet seinen G\u00e4sten mehr als nur eine Mahlzeit: einen atemberaubenden Panoramablick \u00fcber das pulsierende Nanshan-Viertel, inklusive des weitl\u00e4ufigen Tanglang-Berges und der glitzernden Skyline der Stadt bei Nacht. Das Ambiente ist sorgf\u00e4ltig gestaltet und vereint moderne Eleganz mit herzlicher Gastfreundschaft \u2013 der ideale Ort f\u00fcr romantische Dinner und wichtige Gesch\u00e4ftstreffen. W\u00e4hrend Sie Ihr Essen genie\u00dfen, lassen die bodentiefen Fenster tags\u00fcber nat\u00fcrliches Licht herein und verwandeln sich abends in ein Lichtermeer der Stadt. So entsteht ein dynamisches Ambiente, das sich mit den Stunden wandelt. Das Genting Restaurant hat sich innerhalb der Universit\u00e4tsstadt Xili schnell zu einem beliebten Ziel entwickelt und zieht sowohl Hotelg\u00e4ste als auch einheimische Feinschmecker an, die die Kombination aus H\u00f6henlage, Aussicht und kulinarischer Kunst zu sch\u00e4tzen wissen.<\/span><\/div><div class=\"qwen-markdown-space\">\u00a0<\/div><h2 class=\"qwen-markdown-heading\"><span class=\"qwen-markdown-text\">Authentische lokale K\u00fcche und individuell gestaltete Privatgerichte<\/span><\/h2><div class=\"qwen-markdown-paragraph\"><span class=\"qwen-markdown-text\">Im Mittelpunkt unserer Speisekarte steht das Bekenntnis zu <\/span><strong class=\"qwen-markdown-strong\"><span class=\"qwen-markdown-text\">authentische lokale K\u00fcche<\/span><\/strong><span class=\"qwen-markdown-text\"> Das Restaurant zelebriert das reiche kulinarische Erbe von Shenzhen und der Provinz Guangdong. Unsere K\u00fcchenchefs w\u00e4hlen sorgf\u00e4ltig frische, hochwertige Zutaten von lokalen M\u00e4rkten aus, um sicherzustellen, dass jedes Gericht voller Geschmack und Frische ist. G\u00e4ste k\u00f6nnen eine Vielzahl regionaler Spezialit\u00e4ten genie\u00dfen, von delikaten Dim Sum bis hin zu herzhaften kantonesischen Klassikern, die alle nach traditionellen Techniken mit einem modernen Touch zubereitet werden. F\u00fcr diejenigen, die ein exklusiveres Erlebnis suchen, bietet das Restaurant spezialisierte Gerichte an. <\/span><strong class=\"qwen-markdown-strong\"><span class=\"qwen-markdown-text\">individuell gestaltete private Gerichte<\/span><\/strong><span class=\"qwen-markdown-text\">. Ob Sie spezielle Ern\u00e4hrungsw\u00fcnsche haben, einen besonderen Anlass feiern oder ein Firmenbankett ausrichten \u2013 unser K\u00fcchenteam arbeitet eng mit Ihnen zusammen, um individuelle Men\u00fcs zu kreieren, die Ihre Erwartungen \u00fcbertreffen. Diese Flexibilit\u00e4t garantiert, dass jedes kulinarische Erlebnis auf die individuellen Bed\u00fcrfnisse und Vorlieben unserer G\u00e4ste zugeschnitten ist und jede Mahlzeit zu einem einzigartigen und unvergesslichen Ereignis wird.<\/span><\/div><div class=\"qwen-markdown-space\">\u00a0<\/div><h2 class=\"qwen-markdown-heading\"><span class=\"qwen-markdown-text\">Flexible Speisem\u00f6glichkeiten f\u00fcr jeden Lebensstil<\/span><\/h2><div class=\"qwen-markdown-paragraph\"><span class=\"qwen-markdown-text\">Das Shenzhen Nanshan Jingfeng Hotel ist sich bewusst, dass moderne Reisende unterschiedliche Zeitpl\u00e4ne und Vorlieben haben und bietet daher neben dem Hauptrestaurant eine Vielzahl an gastronomischen Angeboten. F\u00fcr G\u00e4ste, die die Privatsph\u00e4re und den Komfort ihrer Unterkunft bevorzugen, bietet unser Hotel <\/span><strong class=\"qwen-markdown-strong\"><span class=\"qwen-markdown-text\">24-Stunden-Zimmerservice<\/span><\/strong><span class=\"qwen-markdown-text\"> Wir bringen Ihnen das volle Restaurant-Erlebnis direkt aufs Zimmer. Ob Sie ein schnelles Fr\u00fchst\u00fcck vor einem fr\u00fchen Meeting, ein gesundes Mittagessen w\u00e4hrend der Arbeit oder ein entspanntes Abendessen nach einem langen Tag ben\u00f6tigen \u2013 unsere Zimmerservice-Karte bietet eine gro\u00dfe Auswahl an warmen und kalten Speisen, die Ihnen schnell und professionell geliefert werden. Dar\u00fcber hinaus bietet das Hotel, speziell f\u00fcr Langzeitg\u00e4ste und Familien, Zugang zu einem <\/span><strong class=\"qwen-markdown-strong\"><span class=\"qwen-markdown-text\">Gemeinschaftsk\u00fcche<\/span><\/strong><span class=\"qwen-markdown-text\">. Diese einzigartige Annehmlichkeit erm\u00f6glicht es G\u00e4sten, die ihre Mahlzeiten lieber selbst zubereiten, dies unkompliziert zu tun und bietet eine kosteng\u00fcnstige und gem\u00fctliche Option f\u00fcr alle, die spezielle Ern\u00e4hrungsbed\u00fcrfnisse haben oder einfach den entspannenden Prozess des Kochens auf Reisen genie\u00dfen m\u00f6chten. Diese Kombination aus vollem Serviceangebot und der Flexibilit\u00e4t der Selbstverpflegung macht unser Hotel zu einer wirklich vielseitigen Unterkunftsm\u00f6glichkeit.<\/span><\/div><div class=\"qwen-markdown-space\">\u00a0<\/div><h2 class=\"qwen-markdown-heading\"><span class=\"qwen-markdown-text\">Idealer Veranstaltungsort f\u00fcr Gesch\u00e4ftsessen und gesellschaftliche Zusammenk\u00fcnfte<\/span><\/h2><div class=\"qwen-markdown-paragraph\"><span class=\"qwen-markdown-text\">Die Speiseeinrichtungen im Shenzhen Nanshan Jingfeng Hotel sind perfekt geeignet f\u00fcr <\/span><strong class=\"qwen-markdown-strong\"><span class=\"qwen-markdown-text\">Gesch\u00e4ftsunterhaltung und Firmenveranstaltungen<\/span><\/strong><span class=\"qwen-markdown-text\">. Die privaten Speiser\u00e4ume des Genting Restaurants bieten ein abgeschiedenes Ambiente f\u00fcr vertrauliche Gespr\u00e4che bei exquisiten Speisen. Unser professionelles Servicepersonal ist darauf geschult, Firmenveranstaltungen diskret und effizient auszurichten und sorgt so f\u00fcr einen reibungslosen Ablauf von Gesch\u00e4ftsessen und -dinners. F\u00fcr Teambuilding-Aktivit\u00e4ten oder ungezwungene Treffen bieten die gro\u00dfz\u00fcgigen Sitzbereiche und die KTV-Einrichtungen auf derselben Etage eine hervorragende Gelegenheit f\u00fcr Kollegen, sich bei gutem Essen und Unterhaltung auszutauschen. Die N\u00e4he zu wichtigen Gesch\u00e4ftszentren im Bezirk Nanshan macht das Restaurant zum idealen Standort f\u00fcr Kunden, die die nahegelegenen Technologieparks oder die Universit\u00e4tsstadt besuchen. Durch die Kombination von hochwertigen Speisen und einem professionellen Ambiente tragen wir dazu bei, dass unsere G\u00e4ste bei ihren Gesch\u00e4ftspartnern einen bleibenden Eindruck hinterlassen.<\/span><\/div><div class=\"qwen-markdown-space\">\u00a0<\/div><h2 class=\"qwen-markdown-heading\"><span class=\"qwen-markdown-text\">Kulinarische Umgebung und Komfort<\/span><\/h2><div class=\"qwen-markdown-paragraph\"><span class=\"qwen-markdown-text\">Das hoteleigene gastronomische Angebot ist zwar umfangreich, doch profitieren die G\u00e4ste auch von der lebendigen kulinarischen Szene der Umgebung. <\/span><strong class=\"qwen-markdown-strong\"><span class=\"qwen-markdown-text\">Zhongguan Shidai Plaza<\/span><\/strong><span class=\"qwen-markdown-text\">. Das angrenzende <\/span><strong class=\"qwen-markdown-strong\"><span class=\"qwen-markdown-text\">Yitian Holiday Mall<\/span><\/strong><span class=\"qwen-markdown-text\"> Das Hotel bietet eine F\u00fclle zus\u00e4tzlicher gastronomischer M\u00f6glichkeiten, von internationalen Fast-Food-Ketten \u00fcber Spezialit\u00e4tenkaffees bis hin zu vielf\u00e4ltigen regionalen K\u00fcchen. Dank dieser unmittelbaren N\u00e4he zu externen Restaurants haben G\u00e4ste stets eine gro\u00dfe Auswahl an kulinarischen Gen\u00fcssen. Viele kehren jedoch aufgrund der Bequemlichkeit, der hohen Qualit\u00e4t und des au\u00dfergew\u00f6hnlichen Service, die das Jingfeng-Erlebnis auszeichnen, immer wieder gerne ins Hotelrestaurant zur\u00fcck. Die Lage am <\/span><strong class=\"qwen-markdown-strong\"><span class=\"qwen-markdown-text\">Liuxian Avenue<\/span><\/strong><span class=\"qwen-markdown-text\"> Sie befinden sich inmitten eines pulsierenden Viertels, und dennoch bietet das Hotelrestaurant einen ruhigen R\u00fcckzugsort zum Entspannen, ohne weit reisen zu m\u00fcssen. Ob Sie die lokale Gastronomieszene erkunden oder den Komfort des Hotels genie\u00dfen m\u00f6chten \u2013 Sie wohnen in einem der kulinarisch vielf\u00e4ltigsten Viertel Shenzhens.<\/span><\/div><div class=\"qwen-markdown-space\">\u00a0<\/div><h2 class=\"qwen-markdown-heading\"><span class=\"qwen-markdown-text\">Verpflichtung zu Sicherheit, Hygiene und Qualit\u00e4t<\/span><\/h2><div class=\"qwen-markdown-paragraph\"><span class=\"qwen-markdown-text\">Im heutigen Reiseumfeld haben Sicherheit und Hygiene f\u00fcr Restaurantbesucher h\u00f6chste Priorit\u00e4t. Das Shenzhen Nanshan Jingfeng Hotel h\u00e4lt sich an strenge Hygienevorschriften. <\/span><strong class=\"qwen-markdown-strong\"><span class=\"qwen-markdown-text\">Lebensmittelsicherheits- und Hygienestandards<\/span><\/strong><span class=\"qwen-markdown-text\"> In allen Speisebereichen achten wir streng auf Hygiene. Unser K\u00fcchenpersonal h\u00e4lt sich strikt an die geltenden Hygienevorschriften und gew\u00e4hrleistet so, dass alle Speisen unter hygienischen Bedingungen zubereitet, gelagert und serviert werden. Die Restaurantbereiche werden regelm\u00e4\u00dfig desinfiziert, und die Tische sind so angeordnet, dass unsere G\u00e4ste einen komfortablen und sicheren Abstand genie\u00dfen k\u00f6nnen. Wir wissen, wie wichtig ein gutes Gef\u00fchl beim Essen ist. Deshalb setzt sich unser Team mit vollem Engagement f\u00fcr Transparenz und h\u00f6chste Hygienestandards ein. Von der Frische der Zutaten bis zur Sauberkeit des Bestecks \u2013 jedes Detail wird \u00fcberwacht, damit unsere G\u00e4ste unbesorgt speisen k\u00f6nnen. Dieses Engagement f\u00fcr Sicherheit erg\u00e4nzt unsere Leidenschaft f\u00fcr Geschmack und schafft so ein ganzheitliches kulinarisches Erlebnis, bei dem das Wohlbefinden unserer G\u00e4ste im Mittelpunkt steht.<\/span><\/div><div class=\"qwen-markdown-space\">\u00a0<\/div><h2 class=\"qwen-markdown-heading\"><span class=\"qwen-markdown-text\">Ein Vorgeschmack auf die Gastfreundschaft von Shenzhen<\/span><\/h2><div class=\"qwen-markdown-paragraph\"><span class=\"qwen-markdown-text\">Letztendlich geht es beim Speisen im Shenzhen Nanshan Jingfeng Hotel darum, die herzliche Gastfreundschaft Shenzhens durch die K\u00fcche zu erleben. Unsere Mitarbeiter sind aufmerksam, kompetent und zuvorkommend geschult, damit sich jeder Gast wertgesch\u00e4tzt und gut betreut f\u00fchlt. Ob Sie ein ruhiges Fr\u00fchst\u00fcck mit Blick auf den Morgennebel \u00fcber dem Tanglang-Berg genie\u00dfen, ein geselliges Abendessen mit Freunden veranstalten oder sich zwischen Meetings schnell etwas zu essen holen m\u00f6chten \u2013 unser Team ist f\u00fcr Sie da, um Ihren Aufenthalt zu einem unvergesslichen Erlebnis zu machen. Wir glauben, dass Essen eine universelle Sprache ist, die Menschen verbindet, und unser Restaurant dient als Treffpunkt, an dem Geschichten ausgetauscht und Erinnerungen geschaffen werden. Die Kombination aus strategischer Lage am <\/span><strong class=\"qwen-markdown-strong\"><span class=\"qwen-markdown-text\">Nr. 4168 Liuxian Avenue<\/span><\/strong><span class=\"qwen-markdown-text\">, Erstklassige Annehmlichkeiten und kulinarische Exzellenz machen unser Restaurant zu einem herausragenden Merkmal des Hotels.<\/span><\/div><div class=\"qwen-markdown-space\">\u00a0<\/div><h2 class=\"qwen-markdown-heading\"><span class=\"qwen-markdown-text\">Reservieren Sie noch heute Ihren Tisch!<\/span><\/h2><div class=\"qwen-markdown-paragraph\" data-spm-anchor-id=\"a2ty_o01.29997173.0.i7.51415171bLuhRr\"><span class=\"qwen-markdown-text\">Wir laden Sie ein, die au\u00dfergew\u00f6hnlichen kulinarischen Angebote im [Name des Hotels\/der Location] zu entdecken. <\/span><strong class=\"qwen-markdown-strong\"><span class=\"qwen-markdown-text\">Shenzhen Nanshan Jingfeng Hotel (Filiale der Universit\u00e4tsstadt Xili)<\/span><\/strong><span class=\"qwen-markdown-text\">. Ob Sie bei uns \u00fcbernachten oder speziell zum Essen kommen \u2013 das Genting Restaurant und unser umfassendes gastronomisches Angebot versprechen Ihnen ein unvergessliches Erlebnis. Genie\u00dfen Sie in der 37. Etage die Aromen Shenzhens und den atemberaubenden Ausblick auf diese dynamische Stadt. F\u00fcr Reservierungen, spezielle Men\u00fcw\u00fcnsche oder weitere Informationen zu unseren gastronomischen Angeboten steht Ihnen unser Concierge-Team gerne zur Verf\u00fcgung. Erleben Sie die perfekte Kombination aus Lage, Luxus und Genuss im Genting Restaurant. <\/span><strong class=\"qwen-markdown-strong\"><span class=\"qwen-markdown-text\">Turm B, Zhongguan Shidai Plaza<\/span><\/strong><span class=\"qwen-markdown-text\">, Lassen Sie uns Ihr kulinarisches Erlebnis im Bezirk Nanshan zu einem wahrhaft au\u00dfergew\u00f6hnlichen Erlebnis machen.<\/span><\/div>\t\t\t\t\t\t\t\t<\/div>\n\t\t\t\t\t<\/div>\n\t\t\t\t<\/div>\n\t\t\t\t<\/div>","protected":false},"excerpt":{"rendered":"<p>Culinary Excellence Above the Clouds: Dining at Shenzhen Nanshan Jingfeng Hotel A Gastronomic Journey in the Heart of Nanshan Dining at the Shenzhen Nanshan Jingfeng Hotel (Xili University Town Branch) is an experience that transcends mere sustenance, evolving into a memorable culinary journey set against the backdrop of Shenzhen&#8217;s breathtaking skyline. Located at Tower B, [&hellip;]<\/p>\n","protected":false},"author":1,"featured_media":0,"parent":0,"menu_order":0,"comment_status":"closed","ping_status":"closed","template":"elementor_header_footer","meta":{"footnotes":""},"class_list":["post-612","page","type-page","status-publish","hentry","post-no-thumbnail"],"_links":{"self":[{"href":"https:\/\/nanshanjingfenghotel.com\/de\/wp-json\/wp\/v2\/pages\/612","targetHints":{"allow":["GET"]}}],"collection":[{"href":"https:\/\/nanshanjingfenghotel.com\/de\/wp-json\/wp\/v2\/pages"}],"about":[{"href":"https:\/\/nanshanjingfenghotel.com\/de\/wp-json\/wp\/v2\/types\/page"}],"author":[{"embeddable":true,"href":"https:\/\/nanshanjingfenghotel.com\/de\/wp-json\/wp\/v2\/users\/1"}],"replies":[{"embeddable":true,"href":"https:\/\/nanshanjingfenghotel.com\/de\/wp-json\/wp\/v2\/comments?post=612"}],"version-history":[{"count":0,"href":"https:\/\/nanshanjingfenghotel.com\/de\/wp-json\/wp\/v2\/pages\/612\/revisions"}],"wp:attachment":[{"href":"https:\/\/nanshanjingfenghotel.com\/de\/wp-json\/wp\/v2\/media?parent=612"}],"curies":[{"name":"wp","href":"https:\/\/api.w.org\/{rel}","templated":true}]}}