{"id":2104,"date":"2021-03-23T09:33:48","date_gmt":"2021-03-23T09:33:48","guid":{"rendered":"http:\/\/localhost\/nuss\/?page_id=167"},"modified":"2026-03-19T07:59:07","modified_gmt":"2026-03-19T07:59:07","slug":"nuestra-historia","status":"publish","type":"page","link":"https:\/\/nanshanjingfenghotel.com\/es\/our-story\/","title":{"rendered":"Nuestra historia"},"content":{"rendered":"<div data-elementor-type=\"wp-page\" data-elementor-id=\"2104\" class=\"elementor elementor-2104\">\n\t\t\t\t\t\t<section class=\"elementor-section elementor-top-section elementor-element elementor-element-8f5bb9d elementor-section-boxed elementor-section-gap-beside-yes elementor-section-height-default elementor-section-height-default elementor-section-column-vertical-align-stretch\" data-id=\"8f5bb9d\" data-element_type=\"section\" data-e-type=\"section\">\n\t\t\t\t\t\t<div class=\"elementor-container elementor-column-gap-extended\">\n\t\t\t\t\t<div class=\"elementor-column elementor-col-100 elementor-top-column elementor-element elementor-element-7ec4215\" data-id=\"7ec4215\" data-element_type=\"column\" data-e-type=\"column\">\n\t\t\t<div class=\"elementor-widget-wrap elementor-element-populated\">\n\t\t\t\t\t\t<div class=\"elementor-element elementor-element-edd9d03 elementor-widget__width-initial elementor-invisible elementor-widget elementor-widget-text-editor\" data-id=\"edd9d03\" data-element_type=\"widget\" data-e-type=\"widget\" data-settings=\"{&quot;_animation&quot;:&quot;nussFadeInUp&quot;}\" data-widget_type=\"text-editor.default\">\n\t\t\t\t\t\t\t\t\tShenzhen Nanshan Jingfeng Hotel (sucursal de la ciudad universitaria de Xili)\t\t\t\t\t\t\t\t<\/div>\n\t\t\t\t\t<\/div>\n\t\t<\/div>\n\t\t\t\t\t<\/div>\n\t\t<\/section>\n\t\t<div class=\"elementor-element elementor-element-c73117a e-flex e-con-boxed e-con e-parent\" data-id=\"c73117a\" data-element_type=\"container\" data-e-type=\"container\">\n\t\t\t\t\t<div class=\"e-con-inner\">\n\t\t\t\t<div class=\"elementor-element elementor-element-517929b elementor-widget elementor-widget-text-editor\" data-id=\"517929b\" data-element_type=\"widget\" data-e-type=\"widget\" data-widget_type=\"text-editor.default\">\n\t\t\t\t\t\t\t\t\t<h3 class=\"qwen-markdown-heading\"><span class=\"qwen-markdown-text\">Una visi\u00f3n nacida de la innovaci\u00f3n y la hospitalidad.<\/span><\/h3><div class=\"qwen-markdown-paragraph\"><span class=\"qwen-markdown-text\">La historia de <\/span><strong class=\"qwen-markdown-strong\"><span class=\"qwen-markdown-text\">Shenzhen Nanshan Jingfeng Hotel (sucursal de la ciudad universitaria de Xili)<\/span><\/strong><span class=\"qwen-markdown-text\"> Comienza con una visi\u00f3n simple pero poderosa: redefinir la hospitalidad urbana creando un espacio donde convergen la comodidad, la conveniencia y la comunidad. Establecida en <\/span><strong class=\"qwen-markdown-strong\"><span class=\"qwen-markdown-text\">2020<\/span><\/strong><span class=\"qwen-markdown-text\">, Nuestro hotel surgi\u00f3 durante un per\u00edodo de transformaci\u00f3n para Shenzhen, una ciudad conocida mundialmente como un faro de innovaci\u00f3n, tecnolog\u00eda y r\u00e1pido desarrollo. Ubicado en <\/span><strong class=\"qwen-markdown-strong\"><span class=\"qwen-markdown-text\">Torre B, Zhongguan Shidai Plaza, No. 4168 Liuxian Avenue, distrito de Nanshan, Shenzhen, Guangdong, China<\/span><\/strong><span class=\"qwen-markdown-text\">, Nos propusimos crear algo m\u00e1s que un simple lugar para alojarse: quer\u00edamos construir un hogar lejos del hogar para viajeros de todos los rincones del mundo.<\/span><\/div><div class=\"qwen-markdown-space\">\u00a0<\/div><h3 class=\"qwen-markdown-heading\"><span class=\"qwen-markdown-text\">El coraz\u00f3n de la ciudad universitaria<\/span><\/h3><div class=\"qwen-markdown-paragraph\"><span class=\"qwen-markdown-text\">Nuestra ubicaci\u00f3n en el <\/span><strong class=\"qwen-markdown-strong\"><span class=\"qwen-markdown-text\">Ciudad universitaria de Xili<\/span><\/strong><span class=\"qwen-markdown-text\"> Esta zona no es simplemente una elecci\u00f3n geogr\u00e1fica; es una parte fundamental de nuestra identidad. Rodeada de prestigiosas instituciones, entre ellas: <\/span><strong class=\"qwen-markdown-strong\"><span class=\"qwen-markdown-text\">Universidad de Tsinghua, Universidad de Pek\u00edn e Instituto Tecnol\u00f3gico de Harbin (Shenzhen)<\/span><\/strong><span class=\"qwen-markdown-text\">, Nuestro hotel se ubica en la intersecci\u00f3n de la excelencia acad\u00e9mica y la sofisticaci\u00f3n urbana. Esta ubicaci\u00f3n privilegiada ha moldeado nuestra cultura, atrayendo a una clientela diversa compuesta por ejecutivos, visitantes acad\u00e9micos, familias y hu\u00e9spedes de larga estancia que buscan una experiencia de alojamiento que combine profesionalismo y comodidad personal.<\/span><\/div><div class=\"qwen-markdown-space\">\u00a0<\/div><div class=\"qwen-markdown-paragraph\"><span class=\"qwen-markdown-text\">El distrito de Nanshan es conocido como el centro tecnol\u00f3gico y de innovaci\u00f3n de Shenzhen, sede de innumerables empresas emergentes, corporaciones multinacionales e instalaciones de investigaci\u00f3n. Al establecer nuestra presencia aqu\u00ed, nos comprometemos a satisfacer las necesidades de los viajeros modernos que buscan flexibilidad, fiabilidad y calidad en sus opciones de alojamiento.<\/span><\/div><div class=\"qwen-markdown-space\">\u00a0<\/div><h3 class=\"qwen-markdown-heading\"><span class=\"qwen-markdown-text\">Nuestra filosof\u00eda fundacional<\/span><\/h3><div class=\"qwen-markdown-paragraph\"><span class=\"qwen-markdown-text\">Desde el principio, los fundadores del Hotel Jingfeng reconocieron una brecha en el mercado de <\/span><strong class=\"qwen-markdown-strong\"><span class=\"qwen-markdown-text\">hospitalidad estilo apartamento<\/span><\/strong><span class=\"qwen-markdown-text\"> que combina las comodidades de un hotel de lujo con la practicidad de una estancia prolongada. Los hoteles tradicionales a menudo no satisfacen las necesidades de los hu\u00e9spedes que se alojan varias noches o semanas, mientras que los apartamentos con servicios suelen carecer de los est\u00e1ndares de servicio y las comodidades que esperan los viajeros exigentes. Nuestra soluci\u00f3n fue salvar esta brecha, creando un modelo de alojamiento h\u00edbrido que ofrece lo mejor de ambos mundos.<\/span><\/div><div class=\"qwen-markdown-space\">\u00a0<\/div><div class=\"qwen-markdown-paragraph\"><span class=\"qwen-markdown-text\">Esta filosof\u00eda se refleja en cada aspecto de nuestra propiedad. Cada habitaci\u00f3n cuenta con: <\/span><strong class=\"qwen-markdown-strong\"><span class=\"qwen-markdown-text\">Cocina completa<\/span><\/strong><span class=\"qwen-markdown-text\">, <\/span><strong class=\"qwen-markdown-strong\"><span class=\"qwen-markdown-text\">lavadoras en la habitaci\u00f3n<\/span><\/strong><span class=\"qwen-markdown-text\">, y dise\u00f1os espaciosos que permiten a los hu\u00e9spedes vivir c\u00f3modamente durante su estancia. Al mismo tiempo, mantenemos <\/span><strong class=\"qwen-markdown-strong\"><span class=\"qwen-markdown-text\">est\u00e1ndares de servicio de cinco estrellas<\/span><\/strong><span class=\"qwen-markdown-text\">, que incluyen servicio de conserjer\u00eda las 24 horas, limpieza diaria, centros de negocios y opciones gastron\u00f3micas de primera calidad que elevan la experiencia de los hu\u00e9spedes m\u00e1s all\u00e1 de lo que pueden ofrecer los alquileres de apartamentos t\u00edpicos.<\/span><\/div><div class=\"qwen-markdown-space\">\u00a0<\/div><h3 class=\"qwen-markdown-heading\"><span class=\"qwen-markdown-text\">Nuestra misi\u00f3n: Comodidad sin concesiones<\/span><\/h3><div class=\"qwen-markdown-paragraph\"><span class=\"qwen-markdown-text\">En el centro de nuestras operaciones se encuentra una misi\u00f3n simple pero profunda: <\/span><strong class=\"qwen-markdown-strong\"><span class=\"qwen-markdown-text\">Brindar a cada hu\u00e9sped una experiencia de estad\u00eda excepcional que supere las expectativas.<\/span><\/strong><span class=\"qwen-markdown-text\">. Creemos que viajar debe ser enriquecedor, c\u00f3modo y sin estr\u00e9s, independientemente de si la estancia es de una sola noche o de varios meses. Nuestro equipo trabaja incansablemente para garantizar que cada interacci\u00f3n, desde el registro de entrada hasta la salida, refleje nuestro compromiso con la excelencia.<\/span><\/div><div class=\"qwen-markdown-space\">\u00a0<\/div><div class=\"qwen-markdown-paragraph\"><span class=\"qwen-markdown-text\">Esta misi\u00f3n impulsa nuestra inversi\u00f3n continua en instalaciones, tecnolog\u00eda y capacitaci\u00f3n del personal. Actualizamos regularmente nuestras comodidades en funci\u00f3n de los comentarios de los hu\u00e9spedes, implementamos soluciones innovadoras como nuestra <\/span><strong class=\"qwen-markdown-strong\"><span class=\"qwen-markdown-text\">tecnolog\u00eda de robots de servicio<\/span><\/strong><span class=\"qwen-markdown-text\">, y mantener rigurosos est\u00e1ndares de limpieza y seguridad que nos han hecho merecedores de un <\/span><strong class=\"qwen-markdown-strong\"><span class=\"qwen-markdown-text\">Calificaci\u00f3n de 4,8 estrellas<\/span><\/strong><span class=\"qwen-markdown-text\"> y miles de rese\u00f1as positivas de hu\u00e9spedes satisfechos.<\/span><\/div><div class=\"qwen-markdown-space\">\u00a0<\/div><h3 class=\"qwen-markdown-heading\"><span class=\"qwen-markdown-text\">Valores fundamentales que nos gu\u00edan<\/span><\/h3><div class=\"qwen-markdown-paragraph\"><span class=\"qwen-markdown-text\">Nuestras operaciones diarias se rigen por cinco valores fundamentales que definen la experiencia del Hotel Jingfeng:<\/span><\/div><div class=\"qwen-markdown-space\">\u00a0<\/div><div class=\"qwen-markdown-paragraph\"><strong class=\"qwen-markdown-strong\"><span class=\"qwen-markdown-text\">Excelencia:<\/span><\/strong><span class=\"qwen-markdown-text\"> Buscamos la perfecci\u00f3n en cada detalle, desde la calidad de nuestros colchones Airland y los accesorios de ba\u00f1o Toto hasta la eficiencia de nuestro equipo de conserjer\u00eda. Nada es insignificante cuando se trata de la satisfacci\u00f3n de nuestros hu\u00e9spedes.<\/span><\/div><div class=\"qwen-markdown-space\">\u00a0<\/div><div class=\"qwen-markdown-paragraph\"><strong class=\"qwen-markdown-strong\"><span class=\"qwen-markdown-text\">Innovaci\u00f3n:<\/span><\/strong><span class=\"qwen-markdown-text\"> Inspir\u00e1ndonos en el esp\u00edritu de avance tecnol\u00f3gico de Shenzhen, exploramos continuamente nuevas formas de mejorar la experiencia de nuestros hu\u00e9spedes mediante funciones inteligentes en las habitaciones, servicios digitales y comodidades modernas.<\/span><\/div><div class=\"qwen-markdown-space\">\u00a0<\/div><div class=\"qwen-markdown-paragraph\"><strong class=\"qwen-markdown-strong\"><span class=\"qwen-markdown-text\">Hospitalidad:<\/span><\/strong><span class=\"qwen-markdown-text\"> Nuestro servicio se distingue por una calidez genuina y una atenci\u00f3n personalizada. Tratamos a cada hu\u00e9sped como un individuo con necesidades, preferencias y expectativas \u00fanicas.<\/span><\/div><div class=\"qwen-markdown-space\">\u00a0<\/div><div class=\"qwen-markdown-paragraph\"><strong class=\"qwen-markdown-strong\"><span class=\"qwen-markdown-text\">Integridad:<\/span><\/strong><span class=\"qwen-markdown-text\"> La transparencia en los precios, la honestidad en la comunicaci\u00f3n y la fiabilidad en la prestaci\u00f3n del servicio generan la confianza que constituye la base de relaciones duraderas con los hu\u00e9spedes.<\/span><\/div><div class=\"qwen-markdown-space\">\u00a0<\/div><div class=\"qwen-markdown-paragraph\"><strong class=\"qwen-markdown-strong\"><span class=\"qwen-markdown-text\">Comunidad:<\/span><\/strong><span class=\"qwen-markdown-text\"> Reconocemos nuestro papel como parte de la comunidad m\u00e1s amplia del distrito de Nanshan y nos esforzamos por contribuir positivamente a trav\u00e9s de asociaciones locales, oportunidades de empleo y pr\u00e1cticas sostenibles.<\/span><\/div><div class=\"qwen-markdown-space\">\u00a0<\/div><h3 class=\"qwen-markdown-heading\"><span class=\"qwen-markdown-text\">El viaje del crecimiento<\/span><\/h3><div class=\"qwen-markdown-paragraph\"><span class=\"qwen-markdown-text\">Desde su apertura en 2020, el Shenzhen Nanshan Jingfeng Hotel ha experimentado un crecimiento notable impulsado por las recomendaciones de boca en boca y los altos \u00edndices de satisfacci\u00f3n de los hu\u00e9spedes. Lo que comenz\u00f3 como una sola propiedad se ha convertido en un nombre reconocido en el panorama hotelero de Shenzhen, con m\u00e1s de <\/span><strong class=\"qwen-markdown-strong\"><span class=\"qwen-markdown-text\">10.000 rese\u00f1as de hu\u00e9spedes<\/span><\/strong><span class=\"qwen-markdown-text\"> Documentando las experiencias positivas de viajeros de todo el mundo.<\/span><\/div><div class=\"qwen-markdown-space\">\u00a0<\/div><div class=\"qwen-markdown-paragraph\"><span class=\"qwen-markdown-text\">Nuestro camino no ha estado exento de desaf\u00edos. La pandemia mundial puso a prueba la resiliencia del sector hotelero, pero nuestro compromiso con la seguridad, la flexibilidad y la atenci\u00f3n al cliente nos permiti\u00f3 superar estos tiempos dif\u00edciles manteniendo nuestros est\u00e1ndares de servicio. Implementamos protocolos de limpieza mejorados, opciones de registro sin contacto y pol\u00edticas de cancelaci\u00f3n flexibles que demostraron nuestra dedicaci\u00f3n al bienestar de nuestros hu\u00e9spedes por encima de todo.<\/span><\/div><div class=\"qwen-markdown-space\">\u00a0<\/div><div class=\"qwen-markdown-paragraph\"><span class=\"qwen-markdown-text\">Hoy nos sentimos orgullosos de ser uno de los <\/span><strong class=\"qwen-markdown-strong\"><span class=\"qwen-markdown-text\">Los alojamientos mejor valorados en la zona de University Town.<\/span><\/strong><span class=\"qwen-markdown-text\">, Nuestros hu\u00e9spedes elogian constantemente nuestra ubicaci\u00f3n, instalaciones, calidad del servicio y excelente relaci\u00f3n calidad-precio. Este reconocimiento nos impulsa a seguir mejorando y ampliando nuestra oferta.<\/span><\/div><div class=\"qwen-markdown-space\">\u00a0<\/div><h3 class=\"qwen-markdown-heading\"><span class=\"qwen-markdown-text\">Nuestra gente: El coraz\u00f3n de nuestra historia<\/span><\/h3><div class=\"qwen-markdown-paragraph\"><span class=\"qwen-markdown-text\">Detr\u00e1s de cada hotel exitoso hay un equipo de profesionales dedicados que hacen realidad nuestra visi\u00f3n d\u00eda a d\u00eda. Nuestro personal proviene de diversos or\u00edgenes y aporta una amplia gama de conocimientos a sus funciones, unidos por un compromiso compartido con la satisfacci\u00f3n del hu\u00e9sped. Desde el equipo de recepci\u00f3n que recibe a los hu\u00e9spedes con c\u00e1lidas sonrisas hasta el personal de limpieza que mantiene est\u00e1ndares impecables, desde el equipo culinario que prepara platos memorables hasta los t\u00e9cnicos de mantenimiento que garantizan el perfecto funcionamiento de todo, cada miembro de nuestro equipo desempe\u00f1a un papel fundamental en la creaci\u00f3n de experiencias excepcionales.<\/span><\/div><div class=\"qwen-markdown-space\">\u00a0<\/div><div class=\"qwen-markdown-paragraph\"><span class=\"qwen-markdown-text\">Invertimos considerablemente en la formaci\u00f3n y el desarrollo de nuestro personal, conscientes de que los empleados capacitados ofrecen un servicio superior. Nuestros miembros del equipo reciben formaci\u00f3n continua en las mejores pr\u00e1cticas de hosteler\u00eda, excelencia en el servicio al cliente y sensibilidad cultural para garantizar que puedan atender eficazmente a nuestra clientela internacional. Muchos de nuestros empleados llevan con nosotros desde el principio, lo que crea una sensaci\u00f3n de continuidad y familiaridad que nuestros clientes habituales aprecian.<\/span><\/div><div class=\"qwen-markdown-space\">\u00a0<\/div><h3 class=\"qwen-markdown-heading\"><span class=\"qwen-markdown-text\">Compromiso con la sostenibilidad<\/span><\/h3><div class=\"qwen-markdown-paragraph\"><span class=\"qwen-markdown-text\">Como miembros responsables de la comunidad global, reconocemos nuestra obligaci\u00f3n de operar de manera sostenible y minimizar nuestro impacto ambiental. Nuestras iniciativas de sostenibilidad incluyen sistemas de iluminaci\u00f3n y aire acondicionado de bajo consumo energ\u00e9tico, medidas de conservaci\u00f3n del agua, programas de reducci\u00f3n de residuos y alianzas con proveedores locales para reducir las emisiones del transporte.<\/span><\/div><div class=\"qwen-markdown-space\">\u00a0<\/div><div class=\"qwen-markdown-paragraph\"><span class=\"qwen-markdown-text\">Invitamos a nuestros hu\u00e9spedes a participar en nuestras iniciativas ecol\u00f3gicas mediante servicios de limpieza opcionales, programas de reciclaje y preferencias de comunicaci\u00f3n digital que reducen el consumo de papel. Estos esfuerzos reflejan nuestra convicci\u00f3n de que el lujo y la sostenibilidad pueden coexistir armoniosamente.<\/span><\/div><div class=\"qwen-markdown-space\">\u00a0<\/div><h3 class=\"qwen-markdown-heading\"><span class=\"qwen-markdown-text\">Mirando hacia el futuro<\/span><\/h3><div class=\"qwen-markdown-paragraph\"><span class=\"qwen-markdown-text\">De cara al futuro, el Hotel Shenzhen Nanshan Jingfeng mantiene su compromiso con la evoluci\u00f3n y la mejora continua. Monitorizamos constantemente las tendencias del sector, las opiniones de nuestros hu\u00e9spedes y los avances tecnol\u00f3gicos para identificar oportunidades de mejora. Nuestros planes futuros incluyen ampliar nuestra oferta gastron\u00f3mica, modernizar nuestras instalaciones deportivas, incorporar nuevas funciones inteligentes en las habitaciones y, posiblemente, explorar nuevas ubicaciones que se alineen con los valores de nuestra marca.<\/span><\/div><div class=\"qwen-markdown-space\">\u00a0<\/div><div class=\"qwen-markdown-paragraph\"><span class=\"qwen-markdown-text\">Nuestra m\u00e1xima aspiraci\u00f3n es convertirnos en el <\/span><strong class=\"qwen-markdown-strong\"><span class=\"qwen-markdown-text\">opci\u00f3n de alojamiento preferida<\/span><\/strong><span class=\"qwen-markdown-text\"> Para todos aquellos que visiten el distrito de Nanshan, ya sea por negocios, placer, estudios o estancias prolongadas. Queremos que cada hu\u00e9sped se lleve un grato recuerdo y el deseo de regresar, sabiendo que su comodidad y satisfacci\u00f3n son nuestra m\u00e1xima prioridad.<\/span><\/div><div class=\"qwen-markdown-space\">\u00a0<\/div><h3 class=\"qwen-markdown-heading\"><span class=\"qwen-markdown-text\">Tu historia comienza aqu\u00ed.<\/span><\/h3><div class=\"qwen-markdown-paragraph\"><span class=\"qwen-markdown-text\">Cada hu\u00e9sped que entra por nuestras puertas pasa a formar parte de la historia del Hotel Jingfeng. Sus experiencias, comentarios y recomendaciones nos ayudan a definir qui\u00e9nes somos y en qui\u00e9nes nos convertiremos. Nos sentimos honrados de ser parte de sus viajes, ya sea que est\u00e9n cerrando importantes negocios, explorando las atracciones de Shenzhen, participando en colaboraciones acad\u00e9micas o simplemente disfrutando de unas merecidas vacaciones en familia.<\/span><\/div><div class=\"qwen-markdown-space\">\u00a0<\/div><div class=\"qwen-markdown-paragraph\"><span class=\"qwen-markdown-text\">Gracias por considerarlo <\/span><strong class=\"qwen-markdown-strong\"><span class=\"qwen-markdown-text\">Shenzhen Nanshan Jingfeng Hotel (sucursal de la ciudad universitaria de Xili)<\/span><\/strong><span class=\"qwen-markdown-text\"> para sus necesidades de alojamiento. Esperamos darle la bienvenida a <\/span><strong class=\"qwen-markdown-strong\"><span class=\"qwen-markdown-text\">Torre B, Zhongguan Shidai Plaza, No. 4168 Liuxian Avenue, distrito de Nanshan, Shenzhen, Guangdong, China<\/span><\/strong><span class=\"qwen-markdown-text\">, y creando momentos memorables que te har\u00e1n volver a\u00f1o tras a\u00f1o.<\/span><\/div><div class=\"qwen-markdown-space\">\u00a0<\/div><div class=\"qwen-markdown-hr\"><hr \/><\/div><div class=\"qwen-markdown-space\">\u00a0<\/div><div class=\"qwen-markdown-paragraph\"><em><span class=\"qwen-markdown-text\" data-spm-anchor-id=\"a2ty_o01.29997173.0.i10.51415171bLuhRr\">Bienvenidos a nuestra familia. Bienvenidos a su hogar en Shenzhen.<\/span><\/em><\/div>\t\t\t\t\t\t\t\t<\/div>\n\t\t\t\t\t<\/div>\n\t\t\t\t<\/div>\n\t\t\t\t<\/div>","protected":false},"excerpt":{"rendered":"<p>Shenzhen Nanshan Jingfeng Hotel (Xili University Town Branch) A Vision Born from Innovation and Hospitality The story of Shenzhen Nanshan Jingfeng Hotel (Xili University Town Branch) begins with a simple yet powerful vision: to redefine urban hospitality by creating a space where comfort, convenience, and community converge. Established in 2020, our hotel emerged during a [&hellip;]<\/p>\n","protected":false},"author":1,"featured_media":0,"parent":0,"menu_order":0,"comment_status":"closed","ping_status":"closed","template":"elementor_header_footer","meta":{"footnotes":""},"class_list":["post-2104","page","type-page","status-publish","hentry","post-no-thumbnail"],"_links":{"self":[{"href":"https:\/\/nanshanjingfenghotel.com\/es\/wp-json\/wp\/v2\/pages\/2104","targetHints":{"allow":["GET"]}}],"collection":[{"href":"https:\/\/nanshanjingfenghotel.com\/es\/wp-json\/wp\/v2\/pages"}],"about":[{"href":"https:\/\/nanshanjingfenghotel.com\/es\/wp-json\/wp\/v2\/types\/page"}],"author":[{"embeddable":true,"href":"https:\/\/nanshanjingfenghotel.com\/es\/wp-json\/wp\/v2\/users\/1"}],"replies":[{"embeddable":true,"href":"https:\/\/nanshanjingfenghotel.com\/es\/wp-json\/wp\/v2\/comments?post=2104"}],"version-history":[{"count":0,"href":"https:\/\/nanshanjingfenghotel.com\/es\/wp-json\/wp\/v2\/pages\/2104\/revisions"}],"wp:attachment":[{"href":"https:\/\/nanshanjingfenghotel.com\/es\/wp-json\/wp\/v2\/media?parent=2104"}],"curies":[{"name":"wp","href":"https:\/\/api.w.org\/{rel}","templated":true}]}}