{"id":2105,"date":"2021-03-24T07:25:45","date_gmt":"2021-03-24T07:25:45","guid":{"rendered":"http:\/\/localhost\/nuss\/?page_id=235"},"modified":"2026-03-19T07:15:43","modified_gmt":"2026-03-19T07:15:43","slug":"preguntas-frecuentes","status":"publish","type":"page","link":"https:\/\/nanshanjingfenghotel.com\/es\/faqs\/","title":{"rendered":"Faqs"},"content":{"rendered":"<div data-elementor-type=\"wp-page\" data-elementor-id=\"2105\" class=\"elementor elementor-2105\">\n\t\t\t\t\t\t<section class=\"elementor-section elementor-top-section elementor-element elementor-element-2a96a73 elementor-section-boxed elementor-section-gap-beside-yes elementor-section-height-default elementor-section-height-default elementor-section-column-vertical-align-stretch\" data-id=\"2a96a73\" data-element_type=\"section\" data-e-type=\"section\">\n\t\t\t\t\t\t<div class=\"elementor-container elementor-column-gap-extended\">\n\t\t\t\t\t<div class=\"elementor-column elementor-col-100 elementor-top-column elementor-element elementor-element-98ef20c\" data-id=\"98ef20c\" data-element_type=\"column\" data-e-type=\"column\">\n\t\t\t<div class=\"elementor-widget-wrap elementor-element-populated\">\n\t\t\t\t\t\t<div class=\"elementor-element elementor-element-97088c0 elementor-widget__width-initial elementor-invisible elementor-widget elementor-widget-text-editor\" data-id=\"97088c0\" data-element_type=\"widget\" data-e-type=\"widget\" data-settings=\"{&quot;_animation&quot;:&quot;nussFadeInUp&quot;}\" data-widget_type=\"text-editor.default\">\n\t\t\t\t\t\t\t\t\t<p>A continuaci\u00f3n, encontrar\u00e1 una lista de las preguntas m\u00e1s frecuentes que nos hacen nuestros hu\u00e9spedes.<\/p>\t\t\t\t\t\t\t\t<\/div>\n\t\t\t\t\t<\/div>\n\t\t<\/div>\n\t\t\t\t\t<\/div>\n\t\t<\/section>\n\t\t\t\t<section class=\"elementor-section elementor-top-section elementor-element elementor-element-b184647 elementor-section-gap-beside-no elementor-section-boxed elementor-section-height-default elementor-section-height-default elementor-section-column-vertical-align-stretch\" data-id=\"b184647\" data-element_type=\"section\" data-e-type=\"section\">\n\t\t\t\t\t\t<div class=\"elementor-container elementor-column-gap-extended\">\n\t\t\t\t\t<div class=\"elementor-column elementor-col-100 elementor-top-column elementor-element elementor-element-1d49749\" data-id=\"1d49749\" data-element_type=\"column\" data-e-type=\"column\">\n\t\t\t<div class=\"elementor-widget-wrap elementor-element-populated\">\n\t\t\t\t\t\t<div class=\"elementor-element elementor-element-b986a9e elementor-invisible elementor-widget elementor-widget-nuss-heading\" data-id=\"b986a9e\" data-element_type=\"widget\" data-e-type=\"widget\" data-settings=\"{&quot;_animation&quot;:&quot;nussFadeInUp&quot;}\" data-widget_type=\"nuss-heading.default\">\n\t\t\t\t<div class=\"elementor-widget-container\">\n\t\t\t\t\t\t\t<div class=\"nuss-modern-heading\">\r\n\t\t\t\r\n\t\t\t\t\t\t<div class=\"heading-primary-wrap\">\r\n\t\t\t\t<h4 class=\"heading-primary elementor-heading-title\">Preguntas frecuentes<\/h4>\t\t\t<\/div>\r\n\t\t\r\n\t\t\t\t\t\t<div class=\"heading-divider-wrap\">\r\n\t\t\t\t<div class=\"heading-divider\" style=\"left: 0px;top: 6px\"><\/div>\r\n\t\t\t<\/div>\r\n\t\r\n\t\t\t\t\t<\/div>\r\n\t\t\t\t\t<\/div>\n\t\t\t\t<\/div>\n\t\t\t\t<div class=\"elementor-element elementor-element-50f0733 elementor-invisible elementor-widget elementor-widget-heading\" data-id=\"50f0733\" data-element_type=\"widget\" data-e-type=\"widget\" data-settings=\"{&quot;_animation&quot;:&quot;nussFadeInUp&quot;}\" data-widget_type=\"heading.default\">\n\t\t\t\t\t<h2 class=\"elementor-heading-title elementor-size-default\">Preguntas y respuestas<\/h2>\t\t\t\t<\/div>\n\t\t\t\t\t<\/div>\n\t\t<\/div>\n\t\t\t\t\t<\/div>\n\t\t<\/section>\n\t\t<div class=\"elementor-element elementor-element-e3897e6 e-flex e-con-boxed e-con e-parent\" data-id=\"e3897e6\" data-element_type=\"container\" data-e-type=\"container\">\n\t\t\t\t\t<div class=\"e-con-inner\">\n\t\t\t\t<div class=\"elementor-element elementor-element-4fe7729 elementor-widget elementor-widget-text-editor\" data-id=\"4fe7729\" data-element_type=\"widget\" data-e-type=\"widget\" data-widget_type=\"text-editor.default\">\n\t\t\t\t\t\t\t\t\t<h3 class=\"qwen-markdown-heading\"><span class=\"qwen-markdown-text\">1. \u00bfCu\u00e1l es la direcci\u00f3n exacta del hotel?<\/span><\/h3><div class=\"qwen-markdown-paragraph\"><span class=\"qwen-markdown-text\">El hotel est\u00e1 ubicado en <\/span><strong class=\"qwen-markdown-strong\"><span class=\"qwen-markdown-text\">Torre B, Zhongguan Shidai Plaza, No. 4168 Liuxian Avenue, distrito de Nanshan, Shenzhen, Guangdong, China<\/span><\/strong><span class=\"qwen-markdown-text\">. Esta ubicaci\u00f3n privilegiada te sit\u00faa en el coraz\u00f3n de la zona universitaria de Xili, con f\u00e1cil acceso a las principales atracciones y distritos comerciales.<\/span><\/div><div class=\"qwen-markdown-space\">\u00a0<\/div><div class=\"qwen-markdown-hr\"><hr \/><\/div><div class=\"qwen-markdown-space\">\u00a0<\/div><h3 class=\"qwen-markdown-heading\"><span class=\"qwen-markdown-text\">2. \u00bfC\u00f3mo llego al hotel desde el Aeropuerto Internacional de Shenzhen Bao&#039;an?<\/span><\/h3><div class=\"qwen-markdown-paragraph\"><span class=\"qwen-markdown-text\">El hotel se encuentra a unos 40-50 minutos en coche del Aeropuerto Internacional de Shenzhen Bao&#039;an. Los hu\u00e9spedes pueden tomar un taxi, usar aplicaciones de transporte o reservar un servicio de traslado al aeropuerto a trav\u00e9s del conserje del hotel. Tambi\u00e9n pueden tomar el metro hasta la estaci\u00f3n University Town (L\u00ednea 5), que est\u00e1 a pocos pasos del hotel.<\/span><\/div><div class=\"qwen-markdown-space\">\u00a0<\/div><div class=\"qwen-markdown-hr\"><hr \/><\/div><div class=\"qwen-markdown-space\">\u00a0<\/div><h3 class=\"qwen-markdown-heading\"><span class=\"qwen-markdown-text\">3. \u00bfA qu\u00e9 distancia se encuentra el hotel de la estaci\u00f3n de metro m\u00e1s cercana?<\/span><\/h3><div class=\"qwen-markdown-paragraph\"><strong class=\"qwen-markdown-strong\"><span class=\"qwen-markdown-text\">Estaci\u00f3n University Town de la l\u00ednea 5 del metro.<\/span><\/strong><span class=\"qwen-markdown-text\"> Se encuentra a unos 160 metros del hotel, lo que permite acceder a \u00e9l f\u00e1cilmente a pie en 2 o 3 minutos. Esto ofrece una c\u00f3moda conexi\u00f3n con las principales zonas de Shenzhen.<\/span><\/div><div class=\"qwen-markdown-space\">\u00a0<\/div><div class=\"qwen-markdown-hr\"><hr \/><\/div><div class=\"qwen-markdown-space\">\u00a0<\/div><h3 class=\"qwen-markdown-heading\"><span class=\"qwen-markdown-text\">4. \u00bfCu\u00e1les son los horarios de entrada y salida?<\/span><\/h3><div class=\"qwen-markdown-paragraph\"><span class=\"qwen-markdown-text\">La hora est\u00e1ndar de registro comienza a las <\/span><strong class=\"qwen-markdown-strong\"><span class=\"qwen-markdown-text\">14:00<\/span><\/strong><span class=\"qwen-markdown-text\">, y la hora de salida es hasta <\/span><strong class=\"qwen-markdown-strong\"><span class=\"qwen-markdown-text\">12:00 PM<\/span><\/strong><span class=\"qwen-markdown-text\">. Sin embargo, el hotel ofrece flexibilidad en las tarifas y servicio de registro de entrada y salida expr\u00e9s. El registro de entrada anticipado o la salida tard\u00eda pueden solicitarse seg\u00fan disponibilidad de habitaciones.<\/span><\/div><div class=\"qwen-markdown-space\">\u00a0<\/div><div class=\"qwen-markdown-hr\"><hr \/><\/div><div class=\"qwen-markdown-space\">\u00a0<\/div><h3 class=\"qwen-markdown-heading\"><span class=\"qwen-markdown-text\">5. \u00bfQu\u00e9 tipos de habitaciones hay disponibles en el hotel?<\/span><\/h3><div class=\"qwen-markdown-paragraph\"><span class=\"qwen-markdown-text\">El hotel ofrece varias categor\u00edas de habitaciones, entre ellas: <\/span><strong class=\"qwen-markdown-strong\"><span class=\"qwen-markdown-text\">Habitaciones Deluxe con cama Queen (32 m\u00b2)<\/span><\/strong><span class=\"qwen-markdown-text\">, <\/span><strong class=\"qwen-markdown-strong\"><span class=\"qwen-markdown-text\">Habitaciones dobles de lujo (32 m\u00b2)<\/span><\/strong><span class=\"qwen-markdown-text\">, y espacioso <\/span><strong class=\"qwen-markdown-strong\"><span class=\"qwen-markdown-text\">Suites Deluxe (55 m\u00b2)<\/span><\/strong><span class=\"qwen-markdown-text\">. Todas las habitaciones cuentan con una distribuci\u00f3n tipo apartamento, con cocina y ba\u00f1o completos, y est\u00e1n ubicadas entre las plantas 15 y 32.<\/span><\/div><div class=\"qwen-markdown-space\">\u00a0<\/div><div class=\"qwen-markdown-hr\"><hr \/><\/div><div class=\"qwen-markdown-space\">\u00a0<\/div><h3 class=\"qwen-markdown-heading\"><span class=\"qwen-markdown-text\">6. \u00bfLas habitaciones disponen de cocina y utensilios para cocinar?<\/span><\/h3><div class=\"qwen-markdown-paragraph\"><span class=\"qwen-markdown-text\">S\u00ed, todas las habitaciones cuentan con <\/span><strong class=\"qwen-markdown-strong\"><span class=\"qwen-markdown-text\">Cocina completa<\/span><\/strong><span class=\"qwen-markdown-text\"> Incluye refrigeradores de gran capacidad y utensilios de cocina. Adem\u00e1s, hay una cocina compartida disponible para los hu\u00e9spedes que prefieran opciones de cocina m\u00e1s completas durante su estad\u00eda.<\/span><\/div><div class=\"qwen-markdown-space\">\u00a0<\/div><div class=\"qwen-markdown-hr\"><hr \/><\/div><div class=\"qwen-markdown-space\">\u00a0<\/div><h3 class=\"qwen-markdown-heading\"><span class=\"qwen-markdown-text\">7. \u00bfHay lavadora en las habitaciones?<\/span><\/h3><div class=\"qwen-markdown-paragraph\"><span class=\"qwen-markdown-text\">S\u00ed, una caracter\u00edstica destacada de este hotel es la <\/span><strong class=\"qwen-markdown-strong\"><span class=\"qwen-markdown-text\">lavadora integrada en la habitaci\u00f3n<\/span><\/strong><span class=\"qwen-markdown-text\"> En cada alojamiento se proporciona detergente para la ropa de cortes\u00eda, lo que hace que las estancias prolongadas sean especialmente c\u00f3modas para todos los hu\u00e9spedes.<\/span><\/div><div class=\"qwen-markdown-space\">\u00a0<\/div><div class=\"qwen-markdown-hr\"><hr \/><\/div><div class=\"qwen-markdown-space\">\u00a0<\/div><h3 class=\"qwen-markdown-heading\"><span class=\"qwen-markdown-text\">8. \u00bfHay conexi\u00f3n WiFi disponible en todo el hotel?<\/span><\/h3><div class=\"qwen-markdown-paragraph\"><strong class=\"qwen-markdown-strong\"><span class=\"qwen-markdown-text\">El acceso a WiFi de alta velocidad es gratuito.<\/span><\/strong><span class=\"qwen-markdown-text\"> En toda la propiedad, incluyendo todas las habitaciones, \u00e1reas comunes e instalaciones para negocios, la conexi\u00f3n es confiable y adecuada para videoconferencias y transferencias de archivos grandes.<\/span><\/div><div class=\"qwen-markdown-space\">\u00a0<\/div><div class=\"qwen-markdown-hr\"><hr \/><\/div><div class=\"qwen-markdown-space\">\u00a0<\/div><h3 class=\"qwen-markdown-heading\"><span class=\"qwen-markdown-text\">9. \u00bfEl hotel tiene restaurante?<\/span><\/h3><div class=\"qwen-markdown-paragraph\"><span class=\"qwen-markdown-text\">S\u00ed, el hotel cuenta con <\/span><strong class=\"qwen-markdown-strong\"><span class=\"qwen-markdown-text\">Restaurante Genting en el piso 37<\/span><\/strong><span class=\"qwen-markdown-text\">, Ofrece platos privados personalizados con vistas panor\u00e1micas de la ciudad. El restaurante sirve aut\u00e9ntica cocina local y se adapta a diversas preferencias diet\u00e9ticas. Tambi\u00e9n dispone de servicio de habitaciones.<\/span><\/div><div class=\"qwen-markdown-space\">\u00a0<\/div><div class=\"qwen-markdown-hr\"><hr \/><\/div><div class=\"qwen-markdown-space\">\u00a0<\/div><h3 class=\"qwen-markdown-heading\"><span class=\"qwen-markdown-text\">10. \u00bfHay aparcamiento disponible en el hotel?<\/span><\/h3><div class=\"qwen-markdown-paragraph\"><span class=\"qwen-markdown-text\">S\u00ed, el hotel ofrece <\/span><strong class=\"qwen-markdown-strong\"><span class=\"qwen-markdown-text\">aparcamientos p\u00fablicos<\/span><\/strong><span class=\"qwen-markdown-text\"> Para los hu\u00e9spedes que llegan en coche: las plazas de aparcamiento se asignan por orden de llegada. Para obtener m\u00e1s informaci\u00f3n sobre el aparcamiento y las tarifas, p\u00f3ngase en contacto con la recepci\u00f3n a su llegada.<\/span><\/div><div class=\"qwen-markdown-space\">\u00a0<\/div><div class=\"qwen-markdown-hr\"><hr \/><\/div><div class=\"qwen-markdown-space\">\u00a0<\/div><h3 class=\"qwen-markdown-heading\"><span class=\"qwen-markdown-text\">11. \u00bfEs el hotel adecuado para viajeros de negocios?<\/span><\/h3><div class=\"qwen-markdown-paragraph\"><span class=\"qwen-markdown-text\">Absolutamente. El hotel ofrece un servicio integral. <\/span><strong class=\"qwen-markdown-strong\"><span class=\"qwen-markdown-text\">instalaciones comerciales<\/span><\/strong><span class=\"qwen-markdown-text\"> Incluye un centro de negocios, sala de conferencias, fax, fotocopiadoras e internet de alta velocidad. El servicio de conserjer\u00eda, disponible las 24 horas, puede ayudarle con solicitudes y gestiones espec\u00edficas para su negocio.<\/span><\/div><div class=\"qwen-markdown-space\">\u00a0<\/div><div class=\"qwen-markdown-hr\"><hr \/><\/div><div class=\"qwen-markdown-space\">\u00a0<\/div><h3 class=\"qwen-markdown-heading\"><span class=\"qwen-markdown-text\">12. \u00bfHay instalaciones deportivas y recreativas?<\/span><\/h3><div class=\"qwen-markdown-paragraph\"><span class=\"qwen-markdown-text\">S\u00ed, el hotel cuenta con un <\/span><strong class=\"qwen-markdown-strong\"><span class=\"qwen-markdown-text\">gimnasio en el piso 37<\/span><\/strong><span class=\"qwen-markdown-text\"> para los hu\u00e9spedes que desean mantener su rutina de ejercicios. Adem\u00e1s, <\/span><strong class=\"qwen-markdown-strong\"><span class=\"qwen-markdown-text\">Instalaciones de entretenimiento KTV<\/span><\/strong><span class=\"qwen-markdown-text\"> Est\u00e1n disponibles para actividades de relajaci\u00f3n y de integraci\u00f3n de equipos.<\/span><\/div><div class=\"qwen-markdown-space\">\u00a0<\/div><div class=\"qwen-markdown-hr\"><hr \/><\/div><div class=\"qwen-markdown-space\">\u00a0<\/div><h3 class=\"qwen-markdown-heading\"><span class=\"qwen-markdown-text\">13. \u00bfEl hotel es apto para familias?<\/span><\/h3><div class=\"qwen-markdown-paragraph\"><span class=\"qwen-markdown-text\">S\u00ed, el hotel es ideal para familias. Las amplias habitaciones tipo apartamento ofrecen espacio suficiente para familias, y la cocina y la lavander\u00eda en la habitaci\u00f3n facilitan los viajes con ni\u00f1os. Entre las atracciones cercanas se encuentran el Parque de Vida Silvestre de Shenzhen y Happy Valley.<\/span><\/div><div class=\"qwen-markdown-space\">\u00a0<\/div><div class=\"qwen-markdown-hr\"><hr \/><\/div><div class=\"qwen-markdown-space\">\u00a0<\/div><h3 class=\"qwen-markdown-heading\"><span class=\"qwen-markdown-text\">14. \u00bfSe admiten mascotas en el hotel?<\/span><\/h3><div class=\"qwen-markdown-paragraph\"><span class=\"qwen-markdown-text\">Las pol\u00edticas sobre mascotas pueden variar seg\u00fan el tipo de habitaci\u00f3n y la temporada. Se recomienda a los hu\u00e9spedes que viajan con mascotas que... <\/span><strong class=\"qwen-markdown-strong\"><span class=\"qwen-markdown-text\">Contacta directamente con el hotel antes de reservar.<\/span><\/strong><span class=\"qwen-markdown-text\"> para confirmar las pol\u00edticas vigentes sobre mascotas y cualquier tarifa o restricci\u00f3n aplicable.<\/span><\/div><div class=\"qwen-markdown-space\">\u00a0<\/div><div class=\"qwen-markdown-hr\"><hr \/><\/div><div class=\"qwen-markdown-space\">\u00a0<\/div><h3 class=\"qwen-markdown-heading\"><span class=\"qwen-markdown-text\">15. \u00bfQu\u00e9 m\u00e9todos de pago se aceptan?<\/span><\/h3><div class=\"qwen-markdown-paragraph\"><span class=\"qwen-markdown-text\">El hotel acepta m\u00faltiples m\u00e9todos de pago, incluyendo: <\/span><strong class=\"qwen-markdown-strong\"><span class=\"qwen-markdown-text\">Principales tarjetas de cr\u00e9dito, tarjetas de d\u00e9bito y opciones de pago m\u00f3vil.<\/span><\/strong><span class=\"qwen-markdown-text\"> Se utiliza com\u00fanmente en China. Los hu\u00e9spedes internacionales deben confirmar los m\u00e9todos de pago aceptados al realizar la reserva.<\/span><\/div><div class=\"qwen-markdown-space\">\u00a0<\/div><div class=\"qwen-markdown-hr\"><hr \/><\/div><div class=\"qwen-markdown-space\">\u00a0<\/div><h3 class=\"qwen-markdown-heading\"><span class=\"qwen-markdown-text\">16. \u00bfCu\u00e1l es la pol\u00edtica de cancelaci\u00f3n?<\/span><\/h3><div class=\"qwen-markdown-paragraph\"><span class=\"qwen-markdown-text\">Las pol\u00edticas de cancelaci\u00f3n var\u00edan seg\u00fan el tipo de habitaci\u00f3n y la tarifa seleccionada al momento de la reserva. Generalmente, las tarifas flexibles permiten cancelar hasta 24-48 horas antes del check-in. Se recomienda a los hu\u00e9spedes consultar las condiciones espec\u00edficas de su reserva o contactar al hotel para obtener informaci\u00f3n detallada sobre la cancelaci\u00f3n.<\/span><\/div><div class=\"qwen-markdown-space\">\u00a0<\/div><div class=\"qwen-markdown-hr\"><hr \/><\/div><div class=\"qwen-markdown-space\">\u00a0<\/div><h3 class=\"qwen-markdown-heading\"><span class=\"qwen-markdown-text\">17. \u00bfEs el hotel adecuado para estancias de larga duraci\u00f3n?<\/span><\/h3><div class=\"qwen-markdown-paragraph\"><span class=\"qwen-markdown-text\">S\u00ed, el hotel se especializa en <\/span><strong class=\"qwen-markdown-strong\"><span class=\"qwen-markdown-text\">Opciones de estancia diaria, mensual y de larga duraci\u00f3n.<\/span><\/strong><span class=\"qwen-markdown-text\">. Las comodidades propias de un apartamento, como cocinas completas, lavadoras y amplio espacio de almacenamiento, lo hacen ideal para asignaciones prolongadas, traslados o proyectos empresariales de larga duraci\u00f3n.<\/span><\/div><div class=\"qwen-markdown-space\">\u00a0<\/div><div class=\"qwen-markdown-hr\"><hr \/><\/div><div class=\"qwen-markdown-space\">\u00a0<\/div><h3 class=\"qwen-markdown-heading\"><span class=\"qwen-markdown-text\">18. \u00bfQu\u00e9 medidas de seguridad se han implementado?<\/span><\/h3><div class=\"qwen-markdown-paragraph\"><span class=\"qwen-markdown-text\">El hotel mantiene est\u00e1ndares de seguridad integrales, incluyendo: <\/span><strong class=\"qwen-markdown-strong\"><span class=\"qwen-markdown-text\">Extintores de incendios, sistemas de seguridad, vigilancia las 24 horas y cajas de seguridad.<\/span><\/strong><span class=\"qwen-markdown-text\"> En las habitaciones. El establecimiento es para no fumadores en todas sus instalaciones, lo que garantiza un ambiente saludable para todos los hu\u00e9spedes.<\/span><\/div><div class=\"qwen-markdown-space\">\u00a0<\/div><div class=\"qwen-markdown-hr\"><hr \/><\/div><div class=\"qwen-markdown-space\">\u00a0<\/div><h3 class=\"qwen-markdown-heading\"><span class=\"qwen-markdown-text\">19. \u00bfLos miembros del personal hablan ingl\u00e9s u otros idiomas?<\/span><\/h3><div class=\"qwen-markdown-paragraph\"><span class=\"qwen-markdown-text\">El personal del hotel incluye <\/span><strong class=\"qwen-markdown-strong\"><span class=\"qwen-markdown-text\">miembros del equipo multiling\u00fces<\/span><\/strong><span class=\"qwen-markdown-text\"> que pueden ayudar a los hu\u00e9spedes internacionales. El equipo de conserjer\u00eda y recepci\u00f3n, disponible las 24 horas, est\u00e1 capacitado para atender a hu\u00e9spedes de diversos or\u00edgenes y minimizar las barreras de comunicaci\u00f3n.<\/span><\/div><div class=\"qwen-markdown-space\">\u00a0<\/div><div class=\"qwen-markdown-hr\"><hr \/><\/div><div class=\"qwen-markdown-space\">\u00a0<\/div><h3 class=\"qwen-markdown-heading\"><span class=\"qwen-markdown-text\">20. \u00bfC\u00f3mo puedo contactar directamente con el hotel?<\/span><\/h3><div class=\"qwen-markdown-paragraph\"><span class=\"qwen-markdown-text\">Se puede llegar al hotel en <\/span><strong class=\"qwen-markdown-strong\"><span class=\"qwen-markdown-text\">+86 755 86 68 10 88<\/span><\/strong><span class=\"qwen-markdown-text\">. El equipo de recepci\u00f3n y conserjer\u00eda, disponible las 24 horas, le ayudar\u00e1 con las reservas, las peticiones especiales, las recomendaciones locales y cualquier pregunta relacionada con su estancia en la Torre B del Zhongguan Shidai Plaza, en la avenida Liuxian n.\u00ba 4168, distrito de Nanshan, Shenzhen, Guangdong, China.<\/span><\/div><div class=\"qwen-markdown-space\">\u00a0<\/div><div class=\"qwen-markdown-hr\"><hr \/><\/div><div class=\"qwen-markdown-space\">\u00a0<\/div><h2 class=\"qwen-markdown-heading\"><span class=\"qwen-markdown-text\">Informaci\u00f3n adicional para los hu\u00e9spedes<\/span><\/h2><div class=\"qwen-markdown-paragraph\"><strong class=\"qwen-markdown-strong\"><span class=\"qwen-markdown-text\">Atracciones cercanas:<\/span><\/strong><\/div><ul class=\"qwen-markdown-list\" dir=\"auto\"><li><span class=\"qwen-markdown-text\">Parque de vida silvestre de Shenzhen<\/span><\/li><li><span class=\"qwen-markdown-text\">Happy Valley Shenzhen<\/span><\/li><li><span class=\"qwen-markdown-text\">Monta\u00f1a Tanglang<\/span><\/li><li><span class=\"qwen-markdown-text\">Universidad de Tsinghua (Shenzhen)<\/span><\/li><li><span class=\"qwen-markdown-text\">Universidad de Pek\u00edn (Shenzhen)<\/span><\/li><li><span class=\"qwen-markdown-text\">Instituto Tecnol\u00f3gico de Harbin (Shenzhen)<\/span><\/li><\/ul><div class=\"qwen-markdown-space\">\u00a0<\/div><div class=\"qwen-markdown-paragraph\"><strong class=\"qwen-markdown-strong\"><span class=\"qwen-markdown-text\">Centros de transporte:<\/span><\/strong><\/div><ul class=\"qwen-markdown-list\" dir=\"auto\"><li><span class=\"qwen-markdown-text\">Estaci\u00f3n de tren de Shenzhen Norte: 15 minutos en coche.<\/span><\/li><li><span class=\"qwen-markdown-text\">Centro de Futian: 25 minutos en coche<\/span><\/li><li><span class=\"qwen-markdown-text\">Aeropuerto Internacional de Shenzhen Bao&#039;an: 40-50 minutos en coche.<\/span><\/li><\/ul><div class=\"qwen-markdown-space\">\u00a0<\/div><div class=\"qwen-markdown-paragraph\"><strong class=\"qwen-markdown-strong\"><span class=\"qwen-markdown-text\">Compras y restaurantes:<\/span><\/strong><\/div><ul class=\"qwen-markdown-list\" dir=\"auto\"><li><span class=\"qwen-markdown-text\">Centro comercial Yitian Holiday Mall (adyacente)<\/span><\/li><li><span class=\"qwen-markdown-text\">Plaza Zhongguan Shidai (en el lugar)<\/span><\/li><li><span class=\"qwen-markdown-text\">Numerosos restaurantes a poca distancia a pie.<\/span><\/li><\/ul>\t\t\t\t\t\t\t\t<\/div>\n\t\t\t\t\t<\/div>\n\t\t\t\t<\/div>\n\t\t\t\t<\/div>","protected":false},"excerpt":{"rendered":"<p>Below, you will find a list of the questions most frequently asked by our guests. FAQ&#8217;S Questions &amp; Answers 1. What is the exact address of the hotel? The hotel is located at Tower B, Zhongguan Shidai Plaza, No. 4168 Liuxian Avenue, Nanshan District, Shenzhen, Guangdong, China. This prime location places you in the heart [&hellip;]<\/p>\n","protected":false},"author":1,"featured_media":0,"parent":0,"menu_order":0,"comment_status":"closed","ping_status":"closed","template":"elementor_header_footer","meta":{"footnotes":""},"class_list":["post-2105","page","type-page","status-publish","hentry","post-no-thumbnail"],"_links":{"self":[{"href":"https:\/\/nanshanjingfenghotel.com\/es\/wp-json\/wp\/v2\/pages\/2105","targetHints":{"allow":["GET"]}}],"collection":[{"href":"https:\/\/nanshanjingfenghotel.com\/es\/wp-json\/wp\/v2\/pages"}],"about":[{"href":"https:\/\/nanshanjingfenghotel.com\/es\/wp-json\/wp\/v2\/types\/page"}],"author":[{"embeddable":true,"href":"https:\/\/nanshanjingfenghotel.com\/es\/wp-json\/wp\/v2\/users\/1"}],"replies":[{"embeddable":true,"href":"https:\/\/nanshanjingfenghotel.com\/es\/wp-json\/wp\/v2\/comments?post=2105"}],"version-history":[{"count":0,"href":"https:\/\/nanshanjingfenghotel.com\/es\/wp-json\/wp\/v2\/pages\/2105\/revisions"}],"wp:attachment":[{"href":"https:\/\/nanshanjingfenghotel.com\/es\/wp-json\/wp\/v2\/media?parent=2105"}],"curies":[{"name":"wp","href":"https:\/\/api.w.org\/{rel}","templated":true}]}}