{"id":2109,"date":"2021-03-26T08:35:58","date_gmt":"2021-03-26T08:35:58","guid":{"rendered":"http:\/\/localhost\/nuss\/?page_id=536"},"modified":"2026-03-19T07:58:38","modified_gmt":"2026-03-19T07:58:38","slug":"instalaciones-comerciales","status":"publish","type":"page","link":"https:\/\/nanshanjingfenghotel.com\/es\/business-facilities\/","title":{"rendered":"Instalaciones comerciales"},"content":{"rendered":"<div data-elementor-type=\"wp-page\" data-elementor-id=\"2109\" class=\"elementor elementor-2109\">\n\t\t\t\t\t\t<section class=\"elementor-section elementor-top-section elementor-element elementor-element-bb2901b elementor-section-boxed elementor-section-gap-beside-yes elementor-section-height-default elementor-section-height-default elementor-section-column-vertical-align-stretch\" data-id=\"bb2901b\" data-element_type=\"section\" data-e-type=\"section\">\n\t\t\t\t\t\t<div class=\"elementor-container elementor-column-gap-extended\">\n\t\t\t\t\t<div class=\"elementor-column elementor-col-100 elementor-top-column elementor-element elementor-element-1919db9\" data-id=\"1919db9\" data-element_type=\"column\" data-e-type=\"column\">\n\t\t\t<div class=\"elementor-widget-wrap elementor-element-populated\">\n\t\t\t\t\t\t<div class=\"elementor-element elementor-element-41a7b9c elementor-widget__width-initial elementor-invisible elementor-widget elementor-widget-text-editor\" data-id=\"41a7b9c\" data-element_type=\"widget\" data-e-type=\"widget\" data-settings=\"{&quot;_animation&quot;:&quot;nussFadeInUp&quot;}\" data-widget_type=\"text-editor.default\">\n\t\t\t\t\t\t\t\t\t<h4 class=\"qwen-markdown-heading\"><span class=\"qwen-markdown-text\" data-spm-anchor-id=\"a2ty_o01.29997173.0.i20.51415171bLuhRr\">Mejore su experiencia corporativa en el Hotel Shenzhen Nanshan Jingfeng (Sucursal en Xili University Town).<\/span><\/h4>\t\t\t\t\t\t\t\t<\/div>\n\t\t\t\t\t<\/div>\n\t\t<\/div>\n\t\t\t\t\t<\/div>\n\t\t<\/section>\n\t\t<div class=\"elementor-element elementor-element-8eb25a6 e-flex e-con-boxed e-con e-parent\" data-id=\"8eb25a6\" data-element_type=\"container\" data-e-type=\"container\">\n\t\t\t\t\t<div class=\"e-con-inner\">\n\t\t\t\t<div class=\"elementor-element elementor-element-6750572 elementor-widget elementor-widget-image\" data-id=\"6750572\" data-element_type=\"widget\" data-e-type=\"widget\" data-widget_type=\"image.default\">\n\t\t\t\t\t\t\t\t\t\t\t\t\t\t\t<img fetchpriority=\"high\" decoding=\"async\" width=\"1024\" height=\"747\" src=\"https:\/\/nanshanjingfenghotel.com\/wp-content\/uploads\/2026\/03\/Shenzhen-Nanshan-Jingfeng-Hotel-46-1024x747.webp\" class=\"attachment-large size-large wp-image-5590\" alt=\"\" srcset=\"https:\/\/nanshanjingfenghotel.com\/wp-content\/uploads\/2026\/03\/Shenzhen-Nanshan-Jingfeng-Hotel-46-1024x747.webp 1024w, https:\/\/nanshanjingfenghotel.com\/wp-content\/uploads\/2026\/03\/Shenzhen-Nanshan-Jingfeng-Hotel-46-300x219.webp 300w, https:\/\/nanshanjingfenghotel.com\/wp-content\/uploads\/2026\/03\/Shenzhen-Nanshan-Jingfeng-Hotel-46-768x560.webp 768w, https:\/\/nanshanjingfenghotel.com\/wp-content\/uploads\/2026\/03\/Shenzhen-Nanshan-Jingfeng-Hotel-46.webp 1170w\" sizes=\"(max-width: 1024px) 100vw, 1024px\" \/>\t\t\t\t\t\t\t\t\t\t\t\t\t\t\t<\/div>\n\t\t\t\t\t<\/div>\n\t\t\t\t<\/div>\n\t\t<div class=\"elementor-element elementor-element-33409d2 e-flex e-con-boxed e-con e-parent\" data-id=\"33409d2\" data-element_type=\"container\" data-e-type=\"container\">\n\t\t\t\t\t<div class=\"e-con-inner\">\n\t\t\t\t<div class=\"elementor-element elementor-element-093c0fb elementor-widget elementor-widget-text-editor\" data-id=\"093c0fb\" data-element_type=\"widget\" data-e-type=\"widget\" data-widget_type=\"text-editor.default\">\n\t\t\t\t\t\t\t\t\t<h2 class=\"qwen-markdown-heading\"><span class=\"qwen-markdown-text\">Un centro estrat\u00e9gico para la excelencia empresarial en Nanshan.<\/span><\/h2><div class=\"qwen-markdown-paragraph\"><span class=\"qwen-markdown-text\">Para profesionales exigentes y viajeros corporativos que buscan una ventaja competitiva en el din\u00e1mico mercado de Shenzhen, <\/span><strong class=\"qwen-markdown-strong\"><span class=\"qwen-markdown-text\">Shenzhen Nanshan Jingfeng Hotel (sucursal de la ciudad universitaria de Xili)<\/span><\/strong><span class=\"qwen-markdown-text\"> se erige como un destino de primer orden para la productividad empresarial y la comodidad ejecutiva. Estrat\u00e9gicamente situado en <\/span><strong class=\"qwen-markdown-strong\"><span class=\"qwen-markdown-text\">Torre B, Zhongguan Shidai Plaza, No. 4168 Liuxian Avenue, distrito de Nanshan, Shenzhen, Guangdong, China<\/span><\/strong><span class=\"qwen-markdown-text\">, Este establecimiento es mucho m\u00e1s que un simple lugar para dormir; es un centro de negocios integral dise\u00f1ado para dar soporte a reuniones, proyectos de larga duraci\u00f3n y necesidades de alojamiento corporativo de alto nivel. Ubicado en el coraz\u00f3n del distrito de Nanshan, conocido como el centro tecnol\u00f3gico y de innovaci\u00f3n de Shenzhen, el hotel ofrece acceso inmediato a zonas industriales clave, centros de investigaci\u00f3n acad\u00e9mica y las principales v\u00edas de transporte, garantizando as\u00ed el buen funcionamiento de sus operaciones comerciales sin obst\u00e1culos log\u00edsticos.<\/span><\/div><div class=\"qwen-markdown-space\">\u00a0<\/div><h2 class=\"qwen-markdown-heading\"><span class=\"qwen-markdown-text\">Instalaciones completas para reuniones y conferencias<\/span><\/h2><div class=\"qwen-markdown-paragraph\"><span class=\"qwen-markdown-text\">Comprendiendo la naturaleza cr\u00edtica de la colaboraci\u00f3n cara a cara, el hotel ofrece servicios dedicados <\/span><strong class=\"qwen-markdown-strong\"><span class=\"qwen-markdown-text\">instalaciones para conferencias y reuniones<\/span><\/strong><span class=\"qwen-markdown-text\"> Adaptado a diversas necesidades corporativas. Ya sea que organice una peque\u00f1a reuni\u00f3n de la junta directiva, una presentaci\u00f3n para clientes o una sesi\u00f3n de planificaci\u00f3n estrat\u00e9gica, la sala de conferencias del hotel ofrece un entorno profesional equipado para satisfacer sus necesidades. Los espacios est\u00e1n dise\u00f1ados para minimizar las distracciones, lo que permite a los equipos concentrarse en los resultados. Estos espacios cuentan con servicios empresariales esenciales, como capacidades de presentaci\u00f3n de alta velocidad y disposici\u00f3n flexible de los asientos. Para conversaciones privadas, las zonas tranquilas y las salas insonorizadas del hotel garantizan la confidencialidad y la profesionalidad. La disponibilidad de un <\/span><strong class=\"qwen-markdown-strong\"><span class=\"qwen-markdown-text\">centro de negocios<\/span><\/strong><span class=\"qwen-markdown-text\"> Adem\u00e1s, complementa estos espacios para reuniones, proporcionando un centro neur\u00e1lgico para la asistencia administrativa antes, durante y despu\u00e9s de sus eventos.<\/span><\/div><div class=\"qwen-markdown-space\">\u00a0<\/div><h2 class=\"qwen-markdown-heading\"><span class=\"qwen-markdown-text\">Productividad en la habitaci\u00f3n y comodidad ejecutiva<\/span><\/h2><div class=\"qwen-markdown-paragraph\"><span class=\"qwen-markdown-text\">El dise\u00f1o \u00fanico estilo apartamento del Hotel Shenzhen Nanshan Jingfeng ofrece una ventaja significativa para los viajeros de negocios que requieren un espacio de trabajo funcional dentro de su alojamiento. A diferencia de las habitaciones de hotel est\u00e1ndar, el <\/span><strong class=\"qwen-markdown-strong\"><span class=\"qwen-markdown-text\">Suites de lujo y habitaciones ejecutivas<\/span><\/strong><span class=\"qwen-markdown-text\"> Cuentan con dise\u00f1os espaciosos que permiten \u00e1reas de trabajo dedicadas. Los hu\u00e9spedes se benefician de <\/span><strong class=\"qwen-markdown-strong\"><span class=\"qwen-markdown-text\">conectividad Wi-Fi de alta velocidad<\/span><\/strong><span class=\"qwen-markdown-text\"> en toda la propiedad, lo que garantiza videoconferencias fluidas y transferencias de archivos grandes. Las habitaciones est\u00e1n ubicadas en <\/span><strong class=\"qwen-markdown-strong\"><span class=\"qwen-markdown-text\">pisos 15 al 32<\/span><\/strong><span class=\"qwen-markdown-text\">, proporcionando un ambiente tranquilo alejado del ruido de la calle, lo cual es esencial para el trabajo profundo y un sue\u00f1o reparador antes de reuniones importantes. Las comodidades de primera calidad, como los refrigeradores de gran capacidad, permiten a los ejecutivos almacenar comidas para sesiones de trabajo nocturnas, mientras que el integrado <\/span><strong class=\"qwen-markdown-strong\"><span class=\"qwen-markdown-text\">lavadoras en la habitaci\u00f3n<\/span><\/strong><span class=\"qwen-markdown-text\"> Aseg\u00farese de que la vestimenta de negocios est\u00e9 siempre impecable y lista para la presentaci\u00f3n. La inclusi\u00f3n de <\/span><strong class=\"qwen-markdown-strong\"><span class=\"qwen-markdown-text\">Televisores LED de 55 pulgadas<\/span><\/strong><span class=\"qwen-markdown-text\"> Tambi\u00e9n puede utilizarse como monitor secundario o pantalla de presentaci\u00f3n para reuniones informales en la sala.<\/span><\/div><div class=\"qwen-markdown-space\">\u00a0<\/div><h2 class=\"qwen-markdown-heading\"><span class=\"qwen-markdown-text\">Servicios de apoyo administrativo y centro de negocios<\/span><\/h2><div class=\"qwen-markdown-paragraph\"><span class=\"qwen-markdown-text\">La eficiencia es la piedra angular de los viajes de negocios exitosos, y el hotel <\/span><strong class=\"qwen-markdown-strong\"><span class=\"qwen-markdown-text\">Servicios de centro de negocios las 24 horas<\/span><\/strong><span class=\"qwen-markdown-text\"> est\u00e1n dise\u00f1ados para mantener sus operaciones en marcha las 24 horas. Los hu\u00e9spedes tienen acceso a equipos de oficina esenciales, incluyendo: <\/span><strong class=\"qwen-markdown-strong\"><span class=\"qwen-markdown-text\">m\u00e1quinas de fax, fotocopiadoras y servicios de impresi\u00f3n<\/span><\/strong><span class=\"qwen-markdown-text\">, eliminando la necesidad de buscar tiendas externas de suministros de oficina. <\/span><strong class=\"qwen-markdown-strong\"><span class=\"qwen-markdown-text\">Equipo de conserjer\u00eda disponible las 24 horas<\/span><\/strong><span class=\"qwen-markdown-text\"> est\u00e1 capacitado para ayudar con solicitudes espec\u00edficas de negocios, como organizar servicios de mensajer\u00eda, reservar transporte local o asegurar lugares para reuniones de \u00faltimo minuto. El uso innovador de <\/span><strong class=\"qwen-markdown-strong\"><span class=\"qwen-markdown-text\">robots de servicio<\/span><\/strong><span class=\"qwen-markdown-text\"> El servicio dentro del hotel a\u00f1ade un nivel de eficiencia tecnol\u00f3gica, permitiendo la entrega r\u00e1pida de documentos o suministros a su habitaci\u00f3n sin interrupciones. Los servicios de registro de entrada y salida expr\u00e9s garantizan que no se pierda tiempo valioso en tr\u00e1mites administrativos, lo que le permite aprovechar al m\u00e1ximo su tiempo en Shenzhen.<\/span><\/div><div class=\"qwen-markdown-space\">\u00a0<\/div><h2 class=\"qwen-markdown-heading\"><span class=\"qwen-markdown-text\">Ubicaci\u00f3n privilegiada para establecer contactos corporativos y acceder a la informaci\u00f3n.<\/span><\/h2><div class=\"qwen-markdown-paragraph\"><span class=\"qwen-markdown-text\">La ubicaci\u00f3n es un factor cr\u00edtico para el \u00e9xito empresarial, y la direcci\u00f3n del hotel en <\/span><strong class=\"qwen-markdown-strong\"><span class=\"qwen-markdown-text\">Plaza Zhongguan Shidai<\/span><\/strong><span class=\"qwen-markdown-text\"> te sit\u00faa en un vibrante ecosistema comercial. La propiedad est\u00e1 a pocos pasos de <\/span><strong class=\"qwen-markdown-strong\"><span class=\"qwen-markdown-text\">Estaci\u00f3n University Town de la l\u00ednea 5 del metro<\/span><\/strong><span class=\"qwen-markdown-text\">, proporcionando conectividad directa con el distrito comercial central de Futian de Shenzhen y el <\/span><strong class=\"qwen-markdown-strong\"><span class=\"qwen-markdown-text\">Estaci\u00f3n de tren del norte de Shenzhen<\/span><\/strong><span class=\"qwen-markdown-text\">, un importante nudo ferroviario de alta velocidad que conecta Shenzhen con Guangzhou y m\u00e1s all\u00e1. Esta proximidad es invaluable para los ejecutivos que gestionan itinerarios multiciudad. Adem\u00e1s, la ubicaci\u00f3n dentro del <\/span><strong class=\"qwen-markdown-strong\"><span class=\"qwen-markdown-text\">Ciudad universitaria de Xili<\/span><\/strong><span class=\"qwen-markdown-text\"> La zona ofrece oportunidades \u00fanicas para la colaboraci\u00f3n con instituciones de investigaci\u00f3n de primer nivel, entre ellas: <\/span><strong class=\"qwen-markdown-strong\"><span class=\"qwen-markdown-text\">Universidad de Tsinghua, Universidad de Pek\u00edn e Instituto Tecnol\u00f3gico de Harbin (Shenzhen)<\/span><\/strong><span class=\"qwen-markdown-text\">. Esto convierte al hotel en una opci\u00f3n ideal para conferencias acad\u00e9micas, colaboraciones de investigaci\u00f3n y creaci\u00f3n de redes en la industria tecnol\u00f3gica. Complejos comerciales cercanos como <\/span><strong class=\"qwen-markdown-strong\"><span class=\"qwen-markdown-text\">Centro comercial vacacional Yitian<\/span><\/strong><span class=\"qwen-markdown-text\"> Ofrecemos numerosos espacios para que los clientes cenen y para que establezcan contactos comerciales de manera informal.<\/span><\/div><div class=\"qwen-markdown-space\">\u00a0<\/div><h2 class=\"qwen-markdown-heading\"><span class=\"qwen-markdown-text\">Hospitalidad corporativa y entretenimiento para clientes.<\/span><\/h2><div class=\"qwen-markdown-paragraph\"><span class=\"qwen-markdown-text\">Los negocios a menudo se extienden m\u00e1s all\u00e1 de la sala de conferencias, y el Hotel Shenzhen Nanshan Jingfeng ofrece espacios excepcionales para el entretenimiento de clientes y actividades de formaci\u00f3n de equipos. <\/span><strong class=\"qwen-markdown-strong\"><span class=\"qwen-markdown-text\">Restaurante Genting en el piso 37<\/span><\/strong><span class=\"qwen-markdown-text\"> Ofrece un entorno sofisticado para cenas de negocios, donde los ejecutivos pueden impresionar a sus clientes con platos privados personalizados mientras disfrutan de vistas panor\u00e1micas del horizonte de Shenzhen. Para actividades de formaci\u00f3n de equipos o relajaci\u00f3n corporativa, el hotel cuenta con instalaciones para actividades al aire libre. <\/span><strong class=\"qwen-markdown-strong\"><span class=\"qwen-markdown-text\">Instalaciones KTV<\/span><\/strong><span class=\"qwen-markdown-text\"> y <\/span><strong class=\"qwen-markdown-strong\"><span class=\"qwen-markdown-text\">gimnasio<\/span><\/strong><span class=\"qwen-markdown-text\"> Ofrecemos excelentes opciones para fomentar el esp\u00edritu de equipo y relajarse tras jornadas laborales intensas. La capacidad del hotel para adaptarse a diversas preferencias diet\u00e9ticas garantiza que las comidas de negocios sean inclusivas y agradables para todos los hu\u00e9spedes internacionales. Tambi\u00e9n disponemos de servicio de habitaciones para quienes prefieren trabajar durante las comidas, asegurando que la productividad nunca se vea interrumpida.<\/span><\/div><div class=\"qwen-markdown-space\">\u00a0<\/div><h2 class=\"qwen-markdown-heading\"><span class=\"qwen-markdown-text\">Ideal para asignaciones corporativas prolongadas y traslados.<\/span><\/h2><div class=\"qwen-markdown-paragraph\"><span class=\"qwen-markdown-text\">Para las empresas que reubican personal o gestionan proyectos a largo plazo en Shenzhen, el hotel <\/span><strong class=\"qwen-markdown-strong\"><span class=\"qwen-markdown-text\">alojamientos tipo apartamento<\/span><\/strong><span class=\"qwen-markdown-text\"> Ofrecer una alternativa superior al arrendamiento tradicional o a los hoteles est\u00e1ndar. La presencia de <\/span><strong class=\"qwen-markdown-strong\"><span class=\"qwen-markdown-text\">cocinas completas<\/span><\/strong><span class=\"qwen-markdown-text\"> En las suites, esto permite a los empleados mantener h\u00e1bitos alimenticios saludables y reducir los costos de vida durante estancias prolongadas. <\/span><strong class=\"qwen-markdown-strong\"><span class=\"qwen-markdown-text\">instalaciones de lavander\u00eda<\/span><\/strong><span class=\"qwen-markdown-text\"> y un amplio espacio de almacenamiento hacen que instalarse durante semanas o meses sea muy sencillo. El hotel ofrece flexibilidad <\/span><strong class=\"qwen-markdown-strong\"><span class=\"qwen-markdown-text\">Paquetes para estancias diarias, mensuales y de larga duraci\u00f3n<\/span><\/strong><span class=\"qwen-markdown-text\">, Ofrecemos soluciones rentables para los presupuestos de alojamiento corporativo. El entorno seguro, con cajas de seguridad y vigilancia las 24 horas, garantiza la tranquilidad de los empleados que viven lejos de casa. Esta combinaci\u00f3n de comodidad hogare\u00f1a y servicio de hotel reduce el estr\u00e9s y aumenta la productividad de los empleados expatriados.<\/span><\/div><div class=\"qwen-markdown-space\">\u00a0<\/div><h2 class=\"qwen-markdown-heading\"><span class=\"qwen-markdown-text\">Compromiso con la continuidad del negocio y la seguridad.<\/span><\/h2><div class=\"qwen-markdown-paragraph\"><span class=\"qwen-markdown-text\">En el panorama empresarial actual, la seguridad y la fiabilidad son primordiales. El Hotel Shenzhen Nanshan Jingfeng mantiene est\u00e1ndares rigurosos para garantizar la continuidad de los negocios de sus hu\u00e9spedes. El establecimiento est\u00e1 equipado con una amplia gama de servicios. <\/span><strong class=\"qwen-markdown-strong\"><span class=\"qwen-markdown-text\">sistemas de seguridad contra incendios y vigilancia de seguridad<\/span><\/strong><span class=\"qwen-markdown-text\">, protegiendo tanto al personal como a los materiales comerciales confidenciales. <\/span><strong class=\"qwen-markdown-strong\"><span class=\"qwen-markdown-text\">pol\u00edtica de no fumar<\/span><\/strong><span class=\"qwen-markdown-text\"> En todas las habitaciones y \u00e1reas comunes se garantiza un ambiente saludable, reduciendo los d\u00edas de enfermedad y manteniendo la calidad del aire para una funci\u00f3n cognitiva \u00f3ptima. Con un <\/span><strong class=\"qwen-markdown-strong\"><span class=\"qwen-markdown-text\">Calificaci\u00f3n de 4,8 estrellas<\/span><\/strong><span class=\"qwen-markdown-text\"> Con una reputaci\u00f3n de servicio excepcional, el hotel garantiza un entorno estable y profesional donde los viajeros de negocios pueden centrarse por completo en sus objetivos sin preocuparse por la log\u00edstica del alojamiento.<\/span><\/div><div class=\"qwen-markdown-space\">\u00a0<\/div><h2 class=\"qwen-markdown-heading\"><span class=\"qwen-markdown-text\">As\u00f3ciate con el Hotel Shenzhen Nanshan Jingfeng para tu pr\u00f3ximo proyecto.<\/span><\/h2><div class=\"qwen-markdown-paragraph\" data-spm-anchor-id=\"a2ty_o01.29997173.0.i18.51415171bLuhRr\"><span class=\"qwen-markdown-text\">Ya sea que est\u00e9 organizando una conferencia de alto nivel, gestionando un proyecto t\u00e9cnico a largo plazo en Nanshan o buscando alojamiento ejecutivo para su personal directivo, el Hotel Shenzhen Nanshan Jingfeng (Sucursal de la Ciudad Universitaria de Xili) le brinda la infraestructura y la excelencia en el servicio necesarias para el \u00e9xito. Al combinar una ubicaci\u00f3n estrat\u00e9gica, instalaciones comerciales avanzadas y espacios de alojamiento confortables, este hotel permite a los profesionales alcanzar sus objetivos en Shenzhen. Experimente la sinergia perfecta entre trabajo y comodidad en <\/span><strong class=\"qwen-markdown-strong\"><span class=\"qwen-markdown-text\">Torre B, Plaza Zhongguan Shidai, No. 4168 Avenida Liuxian<\/span><\/strong><span class=\"qwen-markdown-text\">, y descubra por qu\u00e9 esta propiedad es la opci\u00f3n preferida de las \u00e9lites empresariales de Guangdong.<\/span><\/div>\t\t\t\t\t\t\t\t<\/div>\n\t\t\t\t\t<\/div>\n\t\t\t\t<\/div>\n\t\t\t\t<\/div>","protected":false},"excerpt":{"rendered":"<p>Elevate Your Corporate Experience at Shenzhen Nanshan Jingfeng Hotel (Xili University Town Branch) A Strategic Hub for Business Excellence in Nanshan For discerning professionals and corporate travelers seeking a competitive edge in Shenzhen&#8217;s dynamic market, the Shenzhen Nanshan Jingfeng Hotel (Xili University Town Branch) stands as a premier destination for business productivity and executive comfort. [&hellip;]<\/p>\n","protected":false},"author":1,"featured_media":0,"parent":0,"menu_order":0,"comment_status":"closed","ping_status":"closed","template":"elementor_header_footer","meta":{"footnotes":""},"class_list":["post-2109","page","type-page","status-publish","hentry","post-no-thumbnail"],"_links":{"self":[{"href":"https:\/\/nanshanjingfenghotel.com\/es\/wp-json\/wp\/v2\/pages\/2109","targetHints":{"allow":["GET"]}}],"collection":[{"href":"https:\/\/nanshanjingfenghotel.com\/es\/wp-json\/wp\/v2\/pages"}],"about":[{"href":"https:\/\/nanshanjingfenghotel.com\/es\/wp-json\/wp\/v2\/types\/page"}],"author":[{"embeddable":true,"href":"https:\/\/nanshanjingfenghotel.com\/es\/wp-json\/wp\/v2\/users\/1"}],"replies":[{"embeddable":true,"href":"https:\/\/nanshanjingfenghotel.com\/es\/wp-json\/wp\/v2\/comments?post=2109"}],"version-history":[{"count":0,"href":"https:\/\/nanshanjingfenghotel.com\/es\/wp-json\/wp\/v2\/pages\/2109\/revisions"}],"wp:attachment":[{"href":"https:\/\/nanshanjingfenghotel.com\/es\/wp-json\/wp\/v2\/media?parent=2109"}],"curies":[{"name":"wp","href":"https:\/\/api.w.org\/{rel}","templated":true}]}}