{"id":612,"date":"2021-03-26T10:04:13","date_gmt":"2021-03-26T10:04:13","guid":{"rendered":"http:\/\/localhost\/nuss\/?page_id=612"},"modified":"2026-03-19T07:59:16","modified_gmt":"2026-03-19T07:59:16","slug":"restaurante","status":"publish","type":"page","link":"https:\/\/nanshanjingfenghotel.com\/es\/restaurant\/","title":{"rendered":"Restaurante"},"content":{"rendered":"<div data-elementor-type=\"wp-page\" data-elementor-id=\"612\" class=\"elementor elementor-612\">\n\t\t\t\t\t\t<section class=\"elementor-section elementor-top-section elementor-element elementor-element-e2effe8 elementor-section-boxed elementor-section-gap-beside-yes elementor-section-height-default elementor-section-height-default elementor-section-column-vertical-align-stretch\" data-id=\"e2effe8\" data-element_type=\"section\" data-e-type=\"section\">\n\t\t\t\t\t\t<div class=\"elementor-container elementor-column-gap-extended\">\n\t\t\t\t\t<div class=\"elementor-column elementor-col-100 elementor-top-column elementor-element elementor-element-e18f688\" data-id=\"e18f688\" data-element_type=\"column\" data-e-type=\"column\">\n\t\t\t<div class=\"elementor-widget-wrap elementor-element-populated\">\n\t\t\t\t\t\t<div class=\"elementor-element elementor-element-6db146d elementor-widget__width-initial elementor-invisible elementor-widget elementor-widget-text-editor\" data-id=\"6db146d\" data-element_type=\"widget\" data-e-type=\"widget\" data-settings=\"{&quot;_animation&quot;:&quot;nussFadeInUp&quot;}\" data-widget_type=\"text-editor.default\">\n\t\t\t\t\t\t\t\t\tExcelencia culinaria por encima de las nubes: Cenar en el Hotel Shenzhen Nanshan Jingfeng.\t\t\t\t\t\t\t\t<\/div>\n\t\t\t\t\t<\/div>\n\t\t<\/div>\n\t\t\t\t\t<\/div>\n\t\t<\/section>\n\t\t<div class=\"elementor-element elementor-element-4432428 e-flex e-con-boxed e-con e-parent\" data-id=\"4432428\" data-element_type=\"container\" data-e-type=\"container\">\n\t\t\t\t\t<div class=\"e-con-inner\">\n\t\t\t\t<div class=\"elementor-element elementor-element-3224a86 elementor-widget elementor-widget-nuss-image-gallery\" data-id=\"3224a86\" data-element_type=\"widget\" data-e-type=\"widget\" data-widget_type=\"nuss-image-gallery.default\">\n\t\t\t\t<div class=\"elementor-widget-container\">\n\t\t\t\t\t\t\t<div class=\"nuss-grid-wrapper\" data-grid=\"{&quot;type&quot;:&quot;grid&quot;,&quot;ratio&quot;:null,&quot;columns&quot;:3,&quot;gutter&quot;:30}\">\r\n\t\t\t<div class=\"nuss-grid lazy-grid\">\r\n\t\t\t\t<div class=\"grid-sizer\"><\/div>\r\n\r\n\t\t\t\t\t\t\t\t\t\t\t\t<div class=\"grid-item\">\r\n\t\t\t\t\t\t<div class=\"nuss-box\">\t\t<div class=\"nuss-image image\">\r\n\t\t\t<img decoding=\"async\"  src=\"https:\/\/nanshanjingfenghotel.com\/wp-content\/uploads\/2026\/03\/Shenzhen-Nanshan-Jingfeng-Hotel-37.webp\" alt=\"Shenzhen Nanshan Jingfeng Hotel (37)\" \/>\t\t<\/div>\r\n\t\t\t\t<\/div>\t\t\t\t\t<\/div>\r\n\t\t\t\t\t\t<div class=\"grid-item\">\r\n\t\t\t\t\t\t<div class=\"nuss-box\">\t\t<div class=\"nuss-image image\">\r\n\t\t\t<img decoding=\"async\"  src=\"https:\/\/nanshanjingfenghotel.com\/wp-content\/uploads\/2026\/03\/Shenzhen-Nanshan-Jingfeng-Hotel-35.webp\" alt=\"Shenzhen Nanshan Jingfeng Hotel (35)\" \/>\t\t<\/div>\r\n\t\t\t\t<\/div>\t\t\t\t\t<\/div>\r\n\t\t\t\t\t\t<div class=\"grid-item\">\r\n\t\t\t\t\t\t<div class=\"nuss-box\">\t\t<div class=\"nuss-image image\">\r\n\t\t\t<img decoding=\"async\"  src=\"https:\/\/nanshanjingfenghotel.com\/wp-content\/uploads\/2026\/03\/Shenzhen-Nanshan-Jingfeng-Hotel-33.webp\" alt=\"Shenzhen Nanshan Jingfeng Hotel (33)\" \/>\t\t<\/div>\r\n\t\t\t\t<\/div>\t\t\t\t\t<\/div>\r\n\t\t\t\t\t\t<div class=\"grid-item\">\r\n\t\t\t\t\t\t<div class=\"nuss-box\">\t\t<div class=\"nuss-image image\">\r\n\t\t\t<img decoding=\"async\"  src=\"https:\/\/nanshanjingfenghotel.com\/wp-content\/uploads\/2026\/03\/Shenzhen-Nanshan-Jingfeng-Hotel-31.webp\" alt=\"Shenzhen Nanshan Jingfeng Hotel (31)\" \/>\t\t<\/div>\r\n\t\t\t\t<\/div>\t\t\t\t\t<\/div>\r\n\t\t\t\t\t\t<div class=\"grid-item\">\r\n\t\t\t\t\t\t<div class=\"nuss-box\">\t\t<div class=\"nuss-image image\">\r\n\t\t\t<img decoding=\"async\"  src=\"https:\/\/nanshanjingfenghotel.com\/wp-content\/uploads\/2026\/03\/Shenzhen-Nanshan-Jingfeng-Hotel-30.webp\" alt=\"Shenzhen Nanshan Jingfeng Hotel (30)\" \/>\t\t<\/div>\r\n\t\t\t\t<\/div>\t\t\t\t\t<\/div>\r\n\t\t\t\t\t\t<div class=\"grid-item\">\r\n\t\t\t\t\t\t<div class=\"nuss-box\">\t\t<div class=\"nuss-image image\">\r\n\t\t\t<img decoding=\"async\"  src=\"https:\/\/nanshanjingfenghotel.com\/wp-content\/uploads\/2026\/03\/Shenzhen-Nanshan-Jingfeng-Hotel-28.webp\" alt=\"Shenzhen Nanshan Jingfeng Hotel (28)\" \/>\t\t<\/div>\r\n\t\t\t\t<\/div>\t\t\t\t\t<\/div>\r\n\t\t\t\t\t\t<div class=\"grid-item\">\r\n\t\t\t\t\t\t<div class=\"nuss-box\">\t\t<div class=\"nuss-image image\">\r\n\t\t\t<img decoding=\"async\"  src=\"https:\/\/nanshanjingfenghotel.com\/wp-content\/uploads\/2026\/03\/Shenzhen-Nanshan-Jingfeng-Hotel-27.webp\" alt=\"Shenzhen Nanshan Jingfeng Hotel (27)\" \/>\t\t<\/div>\r\n\t\t\t\t<\/div>\t\t\t\t\t<\/div>\r\n\t\t\t\t\t\t<div class=\"grid-item\">\r\n\t\t\t\t\t\t<div class=\"nuss-box\">\t\t<div class=\"nuss-image image\">\r\n\t\t\t<img decoding=\"async\"  src=\"https:\/\/nanshanjingfenghotel.com\/wp-content\/uploads\/2026\/03\/Shenzhen-Nanshan-Jingfeng-Hotel-24.webp\" alt=\"Shenzhen Nanshan Jingfeng Hotel (24)\" \/>\t\t<\/div>\r\n\t\t\t\t<\/div>\t\t\t\t\t<\/div>\r\n\t\t\t\t\t\t<div class=\"grid-item\">\r\n\t\t\t\t\t\t<div class=\"nuss-box\">\t\t<div class=\"nuss-image image\">\r\n\t\t\t<img decoding=\"async\"  src=\"https:\/\/nanshanjingfenghotel.com\/wp-content\/uploads\/2026\/03\/Shenzhen-Nanshan-Jingfeng-Hotel-22.webp\" alt=\"Shenzhen Nanshan Jingfeng Hotel (22)\" \/>\t\t<\/div>\r\n\t\t\t\t<\/div>\t\t\t\t\t<\/div>\r\n\t\t\t\t\t\t\t\r\n\t\t\t<\/div>\r\n\t\t<\/div>\r\n\t\t\t\t\t\t<\/div>\n\t\t\t\t<\/div>\n\t\t\t\t\t<\/div>\n\t\t\t\t<\/div>\n\t\t<div class=\"elementor-element elementor-element-f502419 e-flex e-con-boxed e-con e-parent\" data-id=\"f502419\" data-element_type=\"container\" data-e-type=\"container\">\n\t\t\t\t\t<div class=\"e-con-inner\">\n\t\t\t\t<div class=\"elementor-element elementor-element-3ed7508 elementor-widget elementor-widget-text-editor\" data-id=\"3ed7508\" data-element_type=\"widget\" data-e-type=\"widget\" data-widget_type=\"text-editor.default\">\n\t\t\t\t\t\t\t\t\t<h2 class=\"qwen-markdown-heading\"><span class=\"qwen-markdown-text\">Un viaje gastron\u00f3mico en el coraz\u00f3n de Nanshan.<\/span><\/h2><div class=\"qwen-markdown-paragraph\"><span class=\"qwen-markdown-text\">Cenar en el <\/span><strong class=\"qwen-markdown-strong\"><span class=\"qwen-markdown-text\">Shenzhen Nanshan Jingfeng Hotel (sucursal de la ciudad universitaria de Xili)<\/span><\/strong><span class=\"qwen-markdown-text\"> es una experiencia que trasciende el mero sustento, evolucionando en un viaje culinario memorable con el impresionante horizonte de Shenzhen como tel\u00f3n de fondo. Ubicado en <\/span><strong class=\"qwen-markdown-strong\"><span class=\"qwen-markdown-text\">Torre B, Zhongguan Shidai Plaza, No. 4168 Liuxian Avenue, distrito de Nanshan, Shenzhen, Guangdong, China<\/span><\/strong><span class=\"qwen-markdown-text\">, Nuestro restaurante ofrece a los hu\u00e9spedes una oportunidad \u00fanica para saborear exquisitos platos en un ambiente sofisticado y confortable. Tanto si viaja por negocios y busca un lugar para agasajar a sus clientes, como si es una familia que desea una comida r\u00e1pida despu\u00e9s de un d\u00eda de turismo, o si se aloja en nuestro hotel por un periodo prolongado y prefiere la comodidad de la comida casera, nuestras instalaciones est\u00e1n dise\u00f1adas para satisfacer todos los paladares y preferencias con una calidad y un servicio inigualables.<\/span><\/div><div class=\"qwen-markdown-space\">\u00a0<\/div><h2 class=\"qwen-markdown-heading\"><span class=\"qwen-markdown-text\">El restaurante Genting: Cenar en las alturas con vistas panor\u00e1micas.<\/span><\/h2><div class=\"qwen-markdown-paragraph\"><span class=\"qwen-markdown-text\">La joya de la corona de nuestra oferta culinaria es el renombrado <\/span><strong class=\"qwen-markdown-strong\"><span class=\"qwen-markdown-text\">Restaurante Genting<\/span><\/strong><span class=\"qwen-markdown-text\">, situado en el <\/span><strong class=\"qwen-markdown-strong\"><span class=\"qwen-markdown-text\">piso 37<\/span><\/strong><span class=\"qwen-markdown-text\"> del hotel. Este elegante restaurante ofrece a sus comensales mucho m\u00e1s que una simple comida; brinda una vista panor\u00e1mica del vibrante distrito de Nanshan, incluyendo impresionantes vistas de la monta\u00f1a Tanglang y el deslumbrante paisaje nocturno de la ciudad. El ambiente, cuidadosamente dise\u00f1ado, combina la elegancia moderna con una c\u00e1lida hospitalidad, convirti\u00e9ndolo en el escenario ideal tanto para cenas rom\u00e1nticas como para importantes reuniones de negocios. Mientras disfruta de su comida, los ventanales que van del suelo al techo permiten la entrada de luz natural durante el d\u00eda y se transforman en un lienzo de luces urbanas por la noche, creando un ambiente din\u00e1mico que cambia con el paso de las horas. El restaurante Genting se ha convertido r\u00e1pidamente en un destino en s\u00ed mismo dentro del \u00e1rea de la Ciudad Universitaria de Xili, atrayendo tanto a hu\u00e9spedes del hotel como a conocedores locales que aprecian la combinaci\u00f3n de altura, vistas y arte culinario.<\/span><\/div><div class=\"qwen-markdown-space\">\u00a0<\/div><h2 class=\"qwen-markdown-heading\"><span class=\"qwen-markdown-text\">Aut\u00e9ntica cocina local y platos privados personalizados.<\/span><\/h2><div class=\"qwen-markdown-paragraph\"><span class=\"qwen-markdown-text\">En el coraz\u00f3n del men\u00fa de nuestro restaurante se encuentra un compromiso con <\/span><strong class=\"qwen-markdown-strong\"><span class=\"qwen-markdown-text\">aut\u00e9ntica cocina local<\/span><\/strong><span class=\"qwen-markdown-text\"> que celebra la rica herencia culinaria de Shenzhen y la provincia de Guangdong. Nuestros chefs ejecutivos seleccionan meticulosamente ingredientes frescos y de alta calidad de los mercados locales para garantizar que cada plato rebose de sabor y frescura. Los comensales pueden deleitarse con una variedad de especialidades regionales, desde delicados dim sum hasta contundentes cl\u00e1sicos cantoneses, todos preparados con t\u00e9cnicas tradicionales y un toque moderno. Para aquellos que buscan una experiencia m\u00e1s exclusiva, el restaurante se especializa en <\/span><strong class=\"qwen-markdown-strong\"><span class=\"qwen-markdown-text\">platos privados personalizados<\/span><\/strong><span class=\"qwen-markdown-text\">. Ya sea que tenga requisitos diet\u00e9ticos espec\u00edficos, celebre una ocasi\u00f3n especial o organice un banquete corporativo, nuestro equipo culinario trabaja en estrecha colaboraci\u00f3n con los comensales para crear men\u00fas personalizados que superen sus expectativas. Esta flexibilidad garantiza que cada experiencia gastron\u00f3mica se adapte a las necesidades y gustos \u00fanicos de nuestros visitantes, convirtiendo cada comida en un evento distintivo e inolvidable.<\/span><\/div><div class=\"qwen-markdown-space\">\u00a0<\/div><h2 class=\"qwen-markdown-heading\"><span class=\"qwen-markdown-text\">Opciones gastron\u00f3micas flexibles para cada estilo de vida.<\/span><\/h2><div class=\"qwen-markdown-paragraph\"><span class=\"qwen-markdown-text\">Entendiendo que los viajeros modernos tienen horarios y preferencias diversas, el Hotel Shenzhen Nanshan Jingfeng ofrece una variedad de opciones gastron\u00f3micas m\u00e1s all\u00e1 del restaurante principal. Para los hu\u00e9spedes que prefieren la privacidad y la comodidad de sus habitaciones, nuestro <\/span><strong class=\"qwen-markdown-strong\"><span class=\"qwen-markdown-text\">Servicio de habitaciones las 24 horas<\/span><\/strong><span class=\"qwen-markdown-text\"> Llevamos la experiencia completa de un restaurante directamente a tu puerta. Ya sea que necesites un desayuno r\u00e1pido antes de una reuni\u00f3n temprana, un almuerzo saludable durante una jornada laboral o una cena relajante despu\u00e9s de un largo d\u00eda, nuestro men\u00fa de servicio a la habitaci\u00f3n ofrece una amplia selecci\u00f3n de platos fr\u00edos y calientes entregados de manera r\u00e1pida y profesional. Adem\u00e1s, reconociendo las necesidades de las estancias prolongadas y las familias, el hotel ofrece acceso a un <\/span><strong class=\"qwen-markdown-strong\"><span class=\"qwen-markdown-text\">cocina compartida<\/span><\/strong><span class=\"qwen-markdown-text\">. Esta exclusiva comodidad permite a los hu\u00e9spedes que prefieren cocinar sus propias comidas hacerlo con facilidad, ofreciendo una opci\u00f3n econ\u00f3mica y acogedora para quienes desean preparar men\u00fas con dietas espec\u00edficas o simplemente disfrutar del relajante proceso de cocinar durante sus viajes. Esta combinaci\u00f3n de servicio completo de comidas y flexibilidad para cocinar por cuenta propia distingue a nuestro hotel como una opci\u00f3n de alojamiento verdaderamente vers\u00e1til.<\/span><\/div><div class=\"qwen-markdown-space\">\u00a0<\/div><h2 class=\"qwen-markdown-heading\"><span class=\"qwen-markdown-text\">Lugar ideal para eventos empresariales y reuniones sociales.<\/span><\/h2><div class=\"qwen-markdown-paragraph\"><span class=\"qwen-markdown-text\">Las instalaciones de comedor del hotel Shenzhen Nanshan Jingfeng son perfectamente adecuadas para <\/span><strong class=\"qwen-markdown-strong\"><span class=\"qwen-markdown-text\">Entretenimiento empresarial y reuniones corporativas<\/span><\/strong><span class=\"qwen-markdown-text\">. Los salones privados del restaurante Genting ofrecen un ambiente \u00edntimo donde se pueden mantener conversaciones confidenciales mientras se disfruta de exquisitas comidas. Nuestro personal de servicio profesional est\u00e1 capacitado para gestionar eventos corporativos con discreci\u00f3n y eficiencia, garantizando que los almuerzos o cenas de negocios se desarrollen sin contratiempos. Para actividades de integraci\u00f3n de equipos o reuniones sociales informales, las amplias zonas de estar y las instalaciones de karaoke del restaurante, ubicadas en la misma planta, ofrecen una excelente oportunidad para que los compa\u00f1eros estrechen lazos mientras comparten comida y entretenimiento. Su proximidad a los principales centros de negocios del distrito de Nanshan lo convierte en una ubicaci\u00f3n ideal para recibir a clientes que visitan los parques tecnol\u00f3gicos cercanos o las instituciones de la Ciudad Universitaria. Al combinar una gastronom\u00eda de alta calidad con un ambiente profesional, ayudamos a nuestros clientes a causar una impresi\u00f3n memorable en sus socios comerciales.<\/span><\/div><div class=\"qwen-markdown-space\">\u00a0<\/div><h2 class=\"qwen-markdown-heading\"><span class=\"qwen-markdown-text\">Panorama culinario circundante y conveniencia<\/span><\/h2><div class=\"qwen-markdown-paragraph\"><span class=\"qwen-markdown-text\">Si bien las opciones gastron\u00f3micas internas del hotel son completas, los hu\u00e9spedes tambi\u00e9n se benefician del vibrante panorama culinario de los alrededores. <\/span><strong class=\"qwen-markdown-strong\"><span class=\"qwen-markdown-text\">Plaza Zhongguan Shidai<\/span><\/strong><span class=\"qwen-markdown-text\">. El adyacente <\/span><strong class=\"qwen-markdown-strong\"><span class=\"qwen-markdown-text\">Centro comercial vacacional Yitian<\/span><\/strong><span class=\"qwen-markdown-text\"> Ofrece una gran variedad de opciones gastron\u00f3micas adicionales, desde cadenas internacionales de comida r\u00e1pida hasta cafeter\u00edas especializadas y diversas cocinas regionales. Este acceso inmediato a opciones gastron\u00f3micas externas garantiza que los hu\u00e9spedes nunca se queden sin opciones para sus aventuras culinarias. Sin embargo, muchos terminan regresando al restaurante del hotel debido a la conveniencia, la calidad y los excepcionales est\u00e1ndares de servicio que definen la experiencia Jingfeng. La ubicaci\u00f3n en <\/span><strong class=\"qwen-markdown-strong\"><span class=\"qwen-markdown-text\">Avenida Liuxian<\/span><\/strong><span class=\"qwen-markdown-text\"> Te sit\u00faa en un barrio vibrante, pero el restaurante del hotel ofrece un remanso de paz donde relajarte sin tener que desplazarte lejos. Tanto si decides explorar la gastronom\u00eda local como si prefieres disfrutar de la comodidad del hotel, estar\u00e1s ubicado en uno de los distritos con mayor oferta culinaria de Shenzhen.<\/span><\/div><div class=\"qwen-markdown-space\">\u00a0<\/div><h2 class=\"qwen-markdown-heading\"><span class=\"qwen-markdown-text\">Compromiso con la seguridad, la higiene y la calidad.<\/span><\/h2><div class=\"qwen-markdown-paragraph\"><span class=\"qwen-markdown-text\">En el entorno tur\u00edstico actual, la seguridad y la higiene son preocupaciones primordiales para los comensales. El hotel Shenzhen Nanshan Jingfeng mantiene medidas rigurosas. <\/span><strong class=\"qwen-markdown-strong\"><span class=\"qwen-markdown-text\">normas de seguridad alimentaria e higiene<\/span><\/strong><span class=\"qwen-markdown-text\"> En todas las \u00e1reas de comedor, nuestro personal de cocina se adhiere a estrictos protocolos sanitarios, garantizando que todos los alimentos se preparen, almacenen y sirvan en un entorno higi\u00e9nico. Las \u00e1reas del restaurante se desinfectan regularmente y la distancia entre mesas est\u00e1 dise\u00f1ada para brindar a los comensales una distancia c\u00f3moda y segura. Entendemos que la tranquilidad es esencial para disfrutar de una comida, por lo que nuestro equipo se dedica a mantener la transparencia y la excelencia en todas las pr\u00e1cticas de higiene. Desde la frescura de los ingredientes hasta la limpieza de los utensilios, cada detalle se supervisa para garantizar que los comensales puedan cenar con confianza. Este compromiso con la seguridad complementa nuestra dedicaci\u00f3n al sabor, creando una experiencia gastron\u00f3mica integral que prioriza el bienestar de nuestros comensales.<\/span><\/div><div class=\"qwen-markdown-space\">\u00a0<\/div><h2 class=\"qwen-markdown-heading\"><span class=\"qwen-markdown-text\">Una muestra de la hospitalidad de Shenzhen<\/span><\/h2><div class=\"qwen-markdown-paragraph\"><span class=\"qwen-markdown-text\">En definitiva, cenar en el Hotel Shenzhen Nanshan Jingfeng se trata de experimentar la calidez de la hospitalidad de Shenzhen a trav\u00e9s de la comida. Nuestro personal est\u00e1 capacitado para ser atento, conocedor y receptivo, asegurando que cada hu\u00e9sped se sienta valorado y atendido. Ya sea que est\u00e9 disfrutando de un desayuno tranquilo con vista a la niebla matutina sobre la monta\u00f1a Tanglang, organizando una animada cena con amigos o tomando un bocado r\u00e1pido entre reuniones, nuestro equipo est\u00e1 aqu\u00ed para mejorar su experiencia. Creemos que la comida es un lenguaje universal que conecta a las personas, y nuestro restaurante sirve como un lugar de encuentro donde se comparten historias y se crean recuerdos. La combinaci\u00f3n de una ubicaci\u00f3n estrat\u00e9gica en <\/span><strong class=\"qwen-markdown-strong\"><span class=\"qwen-markdown-text\">No. 4168 Avenida Liuxian<\/span><\/strong><span class=\"qwen-markdown-text\">, Sus instalaciones de primera categor\u00eda y su excelencia culinaria hacen de nuestro restaurante un elemento destacado del hotel.<\/span><\/div><div class=\"qwen-markdown-space\">\u00a0<\/div><h2 class=\"qwen-markdown-heading\"><span class=\"qwen-markdown-text\">Reserve su mesa hoy mismo.<\/span><\/h2><div class=\"qwen-markdown-paragraph\" data-spm-anchor-id=\"a2ty_o01.29997173.0.i7.51415171bLuhRr\"><span class=\"qwen-markdown-text\">Le invitamos a descubrir las excepcionales opciones gastron\u00f3micas disponibles en el <\/span><strong class=\"qwen-markdown-strong\"><span class=\"qwen-markdown-text\">Shenzhen Nanshan Jingfeng Hotel (sucursal de la ciudad universitaria de Xili)<\/span><\/strong><span class=\"qwen-markdown-text\">. Ya sea que se hospede con nosotros o nos visite espec\u00edficamente para comer, el restaurante Genting y nuestros completos servicios gastron\u00f3micos le prometen una experiencia inolvidable. Acomp\u00e1\u00f1enos en el piso 37 para degustar los sabores de Shenzhen mientras disfruta de vistas que capturan la esencia de esta din\u00e1mica ciudad. Para reservas, solicitudes de men\u00fas especiales o m\u00e1s informaci\u00f3n sobre nuestros servicios gastron\u00f3micos, nuestro equipo de conserjer\u00eda est\u00e1 listo para ayudarle. Experimente la combinaci\u00f3n perfecta de ubicaci\u00f3n, lujo y sabor en <\/span><strong class=\"qwen-markdown-strong\"><span class=\"qwen-markdown-text\">Torre B, Plaza Zhongguan Shidai<\/span><\/strong><span class=\"qwen-markdown-text\">, y perm\u00edtanos hacer que su experiencia gastron\u00f3mica en el distrito de Nanshan sea verdaderamente excepcional.<\/span><\/div>\t\t\t\t\t\t\t\t<\/div>\n\t\t\t\t\t<\/div>\n\t\t\t\t<\/div>\n\t\t\t\t<\/div>","protected":false},"excerpt":{"rendered":"<p>Culinary Excellence Above the Clouds: Dining at Shenzhen Nanshan Jingfeng Hotel A Gastronomic Journey in the Heart of Nanshan Dining at the Shenzhen Nanshan Jingfeng Hotel (Xili University Town Branch) is an experience that transcends mere sustenance, evolving into a memorable culinary journey set against the backdrop of Shenzhen&#8217;s breathtaking skyline. Located at Tower B, [&hellip;]<\/p>\n","protected":false},"author":1,"featured_media":0,"parent":0,"menu_order":0,"comment_status":"closed","ping_status":"closed","template":"elementor_header_footer","meta":{"footnotes":""},"class_list":["post-612","page","type-page","status-publish","hentry","post-no-thumbnail"],"_links":{"self":[{"href":"https:\/\/nanshanjingfenghotel.com\/es\/wp-json\/wp\/v2\/pages\/612","targetHints":{"allow":["GET"]}}],"collection":[{"href":"https:\/\/nanshanjingfenghotel.com\/es\/wp-json\/wp\/v2\/pages"}],"about":[{"href":"https:\/\/nanshanjingfenghotel.com\/es\/wp-json\/wp\/v2\/types\/page"}],"author":[{"embeddable":true,"href":"https:\/\/nanshanjingfenghotel.com\/es\/wp-json\/wp\/v2\/users\/1"}],"replies":[{"embeddable":true,"href":"https:\/\/nanshanjingfenghotel.com\/es\/wp-json\/wp\/v2\/comments?post=612"}],"version-history":[{"count":0,"href":"https:\/\/nanshanjingfenghotel.com\/es\/wp-json\/wp\/v2\/pages\/612\/revisions"}],"wp:attachment":[{"href":"https:\/\/nanshanjingfenghotel.com\/es\/wp-json\/wp\/v2\/media?parent=612"}],"curies":[{"name":"wp","href":"https:\/\/api.w.org\/{rel}","templated":true}]}}