{"id":2104,"date":"2021-03-23T09:33:48","date_gmt":"2021-03-23T09:33:48","guid":{"rendered":"http:\/\/localhost\/nuss\/?page_id=167"},"modified":"2026-03-19T07:59:07","modified_gmt":"2026-03-19T07:59:07","slug":"notre-histoire","status":"publish","type":"page","link":"https:\/\/nanshanjingfenghotel.com\/fr\/our-story\/","title":{"rendered":"Notre histoire"},"content":{"rendered":"<div data-elementor-type=\"wp-page\" data-elementor-id=\"2104\" class=\"elementor elementor-2104\">\n\t\t\t\t\t\t<section class=\"elementor-section elementor-top-section elementor-element elementor-element-8f5bb9d elementor-section-boxed elementor-section-gap-beside-yes elementor-section-height-default elementor-section-height-default elementor-section-column-vertical-align-stretch\" data-id=\"8f5bb9d\" data-element_type=\"section\" data-e-type=\"section\">\n\t\t\t\t\t\t<div class=\"elementor-container elementor-column-gap-extended\">\n\t\t\t\t\t<div class=\"elementor-column elementor-col-100 elementor-top-column elementor-element elementor-element-7ec4215\" data-id=\"7ec4215\" data-element_type=\"column\" data-e-type=\"column\">\n\t\t\t<div class=\"elementor-widget-wrap elementor-element-populated\">\n\t\t\t\t\t\t<div class=\"elementor-element elementor-element-edd9d03 elementor-widget__width-initial elementor-invisible elementor-widget elementor-widget-text-editor\" data-id=\"edd9d03\" data-element_type=\"widget\" data-e-type=\"widget\" data-settings=\"{&quot;_animation&quot;:&quot;nussFadeInUp&quot;}\" data-widget_type=\"text-editor.default\">\n\t\t\t\t\t\t\t\t\tH\u00f4tel Shenzhen Nanshan Jingfeng (branche de la ville universitaire de Xili)\t\t\t\t\t\t\t\t<\/div>\n\t\t\t\t\t<\/div>\n\t\t<\/div>\n\t\t\t\t\t<\/div>\n\t\t<\/section>\n\t\t<div class=\"elementor-element elementor-element-c73117a e-flex e-con-boxed e-con e-parent\" data-id=\"c73117a\" data-element_type=\"container\" data-e-type=\"container\">\n\t\t\t\t\t<div class=\"e-con-inner\">\n\t\t\t\t<div class=\"elementor-element elementor-element-517929b elementor-widget elementor-widget-text-editor\" data-id=\"517929b\" data-element_type=\"widget\" data-e-type=\"widget\" data-widget_type=\"text-editor.default\">\n\t\t\t\t\t\t\t\t\t<h3 class=\"qwen-markdown-heading\"><span class=\"qwen-markdown-text\">Une vision n\u00e9e de l&#039;innovation et de l&#039;hospitalit\u00e9<\/span><\/h3><div class=\"qwen-markdown-paragraph\"><span class=\"qwen-markdown-text\">L&#039;histoire de <\/span><strong class=\"qwen-markdown-strong\"><span class=\"qwen-markdown-text\">H\u00f4tel Shenzhen Nanshan Jingfeng (branche de la ville universitaire de Xili)<\/span><\/strong><span class=\"qwen-markdown-text\"> L&#039;entreprise repose sur une vision simple mais puissante\u00a0: red\u00e9finir l&#039;hospitalit\u00e9 urbaine en cr\u00e9ant un espace o\u00f9 confort, commodit\u00e9 et convivialit\u00e9 se conjuguent. Fond\u00e9e en <\/span><strong class=\"qwen-markdown-strong\"><span class=\"qwen-markdown-text\">2020<\/span><\/strong><span class=\"qwen-markdown-text\">, Notre h\u00f4tel a vu le jour durant une p\u00e9riode de transformation pour Shenzhen, ville mondialement reconnue comme un phare d&#039;innovation, de technologie et de d\u00e9veloppement rapide. Situ\u00e9 \u00e0 <\/span><strong class=\"qwen-markdown-strong\"><span class=\"qwen-markdown-text\">Tour B, Zhongguan Shidai Plaza, n\u00b0 4168 Liuxian Avenue, district de Nanshan, Shenzhen, Guangdong, Chine<\/span><\/strong><span class=\"qwen-markdown-text\">, Nous avons entrepris de cr\u00e9er bien plus qu&#039;un simple lieu d&#039;h\u00e9bergement : nous voulions construire un v\u00e9ritable foyer loin de chez soi pour les voyageurs venus des quatre coins du monde.<\/span><\/div><div class=\"qwen-markdown-space\">\u00a0<\/div><h3 class=\"qwen-markdown-heading\"><span class=\"qwen-markdown-text\">Le c\u0153ur de la ville universitaire<\/span><\/h3><div class=\"qwen-markdown-paragraph\"><span class=\"qwen-markdown-text\">Notre emplacement dans le <\/span><strong class=\"qwen-markdown-strong\"><span class=\"qwen-markdown-text\">Ville universitaire de Xili<\/span><\/strong><span class=\"qwen-markdown-text\"> Ce quartier n&#039;est pas qu&#039;un simple choix g\u00e9ographique\u00a0; il fait partie int\u00e9grante de notre identit\u00e9. Entour\u00e9 d&#039;institutions prestigieuses, notamment <\/span><strong class=\"qwen-markdown-strong\"><span class=\"qwen-markdown-text\">Universit\u00e9 Tsinghua, Universit\u00e9 de P\u00e9kin et Institut de technologie de Harbin (Shenzhen)<\/span><\/strong><span class=\"qwen-markdown-text\">, Notre h\u00f4tel se situe au carrefour de l&#039;excellence acad\u00e9mique et du raffinement urbain. Ce positionnement unique a fa\u00e7onn\u00e9 notre culture et attire une client\u00e8le diversifi\u00e9e compos\u00e9e de chefs d&#039;entreprise, de chercheurs et universitaires, de familles et de clients s\u00e9journant au long cours, en qu\u00eate d&#039;un h\u00e9bergement alliant professionnalisme et confort.<\/span><\/div><div class=\"qwen-markdown-space\">\u00a0<\/div><div class=\"qwen-markdown-paragraph\"><span class=\"qwen-markdown-text\">Le district de Nanshan est r\u00e9put\u00e9 pour \u00eatre le p\u00f4le technologique et d&#039;innovation de Shenzhen, abritant d&#039;innombrables start-ups, multinationales et centres de recherche. En nous y implantant, nous nous engageons \u00e0 r\u00e9pondre aux besoins \u00e9volutifs des voyageurs modernes qui recherchent flexibilit\u00e9, fiabilit\u00e9 et qualit\u00e9 dans leurs h\u00e9bergements.<\/span><\/div><div class=\"qwen-markdown-space\">\u00a0<\/div><h3 class=\"qwen-markdown-heading\"><span class=\"qwen-markdown-text\">Notre philosophie fondatrice<\/span><\/h3><div class=\"qwen-markdown-paragraph\"><span class=\"qwen-markdown-text\">D\u00e8s le d\u00e9part, les fondateurs de l&#039;h\u00f4tel Jingfeng ont identifi\u00e9 une lacune sur le march\u00e9 pour <\/span><strong class=\"qwen-markdown-strong\"><span class=\"qwen-markdown-text\">hospitalit\u00e9 de type appartement<\/span><\/strong><span class=\"qwen-markdown-text\"> Ce concept allie le confort d&#039;un h\u00f4tel de luxe \u00e0 la praticit\u00e9 d&#039;un s\u00e9jour prolong\u00e9. Les h\u00f4tels traditionnels sont souvent insuffisants pour les clients s\u00e9journant plusieurs nuits ou semaines, tandis que les appartements meubl\u00e9s ne r\u00e9pondent pas toujours aux exigences de qualit\u00e9 et de confort des voyageurs les plus exigeants. Notre solution a consist\u00e9 \u00e0 combler cet \u00e9cart en cr\u00e9ant un mod\u00e8le d&#039;h\u00e9bergement hybride qui offre le meilleur des deux mondes.<\/span><\/div><div class=\"qwen-markdown-space\">\u00a0<\/div><div class=\"qwen-markdown-paragraph\"><span class=\"qwen-markdown-text\">Cette philosophie se refl\u00e8te dans chaque aspect de notre \u00e9tablissement. Chaque chambre comprend <\/span><strong class=\"qwen-markdown-strong\"><span class=\"qwen-markdown-text\">cuisine enti\u00e8rement \u00e9quip\u00e9e<\/span><\/strong><span class=\"qwen-markdown-text\">, <\/span><strong class=\"qwen-markdown-strong\"><span class=\"qwen-markdown-text\">machines \u00e0 laver dans les chambres<\/span><\/strong><span class=\"qwen-markdown-text\">, et des am\u00e9nagements spacieux qui permettent aux clients de vivre confortablement pendant leur s\u00e9jour. Parall\u00e8lement, nous maintenons <\/span><strong class=\"qwen-markdown-strong\"><span class=\"qwen-markdown-text\">normes de service cinq \u00e9toiles<\/span><\/strong><span class=\"qwen-markdown-text\">, notamment un service de conciergerie 24h\/24, un service de m\u00e9nage quotidien, des centres d&#039;affaires et des options de restauration haut de gamme qui rehaussent l&#039;exp\u00e9rience client au-del\u00e0 de ce que peuvent offrir les locations d&#039;appartements classiques.<\/span><\/div><div class=\"qwen-markdown-space\">\u00a0<\/div><h3 class=\"qwen-markdown-heading\"><span class=\"qwen-markdown-text\">Notre mission : le confort sans compromis<\/span><\/h3><div class=\"qwen-markdown-paragraph\"><span class=\"qwen-markdown-text\">Au c\u0153ur de nos activit\u00e9s se trouve une mission simple mais profonde : <\/span><strong class=\"qwen-markdown-strong\"><span class=\"qwen-markdown-text\">offrir \u00e0 chaque client une exp\u00e9rience de s\u00e9jour exceptionnelle qui d\u00e9passe ses attentes.<\/span><\/strong><span class=\"qwen-markdown-text\">. Nous sommes convaincus que voyager doit \u00eatre une exp\u00e9rience enrichissante, confortable et sereine, que nos clients s\u00e9journent une seule nuit ou plusieurs mois. Notre \u00e9quipe s&#039;engage \u00e0 ce que chaque interaction, de l&#039;arriv\u00e9e au d\u00e9part, t\u00e9moigne de notre souci constant d&#039;excellence.<\/span><\/div><div class=\"qwen-markdown-space\">\u00a0<\/div><div class=\"qwen-markdown-paragraph\"><span class=\"qwen-markdown-text\">Cette mission motive nos investissements constants dans nos installations, nos technologies et la formation de notre personnel. Nous mettons r\u00e9guli\u00e8rement \u00e0 jour nos services en fonction des commentaires de nos clients et d\u00e9ployons des solutions innovantes comme notre <\/span><strong class=\"qwen-markdown-strong\"><span class=\"qwen-markdown-text\">technologie des robots de service<\/span><\/strong><span class=\"qwen-markdown-text\">, et maintenir des normes rigoureuses de propret\u00e9 et de s\u00e9curit\u00e9 qui nous ont valu une <\/span><strong class=\"qwen-markdown-strong\"><span class=\"qwen-markdown-text\">Note de 4,8 \u00e9toiles<\/span><\/strong><span class=\"qwen-markdown-text\"> et des milliers d&#039;avis positifs de clients satisfaits.<\/span><\/div><div class=\"qwen-markdown-space\">\u00a0<\/div><h3 class=\"qwen-markdown-heading\"><span class=\"qwen-markdown-text\">Les valeurs fondamentales qui nous guident<\/span><\/h3><div class=\"qwen-markdown-paragraph\"><span class=\"qwen-markdown-text\">Nos op\u00e9rations quotidiennes sont guid\u00e9es par cinq valeurs fondamentales qui d\u00e9finissent l&#039;exp\u00e9rience Jingfeng Hotel\u00a0:<\/span><\/div><div class=\"qwen-markdown-space\">\u00a0<\/div><div class=\"qwen-markdown-paragraph\"><strong class=\"qwen-markdown-strong\"><span class=\"qwen-markdown-text\">Excellence:<\/span><\/strong><span class=\"qwen-markdown-text\"> Nous visons l&#039;excellence dans les moindres d\u00e9tails, de la qualit\u00e9 de nos matelas Airland et de nos \u00e9quipements de salle de bains Toto \u00e0 la r\u00e9activit\u00e9 de notre \u00e9quipe de conciergerie. Rien n&#039;est n\u00e9glig\u00e9 pour garantir la satisfaction de nos clients.<\/span><\/div><div class=\"qwen-markdown-space\">\u00a0<\/div><div class=\"qwen-markdown-paragraph\"><strong class=\"qwen-markdown-strong\"><span class=\"qwen-markdown-text\">Innovation:<\/span><\/strong><span class=\"qwen-markdown-text\"> Fid\u00e8les \u00e0 l&#039;esprit de progr\u00e8s technologique de Shenzhen, nous explorons sans cesse de nouvelles fa\u00e7ons d&#039;am\u00e9liorer l&#039;exp\u00e9rience de nos clients gr\u00e2ce \u00e0 des fonctionnalit\u00e9s intelligentes dans les chambres, des services num\u00e9riques et des commodit\u00e9s modernes.<\/span><\/div><div class=\"qwen-markdown-space\">\u00a0<\/div><div class=\"qwen-markdown-paragraph\"><strong class=\"qwen-markdown-strong\"><span class=\"qwen-markdown-text\">Hospitalit\u00e9:<\/span><\/strong><span class=\"qwen-markdown-text\"> Notre service se distingue par un accueil chaleureux et une attention personnalis\u00e9e. Nous traitons chaque client comme une personne unique, avec des besoins, des pr\u00e9f\u00e9rences et des attentes qui lui sont propres.<\/span><\/div><div class=\"qwen-markdown-space\">\u00a0<\/div><div class=\"qwen-markdown-paragraph\"><strong class=\"qwen-markdown-strong\"><span class=\"qwen-markdown-text\">Int\u00e9grit\u00e9:<\/span><\/strong><span class=\"qwen-markdown-text\"> La transparence des prix, l&#039;honn\u00eatet\u00e9 dans la communication et la fiabilit\u00e9 dans la prestation de services permettent d&#039;instaurer la confiance qui constitue le fondement de relations durables avec les clients.<\/span><\/div><div class=\"qwen-markdown-space\">\u00a0<\/div><div class=\"qwen-markdown-paragraph\"><strong class=\"qwen-markdown-strong\"><span class=\"qwen-markdown-text\">Communaut\u00e9:<\/span><\/strong><span class=\"qwen-markdown-text\"> Nous reconnaissons notre r\u00f4le au sein de la communaut\u00e9 plus large du district de Nanshan et nous nous effor\u00e7ons d&#039;y contribuer positivement par le biais de partenariats locaux, d&#039;opportunit\u00e9s d&#039;emploi et de pratiques durables.<\/span><\/div><div class=\"qwen-markdown-space\">\u00a0<\/div><h3 class=\"qwen-markdown-heading\"><span class=\"qwen-markdown-text\">Le parcours de croissance<\/span><\/h3><div class=\"qwen-markdown-paragraph\"><span class=\"qwen-markdown-text\">Depuis son ouverture en 2020, l&#039;h\u00f4tel Shenzhen Nanshan Jingfeng a connu une croissance remarquable, port\u00e9e par le bouche-\u00e0-oreille et un taux de satisfaction client toujours \u00e9lev\u00e9. Ce qui n&#039;\u00e9tait au d\u00e9part qu&#039;un seul \u00e9tablissement est devenu une r\u00e9f\u00e9rence dans le paysage h\u00f4telier de Shenzhen, avec plus de <\/span><strong class=\"qwen-markdown-strong\"><span class=\"qwen-markdown-text\">10\u00a0000 avis clients<\/span><\/strong><span class=\"qwen-markdown-text\"> documenter les exp\u00e9riences positives des voyageurs du monde entier.<\/span><\/div><div class=\"qwen-markdown-space\">\u00a0<\/div><div class=\"qwen-markdown-paragraph\"><span class=\"qwen-markdown-text\">Notre parcours n&#039;a pas \u00e9t\u00e9 sans emb\u00fbches. La pand\u00e9mie mondiale a mis \u00e0 l&#039;\u00e9preuve la r\u00e9silience du secteur de l&#039;h\u00f4tellerie, mais notre engagement envers la s\u00e9curit\u00e9, la flexibilit\u00e9 et le bien-\u00eatre de nos clients nous a permis de traverser cette p\u00e9riode difficile tout en maintenant nos standards de service. Nous avons mis en place des protocoles de nettoyage renforc\u00e9s, des options d&#039;enregistrement sans contact et des politiques d&#039;annulation flexibles, t\u00e9moignant ainsi de notre priorit\u00e9 absolue : le bien-\u00eatre de nos clients.<\/span><\/div><div class=\"qwen-markdown-space\">\u00a0<\/div><div class=\"qwen-markdown-paragraph\"><span class=\"qwen-markdown-text\">Aujourd&#039;hui, nous sommes fiers d&#039;\u00eatre l&#039;un des <\/span><strong class=\"qwen-markdown-strong\"><span class=\"qwen-markdown-text\">h\u00e9bergements les mieux not\u00e9s du quartier universitaire<\/span><\/strong><span class=\"qwen-markdown-text\">, Nos clients appr\u00e9cient particuli\u00e8rement notre emplacement, nos \u00e9quipements, la qualit\u00e9 de notre service et notre excellent rapport qualit\u00e9-prix. Cette reconnaissance nous encourage \u00e0 poursuivre nos efforts d&#039;am\u00e9lioration et d&#039;\u00e9largissement de notre offre.<\/span><\/div><div class=\"qwen-markdown-space\">\u00a0<\/div><h3 class=\"qwen-markdown-heading\"><span class=\"qwen-markdown-text\">Notre peuple : le c\u0153ur de notre histoire<\/span><\/h3><div class=\"qwen-markdown-paragraph\"><span class=\"qwen-markdown-text\">Derri\u00e8re chaque h\u00f4tel prosp\u00e8re se cache une \u00e9quipe de professionnels d\u00e9vou\u00e9s qui donnent vie \u00e0 notre vision au quotidien. Nos collaborateurs, aux parcours vari\u00e9s, apportent une expertise diversifi\u00e9e \u00e0 leurs fonctions, unis par un engagement commun : la satisfaction de nos clients. De l&#039;\u00e9quipe de r\u00e9ception qui accueille les clients avec un sourire chaleureux au personnel d&#039;entretien qui veille \u00e0 une propret\u00e9 irr\u00e9prochable, de l&#039;\u00e9quipe culinaire qui concocte des repas m\u00e9morables aux techniciens de maintenance qui s&#039;assurent du parfait fonctionnement de tous les \u00e9quipements, chaque membre de notre \u00e9quipe joue un r\u00f4le essentiel dans la cr\u00e9ation d&#039;exp\u00e9riences exceptionnelles.<\/span><\/div><div class=\"qwen-markdown-space\">\u00a0<\/div><div class=\"qwen-markdown-paragraph\"><span class=\"qwen-markdown-text\">Nous investissons consid\u00e9rablement dans la formation et le perfectionnement de notre personnel, convaincus que des employ\u00e9s responsabilis\u00e9s offrent un service de qualit\u00e9 sup\u00e9rieure. Nos collaborateurs b\u00e9n\u00e9ficient d&#039;une formation continue aux meilleures pratiques de l&#039;h\u00f4tellerie, \u00e0 l&#039;excellence du service client et \u00e0 la sensibilit\u00e9 culturelle afin de pouvoir servir efficacement notre client\u00e8le internationale. Nombre d&#039;entre eux sont avec nous depuis nos d\u00e9buts, cr\u00e9ant ainsi un sentiment de continuit\u00e9 et de familiarit\u00e9 tr\u00e8s appr\u00e9ci\u00e9 de nos clients fid\u00e8les.<\/span><\/div><div class=\"qwen-markdown-space\">\u00a0<\/div><h3 class=\"qwen-markdown-heading\"><span class=\"qwen-markdown-text\">Engagement en faveur du d\u00e9veloppement durable<\/span><\/h3><div class=\"qwen-markdown-paragraph\"><span class=\"qwen-markdown-text\">En tant qu&#039;acteurs responsables de la communaut\u00e9 internationale, nous reconnaissons notre obligation d&#039;agir de mani\u00e8re durable et de minimiser notre impact environnemental. Nos initiatives en mati\u00e8re de d\u00e9veloppement durable comprennent des syst\u00e8mes d&#039;\u00e9clairage et de climatisation \u00e9conomes en \u00e9nergie, des mesures de conservation de l&#039;eau, des programmes de r\u00e9duction des d\u00e9chets et des partenariats avec des fournisseurs locaux afin de r\u00e9duire les \u00e9missions li\u00e9es au transport.<\/span><\/div><div class=\"qwen-markdown-space\">\u00a0<\/div><div class=\"qwen-markdown-paragraph\"><span class=\"qwen-markdown-text\">Nous encourageons nos clients \u00e0 participer \u00e0 nos initiatives \u00e9cologiques gr\u00e2ce \u00e0 des services de m\u00e9nage optionnels, des programmes de recyclage et des pr\u00e9f\u00e9rences de communication num\u00e9rique r\u00e9duisant la consommation de papier. Ces efforts t\u00e9moignent de notre conviction que luxe et durabilit\u00e9 peuvent coexister harmonieusement.<\/span><\/div><div class=\"qwen-markdown-space\">\u00a0<\/div><h3 class=\"qwen-markdown-heading\"><span class=\"qwen-markdown-text\">Se tourner vers l&#039;avenir<\/span><\/h3><div class=\"qwen-markdown-paragraph\"><span class=\"qwen-markdown-text\">L\u2019h\u00f4tel Shenzhen Nanshan Jingfeng reste r\u00e9solument tourn\u00e9 vers l\u2019avenir, en constante \u00e9volution et am\u00e9lioration. Nous suivons en permanence les tendances du secteur, les commentaires de nos clients et les avanc\u00e9es technologiques afin d\u2019identifier les axes d\u2019am\u00e9lioration. Nos projets futurs comprennent l\u2019\u00e9largissement de notre offre de restauration, la modernisation de nos installations de remise en forme, l\u2019ajout de fonctionnalit\u00e9s intelligentes dans nos chambres et l\u2019\u00e9ventuelle implantation dans de nouveaux emplacements en accord avec les valeurs de notre marque.<\/span><\/div><div class=\"qwen-markdown-space\">\u00a0<\/div><div class=\"qwen-markdown-paragraph\"><span class=\"qwen-markdown-text\">Notre aspiration ultime est de devenir le <\/span><strong class=\"qwen-markdown-strong\"><span class=\"qwen-markdown-text\">choix d&#039;h\u00e9bergement pr\u00e9f\u00e9r\u00e9<\/span><\/strong><span class=\"qwen-markdown-text\"> Pour tous ceux qui visitent le district de Nanshan, que ce soit pour affaires, loisirs, \u00e9tudes ou pour un s\u00e9jour prolong\u00e9, nous souhaitons que chacun reparte avec de merveilleux souvenirs et l&#039;envie de revenir, sachant que son confort et sa satisfaction sont nos priorit\u00e9s absolues.<\/span><\/div><div class=\"qwen-markdown-space\">\u00a0<\/div><h3 class=\"qwen-markdown-heading\"><span class=\"qwen-markdown-text\">Votre histoire commence ici<\/span><\/h3><div class=\"qwen-markdown-paragraph\"><span class=\"qwen-markdown-text\">Chaque client qui franchit nos portes contribue \u00e0 l&#039;histoire de l&#039;h\u00f4tel Jingfeng. Vos exp\u00e9riences, vos commentaires et vos recommandations fa\u00e7onnent notre identit\u00e9 et notre \u00e9volution. Nous sommes honor\u00e9s de participer \u00e0 vos voyages, que ce soit pour conclure d&#039;importants accords commerciaux, explorer les attractions de Shenzhen, mener des collaborations universitaires ou simplement profiter de vacances bien m\u00e9rit\u00e9es en famille.<\/span><\/div><div class=\"qwen-markdown-space\">\u00a0<\/div><div class=\"qwen-markdown-paragraph\"><span class=\"qwen-markdown-text\">Merci d&#039;avoir pris en consid\u00e9ration <\/span><strong class=\"qwen-markdown-strong\"><span class=\"qwen-markdown-text\">H\u00f4tel Shenzhen Nanshan Jingfeng (branche de la ville universitaire de Xili)<\/span><\/strong><span class=\"qwen-markdown-text\"> pour vos besoins d&#039;h\u00e9bergement. Nous nous r\u00e9jouissons de vous accueillir \u00e0 <\/span><strong class=\"qwen-markdown-strong\"><span class=\"qwen-markdown-text\">Tour B, Zhongguan Shidai Plaza, n\u00b0 4168 Liuxian Avenue, district de Nanshan, Shenzhen, Guangdong, Chine<\/span><\/strong><span class=\"qwen-markdown-text\">, et de cr\u00e9er des moments m\u00e9morables qui vous donneront envie de revenir pendant des ann\u00e9es.<\/span><\/div><div class=\"qwen-markdown-space\">\u00a0<\/div><div class=\"qwen-markdown-hr\"><hr \/><\/div><div class=\"qwen-markdown-space\">\u00a0<\/div><div class=\"qwen-markdown-paragraph\"><em><span class=\"qwen-markdown-text\" data-spm-anchor-id=\"a2ty_o01.29997173.0.i10.51415171bLuhRr\">Bienvenue dans notre famille. Bienvenue chez vous \u00e0 Shenzhen.<\/span><\/em><\/div>\t\t\t\t\t\t\t\t<\/div>\n\t\t\t\t\t<\/div>\n\t\t\t\t<\/div>\n\t\t\t\t<\/div>","protected":false},"excerpt":{"rendered":"<p>Shenzhen Nanshan Jingfeng Hotel (Xili University Town Branch) A Vision Born from Innovation and Hospitality The story of Shenzhen Nanshan Jingfeng Hotel (Xili University Town Branch) begins with a simple yet powerful vision: to redefine urban hospitality by creating a space where comfort, convenience, and community converge. Established in 2020, our hotel emerged during a [&hellip;]<\/p>\n","protected":false},"author":1,"featured_media":0,"parent":0,"menu_order":0,"comment_status":"closed","ping_status":"closed","template":"elementor_header_footer","meta":{"footnotes":""},"class_list":["post-2104","page","type-page","status-publish","hentry","post-no-thumbnail"],"_links":{"self":[{"href":"https:\/\/nanshanjingfenghotel.com\/fr\/wp-json\/wp\/v2\/pages\/2104","targetHints":{"allow":["GET"]}}],"collection":[{"href":"https:\/\/nanshanjingfenghotel.com\/fr\/wp-json\/wp\/v2\/pages"}],"about":[{"href":"https:\/\/nanshanjingfenghotel.com\/fr\/wp-json\/wp\/v2\/types\/page"}],"author":[{"embeddable":true,"href":"https:\/\/nanshanjingfenghotel.com\/fr\/wp-json\/wp\/v2\/users\/1"}],"replies":[{"embeddable":true,"href":"https:\/\/nanshanjingfenghotel.com\/fr\/wp-json\/wp\/v2\/comments?post=2104"}],"version-history":[{"count":0,"href":"https:\/\/nanshanjingfenghotel.com\/fr\/wp-json\/wp\/v2\/pages\/2104\/revisions"}],"wp:attachment":[{"href":"https:\/\/nanshanjingfenghotel.com\/fr\/wp-json\/wp\/v2\/media?parent=2104"}],"curies":[{"name":"wp","href":"https:\/\/api.w.org\/{rel}","templated":true}]}}