{"id":2105,"date":"2021-03-24T07:25:45","date_gmt":"2021-03-24T07:25:45","guid":{"rendered":"http:\/\/localhost\/nuss\/?page_id=235"},"modified":"2026-03-19T07:15:43","modified_gmt":"2026-03-19T07:15:43","slug":"faq","status":"publish","type":"page","link":"https:\/\/nanshanjingfenghotel.com\/fr\/faqs\/","title":{"rendered":"Faqs"},"content":{"rendered":"<div data-elementor-type=\"wp-page\" data-elementor-id=\"2105\" class=\"elementor elementor-2105\">\n\t\t\t\t\t\t<section class=\"elementor-section elementor-top-section elementor-element elementor-element-2a96a73 elementor-section-boxed elementor-section-gap-beside-yes elementor-section-height-default elementor-section-height-default elementor-section-column-vertical-align-stretch\" data-id=\"2a96a73\" data-element_type=\"section\" data-e-type=\"section\">\n\t\t\t\t\t\t<div class=\"elementor-container elementor-column-gap-extended\">\n\t\t\t\t\t<div class=\"elementor-column elementor-col-100 elementor-top-column elementor-element elementor-element-98ef20c\" data-id=\"98ef20c\" data-element_type=\"column\" data-e-type=\"column\">\n\t\t\t<div class=\"elementor-widget-wrap elementor-element-populated\">\n\t\t\t\t\t\t<div class=\"elementor-element elementor-element-97088c0 elementor-widget__width-initial elementor-invisible elementor-widget elementor-widget-text-editor\" data-id=\"97088c0\" data-element_type=\"widget\" data-e-type=\"widget\" data-settings=\"{&quot;_animation&quot;:&quot;nussFadeInUp&quot;}\" data-widget_type=\"text-editor.default\">\n\t\t\t\t\t\t\t\t\t<p>Vous trouverez ci-dessous une liste des questions les plus fr\u00e9quemment pos\u00e9es par nos clients.<\/p>\t\t\t\t\t\t\t\t<\/div>\n\t\t\t\t\t<\/div>\n\t\t<\/div>\n\t\t\t\t\t<\/div>\n\t\t<\/section>\n\t\t\t\t<section class=\"elementor-section elementor-top-section elementor-element elementor-element-b184647 elementor-section-gap-beside-no elementor-section-boxed elementor-section-height-default elementor-section-height-default elementor-section-column-vertical-align-stretch\" data-id=\"b184647\" data-element_type=\"section\" data-e-type=\"section\">\n\t\t\t\t\t\t<div class=\"elementor-container elementor-column-gap-extended\">\n\t\t\t\t\t<div class=\"elementor-column elementor-col-100 elementor-top-column elementor-element elementor-element-1d49749\" data-id=\"1d49749\" data-element_type=\"column\" data-e-type=\"column\">\n\t\t\t<div class=\"elementor-widget-wrap elementor-element-populated\">\n\t\t\t\t\t\t<div class=\"elementor-element elementor-element-b986a9e elementor-invisible elementor-widget elementor-widget-nuss-heading\" data-id=\"b986a9e\" data-element_type=\"widget\" data-e-type=\"widget\" data-settings=\"{&quot;_animation&quot;:&quot;nussFadeInUp&quot;}\" data-widget_type=\"nuss-heading.default\">\n\t\t\t\t<div class=\"elementor-widget-container\">\n\t\t\t\t\t\t\t<div class=\"nuss-modern-heading\">\r\n\t\t\t\r\n\t\t\t\t\t\t<div class=\"heading-primary-wrap\">\r\n\t\t\t\t<h4 class=\"heading-primary elementor-heading-title\">FAQ<\/h4>\t\t\t<\/div>\r\n\t\t\r\n\t\t\t\t\t\t<div class=\"heading-divider-wrap\">\r\n\t\t\t\t<div class=\"heading-divider\" style=\"left: 0px;top: 6px\"><\/div>\r\n\t\t\t<\/div>\r\n\t\r\n\t\t\t\t\t<\/div>\r\n\t\t\t\t\t<\/div>\n\t\t\t\t<\/div>\n\t\t\t\t<div class=\"elementor-element elementor-element-50f0733 elementor-invisible elementor-widget elementor-widget-heading\" data-id=\"50f0733\" data-element_type=\"widget\" data-e-type=\"widget\" data-settings=\"{&quot;_animation&quot;:&quot;nussFadeInUp&quot;}\" data-widget_type=\"heading.default\">\n\t\t\t\t\t<h2 class=\"elementor-heading-title elementor-size-default\">Questions et r\u00e9ponses<\/h2>\t\t\t\t<\/div>\n\t\t\t\t\t<\/div>\n\t\t<\/div>\n\t\t\t\t\t<\/div>\n\t\t<\/section>\n\t\t<div class=\"elementor-element elementor-element-e3897e6 e-flex e-con-boxed e-con e-parent\" data-id=\"e3897e6\" data-element_type=\"container\" data-e-type=\"container\">\n\t\t\t\t\t<div class=\"e-con-inner\">\n\t\t\t\t<div class=\"elementor-element elementor-element-4fe7729 elementor-widget elementor-widget-text-editor\" data-id=\"4fe7729\" data-element_type=\"widget\" data-e-type=\"widget\" data-widget_type=\"text-editor.default\">\n\t\t\t\t\t\t\t\t\t<h3 class=\"qwen-markdown-heading\"><span class=\"qwen-markdown-text\">1. Quelle est l&#039;adresse exacte de l&#039;h\u00f4tel ?<\/span><\/h3><div class=\"qwen-markdown-paragraph\"><span class=\"qwen-markdown-text\">L&#039;h\u00f4tel est situ\u00e9 \u00e0 <\/span><strong class=\"qwen-markdown-strong\"><span class=\"qwen-markdown-text\">Tour B, Zhongguan Shidai Plaza, n\u00b0 4168 Liuxian Avenue, district de Nanshan, Shenzhen, Guangdong, Chine<\/span><\/strong><span class=\"qwen-markdown-text\">. Cet emplacement privil\u00e9gi\u00e9 vous place au c\u0153ur du quartier universitaire de Xili, avec un acc\u00e8s facile aux principales attractions et aux quartiers d&#039;affaires.<\/span><\/div><div class=\"qwen-markdown-space\">\u00a0<\/div><div class=\"qwen-markdown-hr\"><hr \/><\/div><div class=\"qwen-markdown-space\">\u00a0<\/div><h3 class=\"qwen-markdown-heading\"><span class=\"qwen-markdown-text\">2. Comment puis-je me rendre \u00e0 l&#039;h\u00f4tel depuis l&#039;a\u00e9roport international de Shenzhen Bao&#039;an\u00a0?<\/span><\/h3><div class=\"qwen-markdown-paragraph\"><span class=\"qwen-markdown-text\">L&#039;h\u00f4tel se trouve \u00e0 environ 40-50 minutes en voiture de l&#039;a\u00e9roport international de Shenzhen Bao&#039;an. Vous pouvez prendre un taxi, utiliser une application de VTC ou r\u00e9server un transfert a\u00e9roport aupr\u00e8s du concierge. Vous pouvez \u00e9galement prendre le m\u00e9tro jusqu&#039;\u00e0 la station University Town (ligne 5), situ\u00e9e \u00e0 deux pas de l&#039;h\u00f4tel.<\/span><\/div><div class=\"qwen-markdown-space\">\u00a0<\/div><div class=\"qwen-markdown-hr\"><hr \/><\/div><div class=\"qwen-markdown-space\">\u00a0<\/div><h3 class=\"qwen-markdown-heading\"><span class=\"qwen-markdown-text\">3. \u00c0 quelle distance se trouve l&#039;h\u00f4tel de la station de m\u00e9tro la plus proche\u00a0?<\/span><\/h3><div class=\"qwen-markdown-paragraph\"><strong class=\"qwen-markdown-strong\"><span class=\"qwen-markdown-text\">Station University Town sur la ligne 5 du m\u00e9tro<\/span><\/strong><span class=\"qwen-markdown-text\"> Il se situe \u00e0 environ 160 m\u00e8tres de l&#039;h\u00f4tel, soit \u00e0 seulement 2 ou 3 minutes \u00e0 pied. Il offre ainsi une excellente desserte des principaux quartiers de Shenzhen.<\/span><\/div><div class=\"qwen-markdown-space\">\u00a0<\/div><div class=\"qwen-markdown-hr\"><hr \/><\/div><div class=\"qwen-markdown-space\">\u00a0<\/div><h3 class=\"qwen-markdown-heading\"><span class=\"qwen-markdown-text\">4. Quels sont les horaires d&#039;arriv\u00e9e et de d\u00e9part\u00a0?<\/span><\/h3><div class=\"qwen-markdown-paragraph\"><span class=\"qwen-markdown-text\">L&#039;heure d&#039;enregistrement standard commence \u00e0 <\/span><strong class=\"qwen-markdown-strong\"><span class=\"qwen-markdown-text\">14h00<\/span><\/strong><span class=\"qwen-markdown-text\">, et l&#039;heure de d\u00e9part est jusqu&#039;\u00e0 <\/span><strong class=\"qwen-markdown-strong\"><span class=\"qwen-markdown-text\">12h00<\/span><\/strong><span class=\"qwen-markdown-text\">. L\u2019h\u00f4tel propose toutefois des formules flexibles et un service d\u2019enregistrement\/d\u00e9part express. L\u2019arriv\u00e9e anticip\u00e9e ou le d\u00e9part tardif peuvent \u00eatre possibles sur demande et sous r\u00e9serve de disponibilit\u00e9.<\/span><\/div><div class=\"qwen-markdown-space\">\u00a0<\/div><div class=\"qwen-markdown-hr\"><hr \/><\/div><div class=\"qwen-markdown-space\">\u00a0<\/div><h3 class=\"qwen-markdown-heading\"><span class=\"qwen-markdown-text\">5. Quels types de chambres sont disponibles \u00e0 l&#039;h\u00f4tel ?<\/span><\/h3><div class=\"qwen-markdown-paragraph\"><span class=\"qwen-markdown-text\">L&#039;h\u00f4tel propose plusieurs cat\u00e9gories de chambres, notamment <\/span><strong class=\"qwen-markdown-strong\"><span class=\"qwen-markdown-text\">Chambres Deluxe Queen (32m\u00b2)<\/span><\/strong><span class=\"qwen-markdown-text\">, <\/span><strong class=\"qwen-markdown-strong\"><span class=\"qwen-markdown-text\">Chambres doubles de luxe (32 m\u00b2)<\/span><\/strong><span class=\"qwen-markdown-text\">, et spacieux <\/span><strong class=\"qwen-markdown-strong\"><span class=\"qwen-markdown-text\">Suites de luxe (55 m\u00b2)<\/span><\/strong><span class=\"qwen-markdown-text\">. Toutes les chambres pr\u00e9sentent une configuration de type appartement avec cuisine et salle de bains compl\u00e8tes, situ\u00e9es aux \u00e9tages 15 \u00e0 32.<\/span><\/div><div class=\"qwen-markdown-space\">\u00a0<\/div><div class=\"qwen-markdown-hr\"><hr \/><\/div><div class=\"qwen-markdown-space\">\u00a0<\/div><h3 class=\"qwen-markdown-heading\"><span class=\"qwen-markdown-text\">6. Les chambres sont-elles \u00e9quip\u00e9es d&#039;une cuisine et d&#039;un \u00e9quipement pour cuisiner\u00a0?<\/span><\/h3><div class=\"qwen-markdown-paragraph\"><span class=\"qwen-markdown-text\">Oui, toutes les chambres sont \u00e9quip\u00e9es <\/span><strong class=\"qwen-markdown-strong\"><span class=\"qwen-markdown-text\">cuisine enti\u00e8rement \u00e9quip\u00e9e<\/span><\/strong><span class=\"qwen-markdown-text\"> Les chambres sont \u00e9quip\u00e9es de r\u00e9frig\u00e9rateurs de grande capacit\u00e9 et d&#039;ustensiles de cuisine. Une cuisine commune est \u00e9galement mise \u00e0 la disposition des clients souhaitant cuisiner davantage durant leur s\u00e9jour.<\/span><\/div><div class=\"qwen-markdown-space\">\u00a0<\/div><div class=\"qwen-markdown-hr\"><hr \/><\/div><div class=\"qwen-markdown-space\">\u00a0<\/div><h3 class=\"qwen-markdown-heading\"><span class=\"qwen-markdown-text\">7. Y a-t-il une machine \u00e0 laver dans les chambres ?<\/span><\/h3><div class=\"qwen-markdown-paragraph\"><span class=\"qwen-markdown-text\">Oui, l&#039;un des atouts majeurs de cet h\u00f4tel est le <\/span><strong class=\"qwen-markdown-strong\"><span class=\"qwen-markdown-text\">lave-linge int\u00e9gr\u00e9 dans la chambre<\/span><\/strong><span class=\"qwen-markdown-text\"> Dans chaque logement, du d\u00e9tergent \u00e0 lessive est fourni gratuitement, ce qui rend les longs s\u00e9jours particuli\u00e8rement pratiques pour tous les clients.<\/span><\/div><div class=\"qwen-markdown-space\">\u00a0<\/div><div class=\"qwen-markdown-hr\"><hr \/><\/div><div class=\"qwen-markdown-space\">\u00a0<\/div><h3 class=\"qwen-markdown-heading\"><span class=\"qwen-markdown-text\">8. Le Wi-Fi est-il disponible dans tout l&#039;h\u00f4tel\u00a0?<\/span><\/h3><div class=\"qwen-markdown-paragraph\"><strong class=\"qwen-markdown-strong\"><span class=\"qwen-markdown-text\">Le Wi-Fi haut d\u00e9bit est disponible gratuitement.<\/span><\/strong><span class=\"qwen-markdown-text\"> La connexion est disponible dans l&#039;ensemble de l&#039;\u00e9tablissement, y compris dans toutes les chambres, les espaces communs et les locaux professionnels. Elle est fiable et adapt\u00e9e aux visioconf\u00e9rences et aux transferts de fichiers volumineux.<\/span><\/div><div class=\"qwen-markdown-space\">\u00a0<\/div><div class=\"qwen-markdown-hr\"><hr \/><\/div><div class=\"qwen-markdown-space\">\u00a0<\/div><h3 class=\"qwen-markdown-heading\"><span class=\"qwen-markdown-text\">9. L&#039;h\u00f4tel dispose-t-il d&#039;un restaurant sur place\u00a0?<\/span><\/h3><div class=\"qwen-markdown-paragraph\"><span class=\"qwen-markdown-text\">Oui, l&#039;h\u00f4tel dispose du <\/span><strong class=\"qwen-markdown-strong\"><span class=\"qwen-markdown-text\">Restaurant Genting au 37e \u00e9tage<\/span><\/strong><span class=\"qwen-markdown-text\">, Le restaurant propose des plats priv\u00e9s personnalis\u00e9s avec vue panoramique sur la ville. Il sert une cuisine locale authentique et s&#039;adapte \u00e0 diff\u00e9rents r\u00e9gimes alimentaires. Un service en chambre est \u00e9galement disponible.<\/span><\/div><div class=\"qwen-markdown-space\">\u00a0<\/div><div class=\"qwen-markdown-hr\"><hr \/><\/div><div class=\"qwen-markdown-space\">\u00a0<\/div><h3 class=\"qwen-markdown-heading\"><span class=\"qwen-markdown-text\">10. Y a-t-il un parking disponible \u00e0 l&#039;h\u00f4tel\u00a0?<\/span><\/h3><div class=\"qwen-markdown-paragraph\"><span class=\"qwen-markdown-text\">Oui, l&#039;h\u00f4tel propose <\/span><strong class=\"qwen-markdown-strong\"><span class=\"qwen-markdown-text\">parkings publics<\/span><\/strong><span class=\"qwen-markdown-text\"> Pour les clients arrivant en voiture, des places de parking sont disponibles selon le principe du premier arriv\u00e9, premier servi. Pour plus d&#039;informations et conna\u00eetre les tarifs de stationnement, veuillez vous adresser \u00e0 la r\u00e9ception \u00e0 votre arriv\u00e9e.<\/span><\/div><div class=\"qwen-markdown-space\">\u00a0<\/div><div class=\"qwen-markdown-hr\"><hr \/><\/div><div class=\"qwen-markdown-space\">\u00a0<\/div><h3 class=\"qwen-markdown-heading\"><span class=\"qwen-markdown-text\">11. Cet h\u00f4tel convient-il aux voyageurs d&#039;affaires ?<\/span><\/h3><div class=\"qwen-markdown-paragraph\"><span class=\"qwen-markdown-text\">Absolument. L&#039;h\u00f4tel propose une gamme compl\u00e8te de services. <\/span><strong class=\"qwen-markdown-strong\"><span class=\"qwen-markdown-text\">installations commerciales<\/span><\/strong><span class=\"qwen-markdown-text\"> L&#039;\u00e9tablissement comprend un centre d&#039;affaires, une salle de conf\u00e9rence, des t\u00e9l\u00e9copieurs, des photocopieurs et un acc\u00e8s internet haut d\u00e9bit. Un service de conciergerie est disponible 24h\/24 pour r\u00e9pondre \u00e0 vos demandes et organiser vos \u00e9v\u00e9nements professionnels.<\/span><\/div><div class=\"qwen-markdown-space\">\u00a0<\/div><div class=\"qwen-markdown-hr\"><hr \/><\/div><div class=\"qwen-markdown-space\">\u00a0<\/div><h3 class=\"qwen-markdown-heading\"><span class=\"qwen-markdown-text\">12. Y a-t-il des installations de remise en forme et de loisirs ?<\/span><\/h3><div class=\"qwen-markdown-paragraph\"><span class=\"qwen-markdown-text\">Oui, l&#039;h\u00f4tel dispose d&#039;un <\/span><strong class=\"qwen-markdown-strong\"><span class=\"qwen-markdown-text\">centre de remise en forme au 37e \u00e9tage<\/span><\/strong><span class=\"qwen-markdown-text\"> pour les clients qui souhaitent maintenir leur routine d&#039;entra\u00eenement. De plus, <\/span><strong class=\"qwen-markdown-strong\"><span class=\"qwen-markdown-text\">Salles de divertissement KTV<\/span><\/strong><span class=\"qwen-markdown-text\"> sont disponibles pour des activit\u00e9s de d\u00e9tente et de coh\u00e9sion d&#039;\u00e9quipe.<\/span><\/div><div class=\"qwen-markdown-space\">\u00a0<\/div><div class=\"qwen-markdown-hr\"><hr \/><\/div><div class=\"qwen-markdown-space\">\u00a0<\/div><h3 class=\"qwen-markdown-heading\"><span class=\"qwen-markdown-text\">13. L&#039;h\u00f4tel est-il adapt\u00e9 aux familles ?<\/span><\/h3><div class=\"qwen-markdown-paragraph\"><span class=\"qwen-markdown-text\">Oui, l&#039;h\u00f4tel est parfaitement adapt\u00e9 aux familles. Les appartements spacieux offrent un confort optimal, et la cuisine \u00e9quip\u00e9e ainsi que la buanderie facilitent les voyages avec enfants. Parmi les attractions touristiques \u00e0 proximit\u00e9, on trouve le parc animalier de Shenzhen et Happy Valley.<\/span><\/div><div class=\"qwen-markdown-space\">\u00a0<\/div><div class=\"qwen-markdown-hr\"><hr \/><\/div><div class=\"qwen-markdown-space\">\u00a0<\/div><h3 class=\"qwen-markdown-heading\"><span class=\"qwen-markdown-text\">14. Les animaux domestiques sont-ils admis \u00e0 l&#039;h\u00f4tel\u00a0?<\/span><\/h3><div class=\"qwen-markdown-paragraph\"><span class=\"qwen-markdown-text\">Les conditions relatives aux animaux de compagnie peuvent varier selon le type de chambre et la saison. Il est recommand\u00e9 aux clients voyageant avec des animaux de compagnie de\u2026 <\/span><strong class=\"qwen-markdown-strong\"><span class=\"qwen-markdown-text\">contacter directement l&#039;h\u00f4tel avant de r\u00e9server<\/span><\/strong><span class=\"qwen-markdown-text\"> pour confirmer les politiques actuelles concernant les animaux de compagnie et les frais ou restrictions applicables.<\/span><\/div><div class=\"qwen-markdown-space\">\u00a0<\/div><div class=\"qwen-markdown-hr\"><hr \/><\/div><div class=\"qwen-markdown-space\">\u00a0<\/div><h3 class=\"qwen-markdown-heading\"><span class=\"qwen-markdown-text\">15. Quels sont les modes de paiement accept\u00e9s ?<\/span><\/h3><div class=\"qwen-markdown-paragraph\"><span class=\"qwen-markdown-text\">L&#039;h\u00f4tel accepte plusieurs modes de paiement, notamment <\/span><strong class=\"qwen-markdown-strong\"><span class=\"qwen-markdown-text\">principales cartes de cr\u00e9dit, cartes de d\u00e9bit et options de paiement mobile<\/span><\/strong><span class=\"qwen-markdown-text\"> Couramment utilis\u00e9 en Chine. Les clients internationaux doivent v\u00e9rifier les modes de paiement accept\u00e9s lors de leur r\u00e9servation.<\/span><\/div><div class=\"qwen-markdown-space\">\u00a0<\/div><div class=\"qwen-markdown-hr\"><hr \/><\/div><div class=\"qwen-markdown-space\">\u00a0<\/div><h3 class=\"qwen-markdown-heading\"><span class=\"qwen-markdown-text\">16. Quelle est la politique d&#039;annulation ?<\/span><\/h3><div class=\"qwen-markdown-paragraph\"><span class=\"qwen-markdown-text\">Les conditions d&#039;annulation varient selon le type de chambre et le tarif choisis lors de la r\u00e9servation. En g\u00e9n\u00e9ral, les tarifs flexibles permettent d&#039;annuler jusqu&#039;\u00e0 24 \u00e0 48 heures avant l&#039;arriv\u00e9e. Il est conseill\u00e9 aux clients de consulter les conditions sp\u00e9cifiques de leur r\u00e9servation ou de contacter l&#039;h\u00f4tel pour obtenir des informations d\u00e9taill\u00e9es sur les modalit\u00e9s d&#039;annulation.<\/span><\/div><div class=\"qwen-markdown-space\">\u00a0<\/div><div class=\"qwen-markdown-hr\"><hr \/><\/div><div class=\"qwen-markdown-space\">\u00a0<\/div><h3 class=\"qwen-markdown-heading\"><span class=\"qwen-markdown-text\">17. L&#039;h\u00f4tel convient-il aux s\u00e9jours de longue dur\u00e9e ?<\/span><\/h3><div class=\"qwen-markdown-paragraph\"><span class=\"qwen-markdown-text\">Oui, l&#039;h\u00f4tel est sp\u00e9cialis\u00e9 dans <\/span><strong class=\"qwen-markdown-strong\"><span class=\"qwen-markdown-text\">options de s\u00e9jour \u00e0 la journ\u00e9e, au mois et \u00e0 long terme<\/span><\/strong><span class=\"qwen-markdown-text\">. Les \u00e9quipements de type appartement, notamment les cuisines enti\u00e8rement \u00e9quip\u00e9es, les machines \u00e0 laver et les nombreux espaces de rangement, en font un logement id\u00e9al pour les missions de longue dur\u00e9e, les d\u00e9m\u00e9nagements ou les projets professionnels prolong\u00e9s.<\/span><\/div><div class=\"qwen-markdown-space\">\u00a0<\/div><div class=\"qwen-markdown-hr\"><hr \/><\/div><div class=\"qwen-markdown-space\">\u00a0<\/div><h3 class=\"qwen-markdown-heading\"><span class=\"qwen-markdown-text\">18. Quelles mesures de s\u00fbret\u00e9 et de s\u00e9curit\u00e9 sont en place ?<\/span><\/h3><div class=\"qwen-markdown-paragraph\"><span class=\"qwen-markdown-text\">L&#039;h\u00f4tel applique des normes de s\u00e9curit\u00e9 compl\u00e8tes, notamment <\/span><strong class=\"qwen-markdown-strong\"><span class=\"qwen-markdown-text\">extincteurs, syst\u00e8mes de s\u00e9curit\u00e9, surveillance 24h\/24 et coffres-forts<\/span><\/strong><span class=\"qwen-markdown-text\"> dans les chambres. L&#039;\u00e9tablissement est enti\u00e8rement non-fumeur, garantissant ainsi un environnement sain pour tous les clients.<\/span><\/div><div class=\"qwen-markdown-space\">\u00a0<\/div><div class=\"qwen-markdown-hr\"><hr \/><\/div><div class=\"qwen-markdown-space\">\u00a0<\/div><h3 class=\"qwen-markdown-heading\"><span class=\"qwen-markdown-text\">19. Les membres du personnel parlent-ils anglais ou d&#039;autres langues ?<\/span><\/h3><div class=\"qwen-markdown-paragraph\"><span class=\"qwen-markdown-text\">Le personnel de l&#039;h\u00f4tel comprend <\/span><strong class=\"qwen-markdown-strong\"><span class=\"qwen-markdown-text\">membres d&#039;\u00e9quipe multilingues<\/span><\/strong><span class=\"qwen-markdown-text\"> qui peuvent assister les clients internationaux. L&#039;\u00e9quipe de conciergerie et de r\u00e9ception, disponible 24h\/24, est form\u00e9e pour accueillir des clients de tous horizons et minimiser les barri\u00e8res de communication.<\/span><\/div><div class=\"qwen-markdown-space\">\u00a0<\/div><div class=\"qwen-markdown-hr\"><hr \/><\/div><div class=\"qwen-markdown-space\">\u00a0<\/div><h3 class=\"qwen-markdown-heading\"><span class=\"qwen-markdown-text\">20. Comment puis-je contacter directement l&#039;h\u00f4tel ?<\/span><\/h3><div class=\"qwen-markdown-paragraph\"><span class=\"qwen-markdown-text\">L&#039;h\u00f4tel est joignable au <\/span><strong class=\"qwen-markdown-strong\"><span class=\"qwen-markdown-text\">+86 755 86 68 10 88<\/span><\/strong><span class=\"qwen-markdown-text\">. L&#039;\u00e9quipe de r\u00e9ception et de conciergerie, ouverte 24h\/24, est \u00e0 votre disposition pour vous aider avec vos r\u00e9servations, vos demandes sp\u00e9ciales, vos recommandations locales et toute question concernant votre s\u00e9jour \u00e0 la Tour B, Zhongguan Shidai Plaza, n\u00b0 4168 avenue Liuxian, district de Nanshan, Shenzhen, Guangdong, Chine.<\/span><\/div><div class=\"qwen-markdown-space\">\u00a0<\/div><div class=\"qwen-markdown-hr\"><hr \/><\/div><div class=\"qwen-markdown-space\">\u00a0<\/div><h2 class=\"qwen-markdown-heading\"><span class=\"qwen-markdown-text\">Informations compl\u00e9mentaires pour les clients<\/span><\/h2><div class=\"qwen-markdown-paragraph\"><strong class=\"qwen-markdown-strong\"><span class=\"qwen-markdown-text\">Attractions \u00e0 proximit\u00e9\u00a0:<\/span><\/strong><\/div><ul class=\"qwen-markdown-list\" dir=\"auto\"><li><span class=\"qwen-markdown-text\">Parc animalier de Shenzhen<\/span><\/li><li><span class=\"qwen-markdown-text\">Happy Valley Shenzhen<\/span><\/li><li><span class=\"qwen-markdown-text\">Montagne Tanglang<\/span><\/li><li><span class=\"qwen-markdown-text\">Universit\u00e9 Tsinghua (Shenzhen)<\/span><\/li><li><span class=\"qwen-markdown-text\">Universit\u00e9 de P\u00e9kin (Shenzhen)<\/span><\/li><li><span class=\"qwen-markdown-text\">Institut de technologie de Harbin (Shenzhen)<\/span><\/li><\/ul><div class=\"qwen-markdown-space\">\u00a0<\/div><div class=\"qwen-markdown-paragraph\"><strong class=\"qwen-markdown-strong\"><span class=\"qwen-markdown-text\">Plateformes de transport :<\/span><\/strong><\/div><ul class=\"qwen-markdown-list\" dir=\"auto\"><li><span class=\"qwen-markdown-text\">Gare de Shenzhen Nord : 15 minutes en voiture<\/span><\/li><li><span class=\"qwen-markdown-text\">Centre-ville de Futian\u00a0: \u00e0 25 minutes en voiture<\/span><\/li><li><span class=\"qwen-markdown-text\">A\u00e9roport international de Shenzhen Bao&#039;an\u00a0: 40 \u00e0 50 minutes en voiture<\/span><\/li><\/ul><div class=\"qwen-markdown-space\">\u00a0<\/div><div class=\"qwen-markdown-paragraph\"><strong class=\"qwen-markdown-strong\"><span class=\"qwen-markdown-text\">Shopping et restauration :<\/span><\/strong><\/div><ul class=\"qwen-markdown-list\" dir=\"auto\"><li><span class=\"qwen-markdown-text\">Centre commercial Yitian Holiday (adjacent)<\/span><\/li><li><span class=\"qwen-markdown-text\">Place Zhongguan Shidai (sur place)<\/span><\/li><li><span class=\"qwen-markdown-text\">De nombreux restaurants accessibles \u00e0 pied<\/span><\/li><\/ul>\t\t\t\t\t\t\t\t<\/div>\n\t\t\t\t\t<\/div>\n\t\t\t\t<\/div>\n\t\t\t\t<\/div>","protected":false},"excerpt":{"rendered":"<p>Below, you will find a list of the questions most frequently asked by our guests. FAQ&#8217;S Questions &amp; Answers 1. What is the exact address of the hotel? The hotel is located at Tower B, Zhongguan Shidai Plaza, No. 4168 Liuxian Avenue, Nanshan District, Shenzhen, Guangdong, China. This prime location places you in the heart [&hellip;]<\/p>\n","protected":false},"author":1,"featured_media":0,"parent":0,"menu_order":0,"comment_status":"closed","ping_status":"closed","template":"elementor_header_footer","meta":{"footnotes":""},"class_list":["post-2105","page","type-page","status-publish","hentry","post-no-thumbnail"],"_links":{"self":[{"href":"https:\/\/nanshanjingfenghotel.com\/fr\/wp-json\/wp\/v2\/pages\/2105","targetHints":{"allow":["GET"]}}],"collection":[{"href":"https:\/\/nanshanjingfenghotel.com\/fr\/wp-json\/wp\/v2\/pages"}],"about":[{"href":"https:\/\/nanshanjingfenghotel.com\/fr\/wp-json\/wp\/v2\/types\/page"}],"author":[{"embeddable":true,"href":"https:\/\/nanshanjingfenghotel.com\/fr\/wp-json\/wp\/v2\/users\/1"}],"replies":[{"embeddable":true,"href":"https:\/\/nanshanjingfenghotel.com\/fr\/wp-json\/wp\/v2\/comments?post=2105"}],"version-history":[{"count":0,"href":"https:\/\/nanshanjingfenghotel.com\/fr\/wp-json\/wp\/v2\/pages\/2105\/revisions"}],"wp:attachment":[{"href":"https:\/\/nanshanjingfenghotel.com\/fr\/wp-json\/wp\/v2\/media?parent=2105"}],"curies":[{"name":"wp","href":"https:\/\/api.w.org\/{rel}","templated":true}]}}