{"id":2109,"date":"2021-03-26T08:35:58","date_gmt":"2021-03-26T08:35:58","guid":{"rendered":"http:\/\/localhost\/nuss\/?page_id=536"},"modified":"2026-03-19T07:58:38","modified_gmt":"2026-03-19T07:58:38","slug":"installations-commerciales","status":"publish","type":"page","link":"https:\/\/nanshanjingfenghotel.com\/fr\/business-facilities\/","title":{"rendered":"Installations commerciales"},"content":{"rendered":"<div data-elementor-type=\"wp-page\" data-elementor-id=\"2109\" class=\"elementor elementor-2109\">\n\t\t\t\t\t\t<section class=\"elementor-section elementor-top-section elementor-element elementor-element-bb2901b elementor-section-boxed elementor-section-gap-beside-yes elementor-section-height-default elementor-section-height-default elementor-section-column-vertical-align-stretch\" data-id=\"bb2901b\" data-element_type=\"section\" data-e-type=\"section\">\n\t\t\t\t\t\t<div class=\"elementor-container elementor-column-gap-extended\">\n\t\t\t\t\t<div class=\"elementor-column elementor-col-100 elementor-top-column elementor-element elementor-element-1919db9\" data-id=\"1919db9\" data-element_type=\"column\" data-e-type=\"column\">\n\t\t\t<div class=\"elementor-widget-wrap elementor-element-populated\">\n\t\t\t\t\t\t<div class=\"elementor-element elementor-element-41a7b9c elementor-widget__width-initial elementor-invisible elementor-widget elementor-widget-text-editor\" data-id=\"41a7b9c\" data-element_type=\"widget\" data-e-type=\"widget\" data-settings=\"{&quot;_animation&quot;:&quot;nussFadeInUp&quot;}\" data-widget_type=\"text-editor.default\">\n\t\t\t\t\t\t\t\t\t<h4 class=\"qwen-markdown-heading\"><span class=\"qwen-markdown-text\" data-spm-anchor-id=\"a2ty_o01.29997173.0.i20.51415171bLuhRr\">Rehaussez votre exp\u00e9rience professionnelle \u00e0 l&#039;h\u00f4tel Shenzhen Nanshan Jingfeng (succursale de Xili University Town)<\/span><\/h4>\t\t\t\t\t\t\t\t<\/div>\n\t\t\t\t\t<\/div>\n\t\t<\/div>\n\t\t\t\t\t<\/div>\n\t\t<\/section>\n\t\t<div class=\"elementor-element elementor-element-8eb25a6 e-flex e-con-boxed e-con e-parent\" data-id=\"8eb25a6\" data-element_type=\"container\" data-e-type=\"container\">\n\t\t\t\t\t<div class=\"e-con-inner\">\n\t\t\t\t<div class=\"elementor-element elementor-element-6750572 elementor-widget elementor-widget-image\" data-id=\"6750572\" data-element_type=\"widget\" data-e-type=\"widget\" data-widget_type=\"image.default\">\n\t\t\t\t\t\t\t\t\t\t\t\t\t\t\t<img fetchpriority=\"high\" decoding=\"async\" width=\"1024\" height=\"747\" src=\"https:\/\/nanshanjingfenghotel.com\/wp-content\/uploads\/2026\/03\/Shenzhen-Nanshan-Jingfeng-Hotel-46-1024x747.webp\" class=\"attachment-large size-large wp-image-5590\" alt=\"\" srcset=\"https:\/\/nanshanjingfenghotel.com\/wp-content\/uploads\/2026\/03\/Shenzhen-Nanshan-Jingfeng-Hotel-46-1024x747.webp 1024w, https:\/\/nanshanjingfenghotel.com\/wp-content\/uploads\/2026\/03\/Shenzhen-Nanshan-Jingfeng-Hotel-46-300x219.webp 300w, https:\/\/nanshanjingfenghotel.com\/wp-content\/uploads\/2026\/03\/Shenzhen-Nanshan-Jingfeng-Hotel-46-768x560.webp 768w, https:\/\/nanshanjingfenghotel.com\/wp-content\/uploads\/2026\/03\/Shenzhen-Nanshan-Jingfeng-Hotel-46.webp 1170w\" sizes=\"(max-width: 1024px) 100vw, 1024px\" \/>\t\t\t\t\t\t\t\t\t\t\t\t\t\t\t<\/div>\n\t\t\t\t\t<\/div>\n\t\t\t\t<\/div>\n\t\t<div class=\"elementor-element elementor-element-33409d2 e-flex e-con-boxed e-con e-parent\" data-id=\"33409d2\" data-element_type=\"container\" data-e-type=\"container\">\n\t\t\t\t\t<div class=\"e-con-inner\">\n\t\t\t\t<div class=\"elementor-element elementor-element-093c0fb elementor-widget elementor-widget-text-editor\" data-id=\"093c0fb\" data-element_type=\"widget\" data-e-type=\"widget\" data-widget_type=\"text-editor.default\">\n\t\t\t\t\t\t\t\t\t<h2 class=\"qwen-markdown-heading\"><span class=\"qwen-markdown-text\">Un p\u00f4le strat\u00e9gique d&#039;excellence commerciale \u00e0 Nanshan<\/span><\/h2><div class=\"qwen-markdown-paragraph\"><span class=\"qwen-markdown-text\">Pour les professionnels exigeants et les voyageurs d&#039;affaires en qu\u00eate d&#039;un avantage concurrentiel sur le march\u00e9 dynamique de Shenzhen, <\/span><strong class=\"qwen-markdown-strong\"><span class=\"qwen-markdown-text\">H\u00f4tel Shenzhen Nanshan Jingfeng (branche de la ville universitaire de Xili)<\/span><\/strong><span class=\"qwen-markdown-text\"> se positionne comme une destination de premier plan pour la productivit\u00e9 des entreprises et le confort des dirigeants. Strat\u00e9giquement situ\u00e9 \u00e0 <\/span><strong class=\"qwen-markdown-strong\"><span class=\"qwen-markdown-text\">Tour B, Zhongguan Shidai Plaza, n\u00b0 4168 Liuxian Avenue, district de Nanshan, Shenzhen, Guangdong, Chine<\/span><\/strong><span class=\"qwen-markdown-text\">, Bien plus qu&#039;un simple lieu d&#039;h\u00e9bergement, cet \u00e9tablissement est un v\u00e9ritable havre de paix pour les affaires, con\u00e7u pour r\u00e9pondre aux besoins des r\u00e9unions, des projets de longue dur\u00e9e et des professionnels exigeants en mati\u00e8re d&#039;h\u00e9bergement. Situ\u00e9 au c\u0153ur du district de Nanshan, souvent consid\u00e9r\u00e9 comme le p\u00f4le technologique et d&#039;innovation de Shenzhen, l&#039;h\u00f4tel offre un acc\u00e8s direct aux principales zones industrielles, aux centres de recherche universitaires et aux grands axes de transport, garantissant ainsi le bon d\u00e9roulement de vos op\u00e9rations commerciales, sans aucun obstacle logistique.<\/span><\/div><div class=\"qwen-markdown-space\">\u00a0<\/div><h2 class=\"qwen-markdown-heading\"><span class=\"qwen-markdown-text\">Installations compl\u00e8tes pour r\u00e9unions et conf\u00e9rences<\/span><\/h2><div class=\"qwen-markdown-paragraph\"><span class=\"qwen-markdown-text\">Conscient de l&#039;importance cruciale de la collaboration en face \u00e0 face, l&#039;h\u00f4tel propose des services d\u00e9di\u00e9s <\/span><strong class=\"qwen-markdown-strong\"><span class=\"qwen-markdown-text\">salles de conf\u00e9rence et de r\u00e9union<\/span><\/strong><span class=\"qwen-markdown-text\"> Adapt\u00e9e aux diff\u00e9rents besoins des entreprises, la salle de conf\u00e9rence sur place offre un environnement professionnel id\u00e9al pour vos r\u00e9unions de conseil d&#039;administration, vos pr\u00e9sentations clients ou vos s\u00e9ances de planification strat\u00e9gique. Con\u00e7us pour minimiser les distractions, ces espaces permettent aux \u00e9quipes de se concentrer sur leurs objectifs. Des \u00e9quipements professionnels essentiels, tels que des capacit\u00e9s de pr\u00e9sentation \u00e0 grande vitesse et des configurations de si\u00e8ges flexibles, compl\u00e8tent ces salles. Pour vos discussions priv\u00e9es, les zones calmes et les salles insonoris\u00e9es de l&#039;h\u00f4tel garantissent confidentialit\u00e9 et professionnalisme. <\/span><strong class=\"qwen-markdown-strong\"><span class=\"qwen-markdown-text\">centre d&#039;affaires<\/span><\/strong><span class=\"qwen-markdown-text\"> Elle compl\u00e8te en outre ces espaces de r\u00e9union, en fournissant un centre n\u00e9vralgique pour le soutien administratif avant, pendant et apr\u00e8s vos \u00e9v\u00e9nements.<\/span><\/div><div class=\"qwen-markdown-space\">\u00a0<\/div><h2 class=\"qwen-markdown-heading\"><span class=\"qwen-markdown-text\">Productivit\u00e9 en chambre et confort ex\u00e9cutif<\/span><\/h2><div class=\"qwen-markdown-paragraph\"><span class=\"qwen-markdown-text\">La conception unique de l&#039;h\u00f4tel Shenzhen Nanshan Jingfeng, de type appartement, offre un avantage consid\u00e9rable aux voyageurs d&#039;affaires qui ont besoin d&#039;un espace de travail fonctionnel au sein de leur h\u00e9bergement. Contrairement aux chambres d&#039;h\u00f4tel standard, <\/span><strong class=\"qwen-markdown-strong\"><span class=\"qwen-markdown-text\">Suites de luxe et chambres ex\u00e9cutives<\/span><\/strong><span class=\"qwen-markdown-text\"> Ils proposent des am\u00e9nagements spacieux permettant de cr\u00e9er des espaces de travail d\u00e9di\u00e9s. Les clients b\u00e9n\u00e9ficient de <\/span><strong class=\"qwen-markdown-strong\"><span class=\"qwen-markdown-text\">connectivit\u00e9 Wi-Fi haut d\u00e9bit<\/span><\/strong><span class=\"qwen-markdown-text\"> dans l&#039;ensemble de la propri\u00e9t\u00e9, garantissant des vid\u00e9oconf\u00e9rences fluides et des transferts de fichiers volumineux. Les chambres sont situ\u00e9es sur <\/span><strong class=\"qwen-markdown-strong\"><span class=\"qwen-markdown-text\">\u00e9tages 15 \u00e0 32<\/span><\/strong><span class=\"qwen-markdown-text\">, Offrant une atmosph\u00e8re paisible \u00e0 l&#039;abri du bruit de la rue, essentielle pour un travail en profondeur et un sommeil r\u00e9parateur avant les r\u00e9unions importantes, des \u00e9quipements haut de gamme, tels que des r\u00e9frig\u00e9rateurs de grande capacit\u00e9, permettent aux cadres de conserver leurs repas pour les s\u00e9ances de travail tardives. <\/span><strong class=\"qwen-markdown-strong\"><span class=\"qwen-markdown-text\">machines \u00e0 laver dans les chambres<\/span><\/strong><span class=\"qwen-markdown-text\"> veiller \u00e0 ce que les tenues professionnelles soient toujours impeccables et pr\u00eates \u00e0 \u00eatre pr\u00e9sent\u00e9es. L&#039;inclusion de <\/span><strong class=\"qwen-markdown-strong\"><span class=\"qwen-markdown-text\">T\u00e9l\u00e9viseurs LED de 55 pouces<\/span><\/strong><span class=\"qwen-markdown-text\"> Il peut \u00e9galement servir de second \u00e9cran ou d&#039;\u00e9cran de pr\u00e9sentation pour des r\u00e9unions informelles en salle.<\/span><\/div><div class=\"qwen-markdown-space\">\u00a0<\/div><h2 class=\"qwen-markdown-heading\"><span class=\"qwen-markdown-text\">Services de soutien administratif et de centre d&#039;affaires<\/span><\/h2><div class=\"qwen-markdown-paragraph\"><span class=\"qwen-markdown-text\">L&#039;efficacit\u00e9 est la pierre angulaire de la r\u00e9ussite des voyages d&#039;affaires, et celle de l&#039;h\u00f4tel <\/span><strong class=\"qwen-markdown-strong\"><span class=\"qwen-markdown-text\">Services de centre d&#039;affaires ouverts 24h\/24<\/span><\/strong><span class=\"qwen-markdown-text\"> sont con\u00e7ues pour assurer la continuit\u00e9 de vos op\u00e9rations 24h\/24 et 7j\/7. Les invit\u00e9s ont acc\u00e8s aux \u00e9quipements de bureau essentiels, notamment\u00a0: <\/span><strong class=\"qwen-markdown-strong\"><span class=\"qwen-markdown-text\">t\u00e9l\u00e9copieurs, photocopieurs et services d&#039;impression<\/span><\/strong><span class=\"qwen-markdown-text\">, \u00e9liminant ainsi la n\u00e9cessit\u00e9 de rechercher des fournisseurs de fournitures de bureau externes. <\/span><strong class=\"qwen-markdown-strong\"><span class=\"qwen-markdown-text\">Service de conciergerie 24h\/24<\/span><\/strong><span class=\"qwen-markdown-text\"> est form\u00e9 pour r\u00e9pondre aux demandes sp\u00e9cifiques des entreprises, comme l&#039;organisation de services de messagerie, la r\u00e9servation de transports locaux ou la r\u00e9servation de salles de r\u00e9union de derni\u00e8re minute. L&#039;utilisation innovante de <\/span><strong class=\"qwen-markdown-strong\"><span class=\"qwen-markdown-text\">robots de service<\/span><\/strong><span class=\"qwen-markdown-text\"> Au sein de l&#039;h\u00f4tel, l&#039;efficacit\u00e9 technologique est renforc\u00e9e, permettant la livraison rapide de documents ou de fournitures directement dans votre chambre, sans interruption. Les services d&#039;enregistrement et de d\u00e9part express vous permettent de gagner un temps pr\u00e9cieux et d&#039;optimiser votre s\u00e9jour \u00e0 Shenzhen, sans perdre de temps en formalit\u00e9s administratives.<\/span><\/div><div class=\"qwen-markdown-space\">\u00a0<\/div><h2 class=\"qwen-markdown-heading\"><span class=\"qwen-markdown-text\">Emplacement de choix pour le r\u00e9seautage et l&#039;acc\u00e8s aux entreprises<\/span><\/h2><div class=\"qwen-markdown-paragraph\"><span class=\"qwen-markdown-text\">L&#039;emplacement est un facteur essentiel \u00e0 la r\u00e9ussite d&#039;une entreprise, et l&#039;adresse de l&#039;h\u00f4tel \u00e0 <\/span><strong class=\"qwen-markdown-strong\"><span class=\"qwen-markdown-text\">Place Zhongguan Shidai<\/span><\/strong><span class=\"qwen-markdown-text\"> vous place au c\u0153ur d&#039;un \u00e9cosyst\u00e8me commercial dynamique. La propri\u00e9t\u00e9 se trouve \u00e0 quelques pas de <\/span><strong class=\"qwen-markdown-strong\"><span class=\"qwen-markdown-text\">Station University Town de la ligne 5 du m\u00e9tro<\/span><\/strong><span class=\"qwen-markdown-text\">, assurant une liaison directe avec le quartier central des affaires de Futian \u00e0 Shenzhen et le <\/span><strong class=\"qwen-markdown-strong\"><span class=\"qwen-markdown-text\">Gare ferroviaire du Nord de Shenzhen<\/span><\/strong><span class=\"qwen-markdown-text\">, un important n\u0153ud ferroviaire \u00e0 grande vitesse reliant Shenzhen \u00e0 Guangzhou et au-del\u00e0. Cette proximit\u00e9 est pr\u00e9cieuse pour les cadres g\u00e9rant des itin\u00e9raires multi-villes. De plus, l&#039;emplacement au sein du <\/span><strong class=\"qwen-markdown-strong\"><span class=\"qwen-markdown-text\">Ville universitaire de Xili<\/span><\/strong><span class=\"qwen-markdown-text\"> La proximit\u00e9 offre des opportunit\u00e9s uniques de collaboration avec des institutions de recherche de premier plan, notamment <\/span><strong class=\"qwen-markdown-strong\"><span class=\"qwen-markdown-text\">Universit\u00e9 Tsinghua, Universit\u00e9 de P\u00e9kin et Institut de technologie de Harbin (Shenzhen)<\/span><\/strong><span class=\"qwen-markdown-text\">. Cela fait de cet h\u00f4tel un choix id\u00e9al pour les conf\u00e9rences universitaires, les partenariats de recherche et les rencontres professionnelles dans le secteur technologique. \u00c0 proximit\u00e9 se trouvent des complexes commerciaux tels que\u2026 <\/span><strong class=\"qwen-markdown-strong\"><span class=\"qwen-markdown-text\">Centre commercial de vacances Yitian<\/span><\/strong><span class=\"qwen-markdown-text\"> nous proposons de nombreux espaces pour les repas d&#039;affaires avec nos clients et les rencontres professionnelles informelles.<\/span><\/div><div class=\"qwen-markdown-space\">\u00a0<\/div><h2 class=\"qwen-markdown-heading\"><span class=\"qwen-markdown-text\">Accueil d&#039;entreprise et divertissement des clients<\/span><\/h2><div class=\"qwen-markdown-paragraph\"><span class=\"qwen-markdown-text\">Les affaires s&#039;\u00e9tendent souvent au-del\u00e0 de la salle de conf\u00e9rence, et l&#039;h\u00f4tel Shenzhen Nanshan Jingfeng offre des lieux exceptionnels pour recevoir les clients et renforcer la coh\u00e9sion d&#039;\u00e9quipe. <\/span><strong class=\"qwen-markdown-strong\"><span class=\"qwen-markdown-text\">Restaurant Genting au 37e \u00e9tage<\/span><\/strong><span class=\"qwen-markdown-text\"> L&#039;\u00e9tablissement offre un cadre raffin\u00e9 pour les d\u00eeners d&#039;affaires, o\u00f9 les dirigeants peuvent impressionner leurs clients avec des plats priv\u00e9s personnalis\u00e9s tout en profitant d&#039;une vue panoramique sur la skyline de Shenzhen. Pour les activit\u00e9s de team building ou les moments de d\u00e9tente en entreprise, le site propose \u00e9galement des espaces d\u00e9di\u00e9s. <\/span><strong class=\"qwen-markdown-strong\"><span class=\"qwen-markdown-text\">installations KTV<\/span><\/strong><span class=\"qwen-markdown-text\"> et <\/span><strong class=\"qwen-markdown-strong\"><span class=\"qwen-markdown-text\">centre de remise en forme<\/span><\/strong><span class=\"qwen-markdown-text\"> L&#039;h\u00f4tel propose d&#039;excellentes options pour renforcer l&#039;esprit d&#039;\u00e9quipe et se d\u00e9tendre apr\u00e8s des p\u00e9riodes de travail intenses. Sa capacit\u00e9 \u00e0 s&#039;adapter \u00e0 diff\u00e9rents r\u00e9gimes alimentaires garantit des repas d&#039;affaires inclusifs et agr\u00e9ables pour tous les clients internationaux. Un service en chambre est \u00e9galement disponible pour ceux qui pr\u00e9f\u00e8rent travailler pendant leurs repas, permettant ainsi de maintenir sa productivit\u00e9 sans interruption.<\/span><\/div><div class=\"qwen-markdown-space\">\u00a0<\/div><h2 class=\"qwen-markdown-heading\"><span class=\"qwen-markdown-text\">Id\u00e9al pour les missions d&#039;entreprise de longue dur\u00e9e et les d\u00e9m\u00e9nagements.<\/span><\/h2><div class=\"qwen-markdown-paragraph\"><span class=\"qwen-markdown-text\">Pour les entreprises qui d\u00e9localisent du personnel ou g\u00e8rent des projets \u00e0 long terme \u00e0 Shenzhen, l&#039;h\u00f4tel <\/span><strong class=\"qwen-markdown-strong\"><span class=\"qwen-markdown-text\">h\u00e9bergements de type appartement<\/span><\/strong><span class=\"qwen-markdown-text\"> offrent une alternative sup\u00e9rieure \u00e0 la location traditionnelle ou aux h\u00f4tels standards. La pr\u00e9sence de <\/span><strong class=\"qwen-markdown-strong\"><span class=\"qwen-markdown-text\">cuisines compl\u00e8tes<\/span><\/strong><span class=\"qwen-markdown-text\"> Le fait de disposer de suites permet aux employ\u00e9s de maintenir de saines habitudes alimentaires et de r\u00e9duire leurs frais de subsistance lors de s\u00e9jours prolong\u00e9s. <\/span><strong class=\"qwen-markdown-strong\"><span class=\"qwen-markdown-text\">buanderie<\/span><\/strong><span class=\"qwen-markdown-text\"> et de nombreux espaces de rangement facilitent l&#039;installation pour des semaines ou des mois. L&#039;h\u00f4tel propose des formules flexibles. <\/span><strong class=\"qwen-markdown-strong\"><span class=\"qwen-markdown-text\">forfaits journaliers, mensuels et de long s\u00e9jour<\/span><\/strong><span class=\"qwen-markdown-text\">, Nous proposons des solutions de logement \u00e9conomiques pour les budgets d&#039;entreprise. Notre environnement s\u00e9curis\u00e9, avec coffres-forts et surveillance 24h\/24, garantit la tranquillit\u00e9 d&#039;esprit des employ\u00e9s en mission. Ce confort, comparable \u00e0 celui d&#039;un domicile, et les services haut de gamme d&#039;un h\u00f4tel contribuent \u00e0 r\u00e9duire l&#039;\u00e9puisement professionnel et \u00e0 accro\u00eetre la productivit\u00e9 des collaborateurs en mission de longue dur\u00e9e.<\/span><\/div><div class=\"qwen-markdown-space\">\u00a0<\/div><h2 class=\"qwen-markdown-heading\"><span class=\"qwen-markdown-text\">Engagement envers la continuit\u00e9 des activit\u00e9s et la s\u00e9curit\u00e9<\/span><\/h2><div class=\"qwen-markdown-paragraph\"><span class=\"qwen-markdown-text\">Dans le contexte commercial actuel, la s\u00e9curit\u00e9 et la fiabilit\u00e9 sont primordiales. L&#039;h\u00f4tel Shenzhen Nanshan Jingfeng applique des normes rigoureuses afin de garantir la continuit\u00e9 des activit\u00e9s de ses clients. L&#039;\u00e9tablissement est dot\u00e9 d&#039;\u00e9quipements complets. <\/span><strong class=\"qwen-markdown-strong\"><span class=\"qwen-markdown-text\">syst\u00e8mes de s\u00e9curit\u00e9 incendie et surveillance de la s\u00e9curit\u00e9<\/span><\/strong><span class=\"qwen-markdown-text\">, prot\u00e9geant \u00e0 la fois le personnel et les documents commerciaux sensibles. <\/span><strong class=\"qwen-markdown-strong\"><span class=\"qwen-markdown-text\">politique antitabac<\/span><\/strong><span class=\"qwen-markdown-text\"> Dans toutes les chambres et les espaces publics, un environnement sain est garanti, r\u00e9duisant les arr\u00eats maladie et maintenant une qualit\u00e9 de l&#039;air optimale pour les fonctions cognitives. <\/span><strong class=\"qwen-markdown-strong\"><span class=\"qwen-markdown-text\">Note de 4,8 \u00e9toiles<\/span><\/strong><span class=\"qwen-markdown-text\"> B\u00e9n\u00e9ficiant d&#039;une r\u00e9putation d&#039;excellence en mati\u00e8re de service, l&#039;h\u00f4tel garantit un environnement stable et professionnel o\u00f9 les voyageurs d&#039;affaires peuvent se concentrer pleinement sur leurs objectifs sans se soucier de la logistique de leur h\u00e9bergement.<\/span><\/div><div class=\"qwen-markdown-space\">\u00a0<\/div><h2 class=\"qwen-markdown-heading\"><span class=\"qwen-markdown-text\">Collaborez avec l&#039;h\u00f4tel Shenzhen Nanshan Jingfeng pour votre prochain projet.<\/span><\/h2><div class=\"qwen-markdown-paragraph\" data-spm-anchor-id=\"a2ty_o01.29997173.0.i18.51415171bLuhRr\"><span class=\"qwen-markdown-text\">Que vous organisiez une conf\u00e9rence de haut niveau, g\u00e9riez un projet technique de longue dur\u00e9e \u00e0 Nanshan ou recherchiez un logement de standing pour vos cadres sup\u00e9rieurs, l&#039;h\u00f4tel Shenzhen Nanshan Jingfeng (succursale de la Cit\u00e9 universitaire de Xili) vous offre l&#039;infrastructure et le service d&#039;excellence n\u00e9cessaires \u00e0 votre r\u00e9ussite. Gr\u00e2ce \u00e0 son emplacement strat\u00e9gique, ses \u00e9quipements professionnels modernes et ses espaces de vie confortables, cet h\u00f4tel permet aux professionnels d&#039;atteindre leurs objectifs \u00e0 Shenzhen. D\u00e9couvrez l&#039;harmonie parfaite entre travail et confort. <\/span><strong class=\"qwen-markdown-strong\"><span class=\"qwen-markdown-text\">Tour B, Zhongguan Shidai Plaza, n\u00b0 4168, avenue Liuxian<\/span><\/strong><span class=\"qwen-markdown-text\">, et d\u00e9couvrez pourquoi cette propri\u00e9t\u00e9 est le choix privil\u00e9gi\u00e9 des \u00e9lites d&#039;affaires du Guangdong.<\/span><\/div>\t\t\t\t\t\t\t\t<\/div>\n\t\t\t\t\t<\/div>\n\t\t\t\t<\/div>\n\t\t\t\t<\/div>","protected":false},"excerpt":{"rendered":"<p>Elevate Your Corporate Experience at Shenzhen Nanshan Jingfeng Hotel (Xili University Town Branch) A Strategic Hub for Business Excellence in Nanshan For discerning professionals and corporate travelers seeking a competitive edge in Shenzhen&#8217;s dynamic market, the Shenzhen Nanshan Jingfeng Hotel (Xili University Town Branch) stands as a premier destination for business productivity and executive comfort. [&hellip;]<\/p>\n","protected":false},"author":1,"featured_media":0,"parent":0,"menu_order":0,"comment_status":"closed","ping_status":"closed","template":"elementor_header_footer","meta":{"footnotes":""},"class_list":["post-2109","page","type-page","status-publish","hentry","post-no-thumbnail"],"_links":{"self":[{"href":"https:\/\/nanshanjingfenghotel.com\/fr\/wp-json\/wp\/v2\/pages\/2109","targetHints":{"allow":["GET"]}}],"collection":[{"href":"https:\/\/nanshanjingfenghotel.com\/fr\/wp-json\/wp\/v2\/pages"}],"about":[{"href":"https:\/\/nanshanjingfenghotel.com\/fr\/wp-json\/wp\/v2\/types\/page"}],"author":[{"embeddable":true,"href":"https:\/\/nanshanjingfenghotel.com\/fr\/wp-json\/wp\/v2\/users\/1"}],"replies":[{"embeddable":true,"href":"https:\/\/nanshanjingfenghotel.com\/fr\/wp-json\/wp\/v2\/comments?post=2109"}],"version-history":[{"count":0,"href":"https:\/\/nanshanjingfenghotel.com\/fr\/wp-json\/wp\/v2\/pages\/2109\/revisions"}],"wp:attachment":[{"href":"https:\/\/nanshanjingfenghotel.com\/fr\/wp-json\/wp\/v2\/media?parent=2109"}],"curies":[{"name":"wp","href":"https:\/\/api.w.org\/{rel}","templated":true}]}}