{"id":612,"date":"2021-03-26T10:04:13","date_gmt":"2021-03-26T10:04:13","guid":{"rendered":"http:\/\/localhost\/nuss\/?page_id=612"},"modified":"2026-03-19T07:59:16","modified_gmt":"2026-03-19T07:59:16","slug":"restaurant","status":"publish","type":"page","link":"https:\/\/nanshanjingfenghotel.com\/fr\/restaurant\/","title":{"rendered":"Restaurant"},"content":{"rendered":"<div data-elementor-type=\"wp-page\" data-elementor-id=\"612\" class=\"elementor elementor-612\">\n\t\t\t\t\t\t<section class=\"elementor-section elementor-top-section elementor-element elementor-element-e2effe8 elementor-section-boxed elementor-section-gap-beside-yes elementor-section-height-default elementor-section-height-default elementor-section-column-vertical-align-stretch\" data-id=\"e2effe8\" data-element_type=\"section\" data-e-type=\"section\">\n\t\t\t\t\t\t<div class=\"elementor-container elementor-column-gap-extended\">\n\t\t\t\t\t<div class=\"elementor-column elementor-col-100 elementor-top-column elementor-element elementor-element-e18f688\" data-id=\"e18f688\" data-element_type=\"column\" data-e-type=\"column\">\n\t\t\t<div class=\"elementor-widget-wrap elementor-element-populated\">\n\t\t\t\t\t\t<div class=\"elementor-element elementor-element-6db146d elementor-widget__width-initial elementor-invisible elementor-widget elementor-widget-text-editor\" data-id=\"6db146d\" data-element_type=\"widget\" data-e-type=\"widget\" data-settings=\"{&quot;_animation&quot;:&quot;nussFadeInUp&quot;}\" data-widget_type=\"text-editor.default\">\n\t\t\t\t\t\t\t\t\tL&#039;excellence culinaire au-dessus des nuages : d\u00eener \u00e0 l&#039;h\u00f4tel Shenzhen Nanshan Jingfeng\t\t\t\t\t\t\t\t<\/div>\n\t\t\t\t\t<\/div>\n\t\t<\/div>\n\t\t\t\t\t<\/div>\n\t\t<\/section>\n\t\t<div class=\"elementor-element elementor-element-4432428 e-flex e-con-boxed e-con e-parent\" data-id=\"4432428\" data-element_type=\"container\" data-e-type=\"container\">\n\t\t\t\t\t<div class=\"e-con-inner\">\n\t\t\t\t<div class=\"elementor-element elementor-element-3224a86 elementor-widget elementor-widget-nuss-image-gallery\" data-id=\"3224a86\" data-element_type=\"widget\" data-e-type=\"widget\" data-widget_type=\"nuss-image-gallery.default\">\n\t\t\t\t<div class=\"elementor-widget-container\">\n\t\t\t\t\t\t\t<div class=\"nuss-grid-wrapper\" data-grid=\"{&quot;type&quot;:&quot;grid&quot;,&quot;ratio&quot;:null,&quot;columns&quot;:3,&quot;gutter&quot;:30}\">\r\n\t\t\t<div class=\"nuss-grid lazy-grid\">\r\n\t\t\t\t<div class=\"grid-sizer\"><\/div>\r\n\r\n\t\t\t\t\t\t\t\t\t\t\t\t<div class=\"grid-item\">\r\n\t\t\t\t\t\t<div class=\"nuss-box\">\t\t<div class=\"nuss-image image\">\r\n\t\t\t<img decoding=\"async\"  src=\"https:\/\/nanshanjingfenghotel.com\/wp-content\/uploads\/2026\/03\/Shenzhen-Nanshan-Jingfeng-Hotel-37.webp\" alt=\"H\u00f4tel Shenzhen Nanshan Jingfeng (37)\" \/>\t\t<\/div>\r\n\t\t\t\t<\/div>\t\t\t\t\t<\/div>\r\n\t\t\t\t\t\t<div class=\"grid-item\">\r\n\t\t\t\t\t\t<div class=\"nuss-box\">\t\t<div class=\"nuss-image image\">\r\n\t\t\t<img decoding=\"async\"  src=\"https:\/\/nanshanjingfenghotel.com\/wp-content\/uploads\/2026\/03\/Shenzhen-Nanshan-Jingfeng-Hotel-35.webp\" alt=\"H\u00f4tel Shenzhen Nanshan Jingfeng (35)\" \/>\t\t<\/div>\r\n\t\t\t\t<\/div>\t\t\t\t\t<\/div>\r\n\t\t\t\t\t\t<div class=\"grid-item\">\r\n\t\t\t\t\t\t<div class=\"nuss-box\">\t\t<div class=\"nuss-image image\">\r\n\t\t\t<img decoding=\"async\"  src=\"https:\/\/nanshanjingfenghotel.com\/wp-content\/uploads\/2026\/03\/Shenzhen-Nanshan-Jingfeng-Hotel-33.webp\" alt=\"H\u00f4tel Shenzhen Nanshan Jingfeng (33)\" \/>\t\t<\/div>\r\n\t\t\t\t<\/div>\t\t\t\t\t<\/div>\r\n\t\t\t\t\t\t<div class=\"grid-item\">\r\n\t\t\t\t\t\t<div class=\"nuss-box\">\t\t<div class=\"nuss-image image\">\r\n\t\t\t<img decoding=\"async\"  src=\"https:\/\/nanshanjingfenghotel.com\/wp-content\/uploads\/2026\/03\/Shenzhen-Nanshan-Jingfeng-Hotel-31.webp\" alt=\"H\u00f4tel Shenzhen Nanshan Jingfeng (31)\" \/>\t\t<\/div>\r\n\t\t\t\t<\/div>\t\t\t\t\t<\/div>\r\n\t\t\t\t\t\t<div class=\"grid-item\">\r\n\t\t\t\t\t\t<div class=\"nuss-box\">\t\t<div class=\"nuss-image image\">\r\n\t\t\t<img decoding=\"async\"  src=\"https:\/\/nanshanjingfenghotel.com\/wp-content\/uploads\/2026\/03\/Shenzhen-Nanshan-Jingfeng-Hotel-30.webp\" alt=\"H\u00f4tel Shenzhen Nanshan Jingfeng (30)\" \/>\t\t<\/div>\r\n\t\t\t\t<\/div>\t\t\t\t\t<\/div>\r\n\t\t\t\t\t\t<div class=\"grid-item\">\r\n\t\t\t\t\t\t<div class=\"nuss-box\">\t\t<div class=\"nuss-image image\">\r\n\t\t\t<img decoding=\"async\"  src=\"https:\/\/nanshanjingfenghotel.com\/wp-content\/uploads\/2026\/03\/Shenzhen-Nanshan-Jingfeng-Hotel-28.webp\" alt=\"H\u00f4tel Shenzhen Nanshan Jingfeng (28)\" \/>\t\t<\/div>\r\n\t\t\t\t<\/div>\t\t\t\t\t<\/div>\r\n\t\t\t\t\t\t<div class=\"grid-item\">\r\n\t\t\t\t\t\t<div class=\"nuss-box\">\t\t<div class=\"nuss-image image\">\r\n\t\t\t<img decoding=\"async\"  src=\"https:\/\/nanshanjingfenghotel.com\/wp-content\/uploads\/2026\/03\/Shenzhen-Nanshan-Jingfeng-Hotel-27.webp\" alt=\"H\u00f4tel Shenzhen Nanshan Jingfeng (27)\" \/>\t\t<\/div>\r\n\t\t\t\t<\/div>\t\t\t\t\t<\/div>\r\n\t\t\t\t\t\t<div class=\"grid-item\">\r\n\t\t\t\t\t\t<div class=\"nuss-box\">\t\t<div class=\"nuss-image image\">\r\n\t\t\t<img decoding=\"async\"  src=\"https:\/\/nanshanjingfenghotel.com\/wp-content\/uploads\/2026\/03\/Shenzhen-Nanshan-Jingfeng-Hotel-24.webp\" alt=\"H\u00f4tel Shenzhen Nanshan Jingfeng (24)\" \/>\t\t<\/div>\r\n\t\t\t\t<\/div>\t\t\t\t\t<\/div>\r\n\t\t\t\t\t\t<div class=\"grid-item\">\r\n\t\t\t\t\t\t<div class=\"nuss-box\">\t\t<div class=\"nuss-image image\">\r\n\t\t\t<img decoding=\"async\"  src=\"https:\/\/nanshanjingfenghotel.com\/wp-content\/uploads\/2026\/03\/Shenzhen-Nanshan-Jingfeng-Hotel-22.webp\" alt=\"H\u00f4tel Shenzhen Nanshan Jingfeng (22)\" \/>\t\t<\/div>\r\n\t\t\t\t<\/div>\t\t\t\t\t<\/div>\r\n\t\t\t\t\t\t\t\r\n\t\t\t<\/div>\r\n\t\t<\/div>\r\n\t\t\t\t\t\t<\/div>\n\t\t\t\t<\/div>\n\t\t\t\t\t<\/div>\n\t\t\t\t<\/div>\n\t\t<div class=\"elementor-element elementor-element-f502419 e-flex e-con-boxed e-con e-parent\" data-id=\"f502419\" data-element_type=\"container\" data-e-type=\"container\">\n\t\t\t\t\t<div class=\"e-con-inner\">\n\t\t\t\t<div class=\"elementor-element elementor-element-3ed7508 elementor-widget elementor-widget-text-editor\" data-id=\"3ed7508\" data-element_type=\"widget\" data-e-type=\"widget\" data-widget_type=\"text-editor.default\">\n\t\t\t\t\t\t\t\t\t<h2 class=\"qwen-markdown-heading\"><span class=\"qwen-markdown-text\">Un voyage gastronomique au c\u0153ur de Nanshan<\/span><\/h2><div class=\"qwen-markdown-paragraph\"><span class=\"qwen-markdown-text\">D\u00eener au <\/span><strong class=\"qwen-markdown-strong\"><span class=\"qwen-markdown-text\">H\u00f4tel Shenzhen Nanshan Jingfeng (branche de la ville universitaire de Xili)<\/span><\/strong><span class=\"qwen-markdown-text\"> est une exp\u00e9rience qui transcende le simple fait de se nourrir, se transformant en un voyage culinaire m\u00e9morable sur fond de panorama \u00e9poustouflant de Shenzhen. Situ\u00e9 \u00e0 <\/span><strong class=\"qwen-markdown-strong\"><span class=\"qwen-markdown-text\">Tour B, Zhongguan Shidai Plaza, n\u00b0 4168 Liuxian Avenue, district de Nanshan, Shenzhen, Guangdong, Chine<\/span><\/strong><span class=\"qwen-markdown-text\">, Notre restaurant d&#039;h\u00f4tel offre \u00e0 ses clients l&#039;opportunit\u00e9 unique de savourer des saveurs exquises dans une ambiance raffin\u00e9e et confortable. Que vous soyez en voyage d&#039;affaires \u00e0 la recherche d&#039;un lieu pour recevoir vos clients, en famille souhaitant un repas pratique apr\u00e8s une journ\u00e9e d&#039;exploration, ou client de longue dur\u00e9e d\u00e9sirant la flexibilit\u00e9 d&#039;une cuisine maison, nos espaces de restauration sont con\u00e7us pour satisfaire tous les palais et toutes les pr\u00e9f\u00e9rences, avec une qualit\u00e9 et un service irr\u00e9prochables.<\/span><\/div><div class=\"qwen-markdown-space\">\u00a0<\/div><h2 class=\"qwen-markdown-heading\"><span class=\"qwen-markdown-text\">Le restaurant Genting\u00a0: un d\u00eener en altitude avec vue panoramique<\/span><\/h2><div class=\"qwen-markdown-paragraph\"><span class=\"qwen-markdown-text\">Le joyau de notre offre culinaire est le renomm\u00e9 <\/span><strong class=\"qwen-markdown-strong\"><span class=\"qwen-markdown-text\">Restaurant Genting<\/span><\/strong><span class=\"qwen-markdown-text\">, situ\u00e9 sur le <\/span><strong class=\"qwen-markdown-strong\"><span class=\"qwen-markdown-text\">37e \u00e9tage<\/span><\/strong><span class=\"qwen-markdown-text\"> Ce restaurant perch\u00e9 sur une hauteur offre bien plus qu&#039;un simple repas : il propose un panorama exceptionnel sur le quartier anim\u00e9 de Nanshan, avec une vue imprenable sur le mont Tanglang et les lumi\u00e8res scintillantes de la ville la nuit. L&#039;ambiance, soigneusement travaill\u00e9e, allie \u00e9l\u00e9gance moderne et hospitalit\u00e9 chaleureuse, cr\u00e9ant un cadre id\u00e9al pour des d\u00eeners romantiques comme pour des r\u00e9unions d&#039;affaires importantes. Le jour, les baies vitr\u00e9es laissent entrer la lumi\u00e8re naturelle, tandis que la nuit, elles se transforment en un tableau f\u00e9erique de lumi\u00e8res urbaines, offrant un cadre dynamique qui \u00e9volue au fil des heures. Le restaurant Genting est rapidement devenu une adresse incontournable du quartier universitaire de Xili, attirant aussi bien les clients de l&#039;h\u00f4tel que les fins gourmets locaux, s\u00e9duits par l&#039;alliance de l&#039;altitude, du panorama et de la gastronomie.<\/span><\/div><div class=\"qwen-markdown-space\">\u00a0<\/div><h2 class=\"qwen-markdown-heading\"><span class=\"qwen-markdown-text\">Cuisine locale authentique et plats priv\u00e9s personnalis\u00e9s<\/span><\/h2><div class=\"qwen-markdown-paragraph\"><span class=\"qwen-markdown-text\">Au c\u0153ur du menu de notre restaurant se trouve un engagement envers <\/span><strong class=\"qwen-markdown-strong\"><span class=\"qwen-markdown-text\">cuisine locale authentique<\/span><\/strong><span class=\"qwen-markdown-text\"> qui c\u00e9l\u00e8bre le riche patrimoine culinaire de Shenzhen et de la province du Guangdong. Nos chefs s\u00e9lectionnent avec soin des ingr\u00e9dients frais et de qualit\u00e9 sup\u00e9rieure sur les march\u00e9s locaux afin de garantir que chaque plat soit une explosion de saveurs et de fra\u00eecheur. Les convives peuvent se r\u00e9galer d&#039;une vari\u00e9t\u00e9 de sp\u00e9cialit\u00e9s r\u00e9gionales, des dim sum d\u00e9licats aux copieux classiques cantonais, tous pr\u00e9par\u00e9s selon des techniques traditionnelles avec une touche de modernit\u00e9. Pour une exp\u00e9rience plus exclusive, le restaurant propose des menus sp\u00e9ciaux. <\/span><strong class=\"qwen-markdown-strong\"><span class=\"qwen-markdown-text\">plats priv\u00e9s personnalis\u00e9s<\/span><\/strong><span class=\"qwen-markdown-text\">. Que vous ayez des exigences alimentaires particuli\u00e8res, c\u00e9l\u00e9briez une occasion sp\u00e9ciale ou organisiez un banquet d&#039;entreprise, notre \u00e9quipe culinaire travaille en \u00e9troite collaboration avec vous pour cr\u00e9er des menus personnalis\u00e9s qui d\u00e9passeront vos attentes. Cette flexibilit\u00e9 garantit que chaque repas soit adapt\u00e9 aux besoins et aux go\u00fbts uniques de nos convives, faisant de chaque moment un \u00e9v\u00e9nement distinct et m\u00e9morable.<\/span><\/div><div class=\"qwen-markdown-space\">\u00a0<\/div><h2 class=\"qwen-markdown-heading\"><span class=\"qwen-markdown-text\">Des options de restauration flexibles pour tous les styles de vie<\/span><\/h2><div class=\"qwen-markdown-paragraph\"><span class=\"qwen-markdown-text\">Conscient de la diversit\u00e9 des horaires et des pr\u00e9f\u00e9rences des voyageurs modernes, l&#039;h\u00f4tel Shenzhen Nanshan Jingfeng propose diff\u00e9rentes options de restauration en plus de son restaurant principal. Pour les clients qui privil\u00e9gient l&#039;intimit\u00e9 et le confort de leur chambre, notre <\/span><strong class=\"qwen-markdown-strong\"><span class=\"qwen-markdown-text\">Service en chambre 24h\/24<\/span><\/strong><span class=\"qwen-markdown-text\"> Profitez d&#039;une exp\u00e9rience restaurant compl\u00e8te directement dans votre chambre. Que vous ayez besoin d&#039;un petit-d\u00e9jeuner rapide avant une r\u00e9union matinale, d&#039;un d\u00e9jeuner \u00e9quilibr\u00e9 pendant votre session de travail ou d&#039;un d\u00eener relaxant apr\u00e8s une longue journ\u00e9e, notre service en chambre propose un large choix de plats chauds et froids, livr\u00e9s rapidement et avec professionnalisme. De plus, conscient des besoins des s\u00e9jours prolong\u00e9s et des familles, l&#039;h\u00f4tel donne acc\u00e8s \u00e0 un <\/span><strong class=\"qwen-markdown-strong\"><span class=\"qwen-markdown-text\">cuisine partag\u00e9e<\/span><\/strong><span class=\"qwen-markdown-text\">. Ce service unique permet aux clients qui pr\u00e9f\u00e8rent cuisiner eux-m\u00eames de le faire en toute simplicit\u00e9, offrant ainsi une option \u00e9conomique et conviviale \u00e0 ceux qui souhaitent pr\u00e9parer des repas adapt\u00e9s \u00e0 des r\u00e9gimes sp\u00e9cifiques ou simplement profiter du plaisir de cuisiner en voyage. Cette combinaison de restauration compl\u00e8te et de flexibilit\u00e9 en mati\u00e8re de cuisine fait de notre h\u00f4tel un choix d&#039;h\u00e9bergement v\u00e9ritablement polyvalent.<\/span><\/div><div class=\"qwen-markdown-space\">\u00a0<\/div><h2 class=\"qwen-markdown-heading\"><span class=\"qwen-markdown-text\">Lieu id\u00e9al pour les r\u00e9ceptions d&#039;affaires et les \u00e9v\u00e9nements sociaux<\/span><\/h2><div class=\"qwen-markdown-paragraph\"><span class=\"qwen-markdown-text\">Les installations de restauration de l&#039;h\u00f4tel Shenzhen Nanshan Jingfeng sont parfaitement adapt\u00e9es pour <\/span><strong class=\"qwen-markdown-strong\"><span class=\"qwen-markdown-text\">divertissements d&#039;affaires et r\u00e9unions d&#039;entreprise<\/span><\/strong><span class=\"qwen-markdown-text\">. Les salons priv\u00e9s du restaurant Genting offrent un cadre intime propice aux \u00e9changes confidentiels autour d&#039;un repas raffin\u00e9. Notre personnel professionnel est form\u00e9 pour g\u00e9rer les \u00e9v\u00e9nements d&#039;entreprise avec discr\u00e9tion et efficacit\u00e9, garantissant ainsi le bon d\u00e9roulement de vos d\u00e9jeuners et d\u00eeners d&#039;affaires. Pour les activit\u00e9s de team building ou les rencontres informelles, les vastes espaces du restaurant et son karaok\u00e9, situ\u00e9s au m\u00eame \u00e9tage, offrent une excellente occasion aux coll\u00e8gues de se retrouver autour d&#039;un bon repas et de se divertir. La proximit\u00e9 des principaux p\u00f4les d&#039;activit\u00e9 du district de Nanshan fait de notre \u00e9tablissement un lieu id\u00e9al pour recevoir vos clients visitant les parcs technologiques ou les institutions universitaires environnants. En alliant une cuisine de haute qualit\u00e9 \u00e0 une atmosph\u00e8re professionnelle, nous aidons nos clients \u00e0 marquer durablement leurs partenaires commerciaux.<\/span><\/div><div class=\"qwen-markdown-space\">\u00a0<\/div><h2 class=\"qwen-markdown-heading\"><span class=\"qwen-markdown-text\">Paysage culinaire environnant et commodit\u00e9s<\/span><\/h2><div class=\"qwen-markdown-paragraph\"><span class=\"qwen-markdown-text\">Bien que l&#039;h\u00f4tel propose un large choix de restaurants, les clients profitent \u00e9galement de la richesse culinaire des environs. <\/span><strong class=\"qwen-markdown-strong\"><span class=\"qwen-markdown-text\">Place Zhongguan Shidai<\/span><\/strong><span class=\"qwen-markdown-text\">. L&#039;adjacent <\/span><strong class=\"qwen-markdown-strong\"><span class=\"qwen-markdown-text\">Centre commercial de vacances Yitian<\/span><\/strong><span class=\"qwen-markdown-text\"> L&#039;h\u00f4tel propose une multitude de restaurants, allant des cha\u00eenes internationales de restauration rapide aux caf\u00e9s sp\u00e9cialis\u00e9s en passant par diverses cuisines r\u00e9gionales. Cet acc\u00e8s imm\u00e9diat \u00e0 une offre de restauration ext\u00e9rieure garantit aux clients un large choix pour leurs aventures culinaires. Cependant, nombreux sont ceux qui reviennent au restaurant de l&#039;h\u00f4tel pour sa praticit\u00e9, la qualit\u00e9 de ses plats et l&#039;excellence de son service, caract\u00e9ristiques de l&#039;exp\u00e9rience Jingfeng. <\/span><strong class=\"qwen-markdown-strong\"><span class=\"qwen-markdown-text\">Avenue Liuxian<\/span><\/strong><span class=\"qwen-markdown-text\"> Situ\u00e9 dans un quartier anim\u00e9, l&#039;h\u00f4tel vous offre un havre de paix gr\u00e2ce \u00e0 son restaurant, id\u00e9al pour se d\u00e9tendre sans avoir \u00e0 s&#039;\u00e9loigner. Que vous choisissiez de d\u00e9couvrir la gastronomie locale ou de profiter du confort de l&#039;h\u00f4tel, vous serez au c\u0153ur de l&#039;un des quartiers les plus gourmands de Shenzhen.<\/span><\/div><div class=\"qwen-markdown-space\">\u00a0<\/div><h2 class=\"qwen-markdown-heading\"><span class=\"qwen-markdown-text\">Engagement envers la s\u00e9curit\u00e9, l&#039;hygi\u00e8ne et la qualit\u00e9<\/span><\/h2><div class=\"qwen-markdown-paragraph\"><span class=\"qwen-markdown-text\">Dans le contexte actuel des voyages, la s\u00e9curit\u00e9 et l&#039;hygi\u00e8ne sont des pr\u00e9occupations primordiales pour les clients des restaurants. L&#039;h\u00f4tel Shenzhen Nanshan Jingfeng applique des mesures rigoureuses. <\/span><strong class=\"qwen-markdown-strong\"><span class=\"qwen-markdown-text\">normes de s\u00e9curit\u00e9 alimentaire et de propret\u00e9<\/span><\/strong><span class=\"qwen-markdown-text\"> Dans tous nos espaces de restauration, notre personnel de cuisine respecte des protocoles sanitaires stricts, garantissant ainsi que tous les aliments sont pr\u00e9par\u00e9s, conserv\u00e9s et servis dans un environnement parfaitement propre. Les salles sont r\u00e9guli\u00e8rement d\u00e9sinfect\u00e9es et l&#039;espacement des tables est con\u00e7u pour offrir \u00e0 nos clients une distance confortable et s\u00e9curitaire. Nous savons qu&#039;il est essentiel de profiter pleinement d&#039;un repas en toute s\u00e9r\u00e9nit\u00e9, c&#039;est pourquoi notre \u00e9quipe s&#039;engage \u00e0 maintenir une transparence et une excellence constantes en mati\u00e8re d&#039;hygi\u00e8ne. De la fra\u00eecheur des ingr\u00e9dients \u00e0 la propret\u00e9 des ustensiles, chaque d\u00e9tail est contr\u00f4l\u00e9 pour que nos clients puissent d\u00eener en toute confiance. Cet engagement envers la s\u00e9curit\u00e9 compl\u00e8te notre passion pour la saveur, cr\u00e9ant ainsi une exp\u00e9rience culinaire compl\u00e8te qui place le bien-\u00eatre de nos clients au premier plan.<\/span><\/div><div class=\"qwen-markdown-space\">\u00a0<\/div><h2 class=\"qwen-markdown-heading\"><span class=\"qwen-markdown-text\">Un avant-go\u00fbt de l&#039;hospitalit\u00e9 de Shenzhen<\/span><\/h2><div class=\"qwen-markdown-paragraph\"><span class=\"qwen-markdown-text\">Au Shenzhen Nanshan Jingfeng Hotel, d\u00eener est avant tout une exp\u00e9rience culinaire chaleureuse, impr\u00e9gn\u00e9e de l&#039;hospitalit\u00e9 de Shenzhen. Notre personnel, attentif, comp\u00e9tent et r\u00e9actif, veille \u00e0 ce que chaque client se sente choy\u00e9 et appr\u00e9ci\u00e9. Que vous savouriez un petit-d\u00e9jeuner paisible face \u00e0 la brume matinale sur le mont Tanglang, organisiez un d\u00eener convivial entre amis ou preniez un repas rapide entre deux r\u00e9unions, notre \u00e9quipe est l\u00e0 pour sublimer votre exp\u00e9rience. Nous sommes convaincus que la gastronomie est un langage universel qui unit les peuples, et notre restaurant est un lieu de rencontre o\u00f9 se partagent des histoires et se cr\u00e9ent des souvenirs. Son emplacement strat\u00e9gique au <\/span><strong class=\"qwen-markdown-strong\"><span class=\"qwen-markdown-text\">N\u00b0 4168, avenue Liuxian<\/span><\/strong><span class=\"qwen-markdown-text\">, Des prestations haut de gamme et une excellence culinaire font de notre restaurant un atout majeur de l&#039;h\u00f4tel.<\/span><\/div><div class=\"qwen-markdown-space\">\u00a0<\/div><h2 class=\"qwen-markdown-heading\"><span class=\"qwen-markdown-text\">R\u00e9servez votre table d\u00e8s aujourd&#039;hui<\/span><\/h2><div class=\"qwen-markdown-paragraph\" data-spm-anchor-id=\"a2ty_o01.29997173.0.i7.51415171bLuhRr\"><span class=\"qwen-markdown-text\">Nous vous invitons \u00e0 d\u00e9couvrir les options de restauration exceptionnelles propos\u00e9es au <\/span><strong class=\"qwen-markdown-strong\"><span class=\"qwen-markdown-text\">H\u00f4tel Shenzhen Nanshan Jingfeng (branche de la ville universitaire de Xili)<\/span><\/strong><span class=\"qwen-markdown-text\">. Que vous s\u00e9journiez chez nous ou que vous veniez sp\u00e9cialement pour un repas, le restaurant Genting et nos services de restauration complets vous promettent une exp\u00e9rience inoubliable. Rejoignez-nous au 37e \u00e9tage pour savourer les d\u00e9lices de Shenzhen tout en profitant d&#039;une vue imprenable sur cette ville dynamique. Pour toute r\u00e9servation, demande de menu particulier ou information compl\u00e9mentaire sur nos services de restauration, notre \u00e9quipe de conciergerie est \u00e0 votre disposition. D\u00e9couvrez l&#039;alliance parfaite entre emplacement, luxe et saveurs au Genting. <\/span><strong class=\"qwen-markdown-strong\"><span class=\"qwen-markdown-text\">Tour B, place Zhongguan Shidai<\/span><\/strong><span class=\"qwen-markdown-text\">, et laissez-nous faire de votre exp\u00e9rience culinaire dans le district de Nanshan une exp\u00e9rience vraiment exceptionnelle.<\/span><\/div>\t\t\t\t\t\t\t\t<\/div>\n\t\t\t\t\t<\/div>\n\t\t\t\t<\/div>\n\t\t\t\t<\/div>","protected":false},"excerpt":{"rendered":"<p>Culinary Excellence Above the Clouds: Dining at Shenzhen Nanshan Jingfeng Hotel A Gastronomic Journey in the Heart of Nanshan Dining at the Shenzhen Nanshan Jingfeng Hotel (Xili University Town Branch) is an experience that transcends mere sustenance, evolving into a memorable culinary journey set against the backdrop of Shenzhen&#8217;s breathtaking skyline. Located at Tower B, [&hellip;]<\/p>\n","protected":false},"author":1,"featured_media":0,"parent":0,"menu_order":0,"comment_status":"closed","ping_status":"closed","template":"elementor_header_footer","meta":{"footnotes":""},"class_list":["post-612","page","type-page","status-publish","hentry","post-no-thumbnail"],"_links":{"self":[{"href":"https:\/\/nanshanjingfenghotel.com\/fr\/wp-json\/wp\/v2\/pages\/612","targetHints":{"allow":["GET"]}}],"collection":[{"href":"https:\/\/nanshanjingfenghotel.com\/fr\/wp-json\/wp\/v2\/pages"}],"about":[{"href":"https:\/\/nanshanjingfenghotel.com\/fr\/wp-json\/wp\/v2\/types\/page"}],"author":[{"embeddable":true,"href":"https:\/\/nanshanjingfenghotel.com\/fr\/wp-json\/wp\/v2\/users\/1"}],"replies":[{"embeddable":true,"href":"https:\/\/nanshanjingfenghotel.com\/fr\/wp-json\/wp\/v2\/comments?post=612"}],"version-history":[{"count":0,"href":"https:\/\/nanshanjingfenghotel.com\/fr\/wp-json\/wp\/v2\/pages\/612\/revisions"}],"wp:attachment":[{"href":"https:\/\/nanshanjingfenghotel.com\/fr\/wp-json\/wp\/v2\/media?parent=612"}],"curies":[{"name":"wp","href":"https:\/\/api.w.org\/{rel}","templated":true}]}}