{"id":2109,"date":"2021-03-26T08:35:58","date_gmt":"2021-03-26T08:35:58","guid":{"rendered":"http:\/\/localhost\/nuss\/?page_id=536"},"modified":"2026-03-19T07:58:38","modified_gmt":"2026-03-19T07:58:38","slug":"strutture-aziendali","status":"publish","type":"page","link":"https:\/\/nanshanjingfenghotel.com\/it\/business-facilities\/","title":{"rendered":"Strutture aziendali"},"content":{"rendered":"<div data-elementor-type=\"wp-page\" data-elementor-id=\"2109\" class=\"elementor elementor-2109\">\n\t\t\t\t\t\t<section class=\"elementor-section elementor-top-section elementor-element elementor-element-bb2901b elementor-section-boxed elementor-section-gap-beside-yes elementor-section-height-default elementor-section-height-default elementor-section-column-vertical-align-stretch\" data-id=\"bb2901b\" data-element_type=\"section\" data-e-type=\"section\">\n\t\t\t\t\t\t<div class=\"elementor-container elementor-column-gap-extended\">\n\t\t\t\t\t<div class=\"elementor-column elementor-col-100 elementor-top-column elementor-element elementor-element-1919db9\" data-id=\"1919db9\" data-element_type=\"column\" data-e-type=\"column\">\n\t\t\t<div class=\"elementor-widget-wrap elementor-element-populated\">\n\t\t\t\t\t\t<div class=\"elementor-element elementor-element-41a7b9c elementor-widget__width-initial elementor-invisible elementor-widget elementor-widget-text-editor\" data-id=\"41a7b9c\" data-element_type=\"widget\" data-e-type=\"widget\" data-settings=\"{&quot;_animation&quot;:&quot;nussFadeInUp&quot;}\" data-widget_type=\"text-editor.default\">\n\t\t\t\t\t\t\t\t\t<h4 class=\"qwen-markdown-heading\"><span class=\"qwen-markdown-text\" data-spm-anchor-id=\"a2ty_o01.29997173.0.i20.51415171bLuhRr\">Migliora la tua esperienza aziendale al Shenzhen Nanshan Jingfeng Hotel (filiale di Xili University Town).<\/span><\/h4>\t\t\t\t\t\t\t\t<\/div>\n\t\t\t\t\t<\/div>\n\t\t<\/div>\n\t\t\t\t\t<\/div>\n\t\t<\/section>\n\t\t<div class=\"elementor-element elementor-element-8eb25a6 e-flex e-con-boxed e-con e-parent\" data-id=\"8eb25a6\" data-element_type=\"container\" data-e-type=\"container\">\n\t\t\t\t\t<div class=\"e-con-inner\">\n\t\t\t\t<div class=\"elementor-element elementor-element-6750572 elementor-widget elementor-widget-image\" data-id=\"6750572\" data-element_type=\"widget\" data-e-type=\"widget\" data-widget_type=\"image.default\">\n\t\t\t\t\t\t\t\t\t\t\t\t\t\t\t<img fetchpriority=\"high\" decoding=\"async\" width=\"1024\" height=\"747\" src=\"https:\/\/nanshanjingfenghotel.com\/wp-content\/uploads\/2026\/03\/Shenzhen-Nanshan-Jingfeng-Hotel-46-1024x747.webp\" class=\"attachment-large size-large wp-image-5590\" alt=\"\" srcset=\"https:\/\/nanshanjingfenghotel.com\/wp-content\/uploads\/2026\/03\/Shenzhen-Nanshan-Jingfeng-Hotel-46-1024x747.webp 1024w, https:\/\/nanshanjingfenghotel.com\/wp-content\/uploads\/2026\/03\/Shenzhen-Nanshan-Jingfeng-Hotel-46-300x219.webp 300w, https:\/\/nanshanjingfenghotel.com\/wp-content\/uploads\/2026\/03\/Shenzhen-Nanshan-Jingfeng-Hotel-46-768x560.webp 768w, https:\/\/nanshanjingfenghotel.com\/wp-content\/uploads\/2026\/03\/Shenzhen-Nanshan-Jingfeng-Hotel-46.webp 1170w\" sizes=\"(max-width: 1024px) 100vw, 1024px\" \/>\t\t\t\t\t\t\t\t\t\t\t\t\t\t\t<\/div>\n\t\t\t\t\t<\/div>\n\t\t\t\t<\/div>\n\t\t<div class=\"elementor-element elementor-element-33409d2 e-flex e-con-boxed e-con e-parent\" data-id=\"33409d2\" data-element_type=\"container\" data-e-type=\"container\">\n\t\t\t\t\t<div class=\"e-con-inner\">\n\t\t\t\t<div class=\"elementor-element elementor-element-093c0fb elementor-widget elementor-widget-text-editor\" data-id=\"093c0fb\" data-element_type=\"widget\" data-e-type=\"widget\" data-widget_type=\"text-editor.default\">\n\t\t\t\t\t\t\t\t\t<h2 class=\"qwen-markdown-heading\"><span class=\"qwen-markdown-text\">Un polo strategico per l&#039;eccellenza aziendale a Nanshan<\/span><\/h2><div class=\"qwen-markdown-paragraph\"><span class=\"qwen-markdown-text\">Per i professionisti esigenti e i viaggiatori d&#039;affari che cercano un vantaggio competitivo nel dinamico mercato di Shenzhen, il <\/span><strong class=\"qwen-markdown-strong\"><span class=\"qwen-markdown-text\">Shenzhen Nanshan Jingfeng Hotel (filiale della citt\u00e0 universitaria di Xili)<\/span><\/strong><span class=\"qwen-markdown-text\"> rappresenta una destinazione di prim&#039;ordine per la produttivit\u00e0 aziendale e il comfort dei dirigenti. Strategicamente situato a <\/span><strong class=\"qwen-markdown-strong\"><span class=\"qwen-markdown-text\">Torre B, Zhongguan Shidai Plaza, No. 4168 Liuxian Avenue, distretto di Nanshan, Shenzhen, Guangdong, Cina<\/span><\/strong><span class=\"qwen-markdown-text\">, Questa struttura \u00e8 molto pi\u00f9 di un semplice luogo dove dormire; \u00e8 un santuario aziendale completamente integrato, progettato per supportare riunioni, progetti di lunga durata e le esigenze di alloggio aziendale di alto livello. Situato nel cuore del distretto di Nanshan, spesso definito il polo tecnologico e dell&#039;innovazione di Shenzhen, l&#039;hotel offre un accesso immediato alle principali zone industriali, ai centri di ricerca accademici e alle principali arterie di trasporto, garantendo che le vostre attivit\u00e0 aziendali si svolgano senza intoppi logistici.<\/span><\/div><div class=\"qwen-markdown-space\">\u00a0<\/div><h2 class=\"qwen-markdown-heading\"><span class=\"qwen-markdown-text\">Strutture complete per riunioni e conferenze<\/span><\/h2><div class=\"qwen-markdown-paragraph\"><span class=\"qwen-markdown-text\">Comprendendo la natura fondamentale della collaborazione faccia a faccia, l&#039;hotel offre servizi dedicati <\/span><strong class=\"qwen-markdown-strong\"><span class=\"qwen-markdown-text\">strutture per conferenze e riunioni<\/span><\/strong><span class=\"qwen-markdown-text\"> Adatto a diverse esigenze aziendali. Che si tratti di una piccola riunione del consiglio di amministrazione, di una presentazione ai clienti o di una sessione di pianificazione strategica, la sala conferenze in loco offre un ambiente professionale attrezzato per soddisfare le vostre esigenze. Gli spazi sono progettati per ridurre al minimo le distrazioni, consentendo ai team di concentrarsi sui risultati. A supporto di questi spazi, sono disponibili servizi essenziali per le aziende, tra cui capacit\u00e0 di presentazione ad alta velocit\u00e0 e disposizioni flessibili dei posti a sedere. Per le discussioni private, le zone silenziose e le sale insonorizzate dell&#039;hotel garantiscono riservatezza e professionalit\u00e0. La disponibilit\u00e0 di una sala conferenze in loco \u00e8 garantita. <\/span><strong class=\"qwen-markdown-strong\"><span class=\"qwen-markdown-text\">centro affari<\/span><\/strong><span class=\"qwen-markdown-text\"> Completa ulteriormente questi spazi per riunioni, fornendo un punto di riferimento centralizzato per il supporto amministrativo prima, durante e dopo i vostri eventi.<\/span><\/div><div class=\"qwen-markdown-space\">\u00a0<\/div><h2 class=\"qwen-markdown-heading\"><span class=\"qwen-markdown-text\">Produttivit\u00e0 in camera e comfort per dirigenti<\/span><\/h2><div class=\"qwen-markdown-paragraph\"><span class=\"qwen-markdown-text\">Il design unico in stile appartamento dello Shenzhen Nanshan Jingfeng Hotel offre un vantaggio significativo per i viaggiatori d&#039;affari che necessitano di uno spazio di lavoro funzionale all&#039;interno del loro alloggio. A differenza delle camere d&#039;albergo standard, il <\/span><strong class=\"qwen-markdown-strong\"><span class=\"qwen-markdown-text\">Suite di lusso e camere executive<\/span><\/strong><span class=\"qwen-markdown-text\"> presentano layout spaziosi che consentono aree di lavoro dedicate. Gli ospiti beneficiano di <\/span><strong class=\"qwen-markdown-strong\"><span class=\"qwen-markdown-text\">connettivit\u00e0 Wi-Fi ad alta velocit\u00e0<\/span><\/strong><span class=\"qwen-markdown-text\"> in tutta la propriet\u00e0, garantendo videoconferenze senza interruzioni e trasferimenti di file di grandi dimensioni. Le camere sono situate su <\/span><strong class=\"qwen-markdown-strong\"><span class=\"qwen-markdown-text\">piani dal 15 al 32<\/span><\/strong><span class=\"qwen-markdown-text\">, offrendo un&#039;atmosfera tranquilla lontano dal rumore della strada, essenziale per un lavoro profondo e un sonno ristoratore prima di riunioni importanti. Servizi di alta qualit\u00e0 come frigoriferi di grande capacit\u00e0 consentono ai dirigenti di conservare i pasti per le sessioni di lavoro notturne, mentre il sistema integrato <\/span><strong class=\"qwen-markdown-strong\"><span class=\"qwen-markdown-text\">lavatrici in camera<\/span><\/strong><span class=\"qwen-markdown-text\"> assicurarsi che l&#039;abbigliamento da lavoro sia sempre fresco e pronto per la presentazione. L&#039;inclusione di <\/span><strong class=\"qwen-markdown-strong\"><span class=\"qwen-markdown-text\">Televisori LED da 55 pollici<\/span><\/strong><span class=\"qwen-markdown-text\"> Pu\u00f2 inoltre fungere da potenziale monitor secondario o schermo di presentazione per briefing informali in sala.<\/span><\/div><div class=\"qwen-markdown-space\">\u00a0<\/div><h2 class=\"qwen-markdown-heading\"><span class=\"qwen-markdown-text\">Supporto amministrativo e servizi del Business Center<\/span><\/h2><div class=\"qwen-markdown-paragraph\"><span class=\"qwen-markdown-text\">L&#039;efficienza \u00e8 la pietra angolare dei viaggi d&#039;affari di successo e l&#039;hotel <\/span><strong class=\"qwen-markdown-strong\"><span class=\"qwen-markdown-text\">Servizi di business center 24 ore su 24<\/span><\/strong><span class=\"qwen-markdown-text\"> sono progettati per mantenere le tue operazioni in funzione 24 ore su 24. Gli ospiti hanno accesso alle attrezzature essenziali per ufficio, tra cui: <\/span><strong class=\"qwen-markdown-strong\"><span class=\"qwen-markdown-text\">fax, fotocopiatrici e servizi di stampa<\/span><\/strong><span class=\"qwen-markdown-text\">, eliminando la necessit\u00e0 di cercare negozi esterni di forniture per ufficio. <\/span><strong class=\"qwen-markdown-strong\"><span class=\"qwen-markdown-text\">Servizio di portineria 24 ore su 24<\/span><\/strong><span class=\"qwen-markdown-text\"> \u00e8 addestrato per assistere con richieste specifiche aziendali, come organizzare servizi di corriere, prenotare trasporti locali o assicurarsi sedi per riunioni all&#039;ultimo minuto. L&#039;uso innovativo di <\/span><strong class=\"qwen-markdown-strong\"><span class=\"qwen-markdown-text\">robot di servizio<\/span><\/strong><span class=\"qwen-markdown-text\"> All&#039;interno dell&#039;hotel, la tecnologia aggiunge un ulteriore livello di efficienza, consentendo la consegna rapida di documenti o forniture direttamente in camera senza interruzioni. I servizi di check-in e check-out express garantiscono che non si perda tempo prezioso in formalit\u00e0 amministrative, permettendovi di ottimizzare il vostro soggiorno a Shenzhen.<\/span><\/div><div class=\"qwen-markdown-space\">\u00a0<\/div><h2 class=\"qwen-markdown-heading\"><span class=\"qwen-markdown-text\">Posizione privilegiata per il networking aziendale e l&#039;accesso<\/span><\/h2><div class=\"qwen-markdown-paragraph\"><span class=\"qwen-markdown-text\">La posizione \u00e8 un fattore critico per il successo aziendale e l&#039;indirizzo dell&#039;hotel a <\/span><strong class=\"qwen-markdown-strong\"><span class=\"qwen-markdown-text\">Piazza Zhongguan Shidai<\/span><\/strong><span class=\"qwen-markdown-text\"> ti colloca in un vivace ecosistema commerciale. La propriet\u00e0 \u00e8 a pochi passi da <\/span><strong class=\"qwen-markdown-strong\"><span class=\"qwen-markdown-text\">Stazione University Town della linea 5 della metropolitana<\/span><\/strong><span class=\"qwen-markdown-text\">, fornendo connettivit\u00e0 diretta al distretto commerciale centrale di Futian a Shenzhen e al <\/span><strong class=\"qwen-markdown-strong\"><span class=\"qwen-markdown-text\">Stazione ferroviaria di Shenzhen Nord<\/span><\/strong><span class=\"qwen-markdown-text\">, un importante snodo ferroviario ad alta velocit\u00e0 che collega Shenzhen a Guangzhou e oltre. Questa vicinanza \u00e8 preziosa per i dirigenti che gestiscono itinerari multi-citt\u00e0. Inoltre, la posizione all&#039;interno del <\/span><strong class=\"qwen-markdown-strong\"><span class=\"qwen-markdown-text\">Citt\u00e0 universitaria di Xili<\/span><\/strong><span class=\"qwen-markdown-text\"> la vicinanza offre opportunit\u00e0 uniche di collaborazione con istituti di ricerca di alto livello, tra cui <\/span><strong class=\"qwen-markdown-strong\"><span class=\"qwen-markdown-text\">Universit\u00e0 Tsinghua, Universit\u00e0 di Pechino e Istituto di Tecnologia di Harbin (Shenzhen)<\/span><\/strong><span class=\"qwen-markdown-text\">. Ci\u00f2 rende l&#039;hotel una scelta ideale per conferenze accademiche, collaborazioni di ricerca e networking nel settore tecnologico. Nelle vicinanze si trovano complessi commerciali come <\/span><strong class=\"qwen-markdown-strong\"><span class=\"qwen-markdown-text\">Centro commerciale turistico Yitian<\/span><\/strong><span class=\"qwen-markdown-text\"> Offriamo numerose location per pranzi e cene con i clienti e per incontri informali di networking aziendale.<\/span><\/div><div class=\"qwen-markdown-space\">\u00a0<\/div><h2 class=\"qwen-markdown-heading\"><span class=\"qwen-markdown-text\">Ospitalit\u00e0 aziendale e intrattenimento dei clienti<\/span><\/h2><div class=\"qwen-markdown-paragraph\"><span class=\"qwen-markdown-text\">Gli affari spesso si estendono oltre la sala conferenze e lo Shenzhen Nanshan Jingfeng Hotel offre spazi eccezionali per l&#039;intrattenimento dei clienti e il team building. <\/span><strong class=\"qwen-markdown-strong\"><span class=\"qwen-markdown-text\">Ristorante Genting al 37\u00b0 piano<\/span><\/strong><span class=\"qwen-markdown-text\"> offre un ambiente sofisticato per cene di lavoro, dove i dirigenti possono impressionare i clienti con piatti privati personalizzati godendo di viste panoramiche sullo skyline di Shenzhen. Per attivit\u00e0 di team building o relax aziendale, il locale in loco <\/span><strong class=\"qwen-markdown-strong\"><span class=\"qwen-markdown-text\">Impianti KTV<\/span><\/strong><span class=\"qwen-markdown-text\"> E <\/span><strong class=\"qwen-markdown-strong\"><span class=\"qwen-markdown-text\">centro fitness<\/span><\/strong><span class=\"qwen-markdown-text\"> L&#039;hotel offre eccellenti opzioni per favorire lo spirito di squadra e rilassarsi dopo intense giornate di lavoro. La sua capacit\u00e0 di soddisfare diverse esigenze alimentari garantisce che i pasti di lavoro siano inclusivi e piacevoli per tutti gli ospiti internazionali. \u00c8 inoltre disponibile il servizio in camera per coloro che preferiscono lavorare durante i pasti, assicurando che la produttivit\u00e0 non debba mai interrompersi per mangiare.<\/span><\/div><div class=\"qwen-markdown-space\">\u00a0<\/div><h2 class=\"qwen-markdown-heading\"><span class=\"qwen-markdown-text\">Ideale per incarichi aziendali di lunga durata e trasferimenti<\/span><\/h2><div class=\"qwen-markdown-paragraph\"><span class=\"qwen-markdown-text\">Per le aziende che trasferiscono il personale o gestiscono progetti a lungo termine a Shenzhen, l&#039;hotel <\/span><strong class=\"qwen-markdown-strong\"><span class=\"qwen-markdown-text\">alloggi in stile appartamento<\/span><\/strong><span class=\"qwen-markdown-text\"> offrire un&#039;alternativa superiore al leasing tradizionale o agli hotel standard. La presenza di <\/span><strong class=\"qwen-markdown-strong\"><span class=\"qwen-markdown-text\">cucine complete<\/span><\/strong><span class=\"qwen-markdown-text\"> nelle suite consente ai dipendenti di mantenere sane abitudini alimentari e ridurre i costi di soggiorno durante i soggiorni prolungati. <\/span><strong class=\"qwen-markdown-strong\"><span class=\"qwen-markdown-text\">servizi di lavanderia<\/span><\/strong><span class=\"qwen-markdown-text\"> e un ampio spazio di archiviazione rendono agevole l&#039;ambientamento per settimane o mesi. L&#039;hotel offre flessibilit\u00e0 <\/span><strong class=\"qwen-markdown-strong\"><span class=\"qwen-markdown-text\">Pacchetti per soggiorni giornalieri, mensili e a lungo termine<\/span><\/strong><span class=\"qwen-markdown-text\">, Offriamo soluzioni convenienti per i budget di alloggio aziendale. L&#039;ambiente sicuro, dotato di cassette di sicurezza e sorveglianza 24 ore su 24, garantisce tranquillit\u00e0 ai dipendenti che vivono lontano da casa. Questa combinazione di comfort domestico e servizi di livello alberghiero riduce lo stress e aumenta la produttivit\u00e0 per chi si trasferisce per periodi prolungati.<\/span><\/div><div class=\"qwen-markdown-space\">\u00a0<\/div><h2 class=\"qwen-markdown-heading\"><span class=\"qwen-markdown-text\">Impegno per la continuit\u00e0 operativa e la sicurezza<\/span><\/h2><div class=\"qwen-markdown-paragraph\"><span class=\"qwen-markdown-text\">Nel moderno panorama commerciale, sicurezza e affidabilit\u00e0 sono fondamentali. Lo Shenzhen Nanshan Jingfeng Hotel mantiene standard rigorosi per garantire la continuit\u00e0 operativa dei suoi ospiti. La struttura \u00e8 dotata di un sistema completo <\/span><strong class=\"qwen-markdown-strong\"><span class=\"qwen-markdown-text\">sistemi antincendio e videosorveglianza<\/span><\/strong><span class=\"qwen-markdown-text\">, proteggendo sia il personale che i materiali aziendali sensibili. <\/span><strong class=\"qwen-markdown-strong\"><span class=\"qwen-markdown-text\">politica antifumo<\/span><\/strong><span class=\"qwen-markdown-text\"> in tutte le stanze e aree comuni garantisce un ambiente sano, riducendo i giorni di malattia e mantenendo la qualit\u00e0 dell&#039;aria per una funzione cognitiva ottimale. Con un <\/span><strong class=\"qwen-markdown-strong\"><span class=\"qwen-markdown-text\">Valutazione di 4,8 stelle<\/span><\/strong><span class=\"qwen-markdown-text\"> Grazie alla sua reputazione di servizio eccezionale, l&#039;hotel garantisce un ambiente stabile e professionale in cui i viaggiatori d&#039;affari possono concentrarsi completamente sui propri obiettivi senza doversi preoccupare della logistica dell&#039;alloggio.<\/span><\/div><div class=\"qwen-markdown-space\">\u00a0<\/div><h2 class=\"qwen-markdown-heading\"><span class=\"qwen-markdown-text\">Collabora con lo Shenzhen Nanshan Jingfeng Hotel per la tua prossima iniziativa.<\/span><\/h2><div class=\"qwen-markdown-paragraph\" data-spm-anchor-id=\"a2ty_o01.29997173.0.i18.51415171bLuhRr\"><span class=\"qwen-markdown-text\">Che stiate organizzando una conferenza di alto livello, gestendo un progetto tecnico a lungo termine a Nanshan o cercando alloggi executive per il vostro personale senior, lo Shenzhen Nanshan Jingfeng Hotel (filiale di Xili University Town) offre le infrastrutture e l&#039;eccellenza del servizio necessari per il successo. Combinando una posizione strategica, strutture business all&#039;avanguardia e comodi spazi abitativi, questo hotel consente ai professionisti di raggiungere i propri obiettivi a Shenzhen. Sperimentate la perfetta sinergia tra lavoro e comfort presso <\/span><strong class=\"qwen-markdown-strong\"><span class=\"qwen-markdown-text\">Torre B, Zhongguan Shidai Plaza, n. 4168 Liuxian Avenue<\/span><\/strong><span class=\"qwen-markdown-text\">, e scopri perch\u00e9 questa propriet\u00e0 \u00e8 la scelta preferita dall&#039;\u00e9lite imprenditoriale del Guangdong.<\/span><\/div>\t\t\t\t\t\t\t\t<\/div>\n\t\t\t\t\t<\/div>\n\t\t\t\t<\/div>\n\t\t\t\t<\/div>","protected":false},"excerpt":{"rendered":"<p>Elevate Your Corporate Experience at Shenzhen Nanshan Jingfeng Hotel (Xili University Town Branch) A Strategic Hub for Business Excellence in Nanshan For discerning professionals and corporate travelers seeking a competitive edge in Shenzhen&#8217;s dynamic market, the Shenzhen Nanshan Jingfeng Hotel (Xili University Town Branch) stands as a premier destination for business productivity and executive comfort. [&hellip;]<\/p>\n","protected":false},"author":1,"featured_media":0,"parent":0,"menu_order":0,"comment_status":"closed","ping_status":"closed","template":"elementor_header_footer","meta":{"footnotes":""},"class_list":["post-2109","page","type-page","status-publish","hentry","post-no-thumbnail"],"_links":{"self":[{"href":"https:\/\/nanshanjingfenghotel.com\/it\/wp-json\/wp\/v2\/pages\/2109","targetHints":{"allow":["GET"]}}],"collection":[{"href":"https:\/\/nanshanjingfenghotel.com\/it\/wp-json\/wp\/v2\/pages"}],"about":[{"href":"https:\/\/nanshanjingfenghotel.com\/it\/wp-json\/wp\/v2\/types\/page"}],"author":[{"embeddable":true,"href":"https:\/\/nanshanjingfenghotel.com\/it\/wp-json\/wp\/v2\/users\/1"}],"replies":[{"embeddable":true,"href":"https:\/\/nanshanjingfenghotel.com\/it\/wp-json\/wp\/v2\/comments?post=2109"}],"version-history":[{"count":0,"href":"https:\/\/nanshanjingfenghotel.com\/it\/wp-json\/wp\/v2\/pages\/2109\/revisions"}],"wp:attachment":[{"href":"https:\/\/nanshanjingfenghotel.com\/it\/wp-json\/wp\/v2\/media?parent=2109"}],"curies":[{"name":"wp","href":"https:\/\/api.w.org\/{rel}","templated":true}]}}