{"id":612,"date":"2021-03-26T10:04:13","date_gmt":"2021-03-26T10:04:13","guid":{"rendered":"http:\/\/localhost\/nuss\/?page_id=612"},"modified":"2026-03-19T07:59:16","modified_gmt":"2026-03-19T07:59:16","slug":"ristorante","status":"publish","type":"page","link":"https:\/\/nanshanjingfenghotel.com\/it\/restaurant\/","title":{"rendered":"Ristorante"},"content":{"rendered":"<div data-elementor-type=\"wp-page\" data-elementor-id=\"612\" class=\"elementor elementor-612\">\n\t\t\t\t\t\t<section class=\"elementor-section elementor-top-section elementor-element elementor-element-e2effe8 elementor-section-boxed elementor-section-gap-beside-yes elementor-section-height-default elementor-section-height-default elementor-section-column-vertical-align-stretch\" data-id=\"e2effe8\" data-element_type=\"section\" data-e-type=\"section\">\n\t\t\t\t\t\t<div class=\"elementor-container elementor-column-gap-extended\">\n\t\t\t\t\t<div class=\"elementor-column elementor-col-100 elementor-top-column elementor-element elementor-element-e18f688\" data-id=\"e18f688\" data-element_type=\"column\" data-e-type=\"column\">\n\t\t\t<div class=\"elementor-widget-wrap elementor-element-populated\">\n\t\t\t\t\t\t<div class=\"elementor-element elementor-element-6db146d elementor-widget__width-initial elementor-invisible elementor-widget elementor-widget-text-editor\" data-id=\"6db146d\" data-element_type=\"widget\" data-e-type=\"widget\" data-settings=\"{&quot;_animation&quot;:&quot;nussFadeInUp&quot;}\" data-widget_type=\"text-editor.default\">\n\t\t\t\t\t\t\t\t\tEccellenza culinaria tra le nuvole: cenare all&#039;hotel Shenzhen Nanshan Jingfeng\t\t\t\t\t\t\t\t<\/div>\n\t\t\t\t\t<\/div>\n\t\t<\/div>\n\t\t\t\t\t<\/div>\n\t\t<\/section>\n\t\t<div class=\"elementor-element elementor-element-4432428 e-flex e-con-boxed e-con e-parent\" data-id=\"4432428\" data-element_type=\"container\" data-e-type=\"container\">\n\t\t\t\t\t<div class=\"e-con-inner\">\n\t\t\t\t<div class=\"elementor-element elementor-element-3224a86 elementor-widget elementor-widget-nuss-image-gallery\" data-id=\"3224a86\" data-element_type=\"widget\" data-e-type=\"widget\" data-widget_type=\"nuss-image-gallery.default\">\n\t\t\t\t<div class=\"elementor-widget-container\">\n\t\t\t\t\t\t\t<div class=\"nuss-grid-wrapper\" data-grid=\"{&quot;type&quot;:&quot;grid&quot;,&quot;ratio&quot;:null,&quot;columns&quot;:3,&quot;gutter&quot;:30}\">\r\n\t\t\t<div class=\"nuss-grid lazy-grid\">\r\n\t\t\t\t<div class=\"grid-sizer\"><\/div>\r\n\r\n\t\t\t\t\t\t\t\t\t\t\t\t<div class=\"grid-item\">\r\n\t\t\t\t\t\t<div class=\"nuss-box\">\t\t<div class=\"nuss-image image\">\r\n\t\t\t<img decoding=\"async\"  src=\"https:\/\/nanshanjingfenghotel.com\/wp-content\/uploads\/2026\/03\/Shenzhen-Nanshan-Jingfeng-Hotel-37.webp\" alt=\"Shenzhen Nanshan Jingfeng Hotel (37)\" \/>\t\t<\/div>\r\n\t\t\t\t<\/div>\t\t\t\t\t<\/div>\r\n\t\t\t\t\t\t<div class=\"grid-item\">\r\n\t\t\t\t\t\t<div class=\"nuss-box\">\t\t<div class=\"nuss-image image\">\r\n\t\t\t<img decoding=\"async\"  src=\"https:\/\/nanshanjingfenghotel.com\/wp-content\/uploads\/2026\/03\/Shenzhen-Nanshan-Jingfeng-Hotel-35.webp\" alt=\"Shenzhen Nanshan Jingfeng Hotel (35)\" \/>\t\t<\/div>\r\n\t\t\t\t<\/div>\t\t\t\t\t<\/div>\r\n\t\t\t\t\t\t<div class=\"grid-item\">\r\n\t\t\t\t\t\t<div class=\"nuss-box\">\t\t<div class=\"nuss-image image\">\r\n\t\t\t<img decoding=\"async\"  src=\"https:\/\/nanshanjingfenghotel.com\/wp-content\/uploads\/2026\/03\/Shenzhen-Nanshan-Jingfeng-Hotel-33.webp\" alt=\"Shenzhen Nanshan Jingfeng Hotel (33)\" \/>\t\t<\/div>\r\n\t\t\t\t<\/div>\t\t\t\t\t<\/div>\r\n\t\t\t\t\t\t<div class=\"grid-item\">\r\n\t\t\t\t\t\t<div class=\"nuss-box\">\t\t<div class=\"nuss-image image\">\r\n\t\t\t<img decoding=\"async\"  src=\"https:\/\/nanshanjingfenghotel.com\/wp-content\/uploads\/2026\/03\/Shenzhen-Nanshan-Jingfeng-Hotel-31.webp\" alt=\"Shenzhen Nanshan Jingfeng Hotel (31)\" \/>\t\t<\/div>\r\n\t\t\t\t<\/div>\t\t\t\t\t<\/div>\r\n\t\t\t\t\t\t<div class=\"grid-item\">\r\n\t\t\t\t\t\t<div class=\"nuss-box\">\t\t<div class=\"nuss-image image\">\r\n\t\t\t<img decoding=\"async\"  src=\"https:\/\/nanshanjingfenghotel.com\/wp-content\/uploads\/2026\/03\/Shenzhen-Nanshan-Jingfeng-Hotel-30.webp\" alt=\"Shenzhen Nanshan Jingfeng Hotel (30)\" \/>\t\t<\/div>\r\n\t\t\t\t<\/div>\t\t\t\t\t<\/div>\r\n\t\t\t\t\t\t<div class=\"grid-item\">\r\n\t\t\t\t\t\t<div class=\"nuss-box\">\t\t<div class=\"nuss-image image\">\r\n\t\t\t<img decoding=\"async\"  src=\"https:\/\/nanshanjingfenghotel.com\/wp-content\/uploads\/2026\/03\/Shenzhen-Nanshan-Jingfeng-Hotel-28.webp\" alt=\"Shenzhen Nanshan Jingfeng Hotel (28)\" \/>\t\t<\/div>\r\n\t\t\t\t<\/div>\t\t\t\t\t<\/div>\r\n\t\t\t\t\t\t<div class=\"grid-item\">\r\n\t\t\t\t\t\t<div class=\"nuss-box\">\t\t<div class=\"nuss-image image\">\r\n\t\t\t<img decoding=\"async\"  src=\"https:\/\/nanshanjingfenghotel.com\/wp-content\/uploads\/2026\/03\/Shenzhen-Nanshan-Jingfeng-Hotel-27.webp\" alt=\"Shenzhen Nanshan Jingfeng Hotel (27)\" \/>\t\t<\/div>\r\n\t\t\t\t<\/div>\t\t\t\t\t<\/div>\r\n\t\t\t\t\t\t<div class=\"grid-item\">\r\n\t\t\t\t\t\t<div class=\"nuss-box\">\t\t<div class=\"nuss-image image\">\r\n\t\t\t<img decoding=\"async\"  src=\"https:\/\/nanshanjingfenghotel.com\/wp-content\/uploads\/2026\/03\/Shenzhen-Nanshan-Jingfeng-Hotel-24.webp\" alt=\"Shenzhen Nanshan Jingfeng Hotel (24)\" \/>\t\t<\/div>\r\n\t\t\t\t<\/div>\t\t\t\t\t<\/div>\r\n\t\t\t\t\t\t<div class=\"grid-item\">\r\n\t\t\t\t\t\t<div class=\"nuss-box\">\t\t<div class=\"nuss-image image\">\r\n\t\t\t<img decoding=\"async\"  src=\"https:\/\/nanshanjingfenghotel.com\/wp-content\/uploads\/2026\/03\/Shenzhen-Nanshan-Jingfeng-Hotel-22.webp\" alt=\"Shenzhen Nanshan Jingfeng Hotel (22)\" \/>\t\t<\/div>\r\n\t\t\t\t<\/div>\t\t\t\t\t<\/div>\r\n\t\t\t\t\t\t\t\r\n\t\t\t<\/div>\r\n\t\t<\/div>\r\n\t\t\t\t\t\t<\/div>\n\t\t\t\t<\/div>\n\t\t\t\t\t<\/div>\n\t\t\t\t<\/div>\n\t\t<div class=\"elementor-element elementor-element-f502419 e-flex e-con-boxed e-con e-parent\" data-id=\"f502419\" data-element_type=\"container\" data-e-type=\"container\">\n\t\t\t\t\t<div class=\"e-con-inner\">\n\t\t\t\t<div class=\"elementor-element elementor-element-3ed7508 elementor-widget elementor-widget-text-editor\" data-id=\"3ed7508\" data-element_type=\"widget\" data-e-type=\"widget\" data-widget_type=\"text-editor.default\">\n\t\t\t\t\t\t\t\t\t<h2 class=\"qwen-markdown-heading\"><span class=\"qwen-markdown-text\">Un viaggio gastronomico nel cuore di Nanshan<\/span><\/h2><div class=\"qwen-markdown-paragraph\"><span class=\"qwen-markdown-text\">Cenare al <\/span><strong class=\"qwen-markdown-strong\"><span class=\"qwen-markdown-text\">Shenzhen Nanshan Jingfeng Hotel (filiale della citt\u00e0 universitaria di Xili)<\/span><\/strong><span class=\"qwen-markdown-text\"> \u00e8 un&#039;esperienza che trascende il semplice sostentamento, evolvendosi in un memorabile viaggio culinario sullo sfondo dello skyline mozzafiato di Shenzhen. Situato a <\/span><strong class=\"qwen-markdown-strong\"><span class=\"qwen-markdown-text\">Torre B, Zhongguan Shidai Plaza, No. 4168 Liuxian Avenue, distretto di Nanshan, Shenzhen, Guangdong, Cina<\/span><\/strong><span class=\"qwen-markdown-text\">, Il ristorante del nostro hotel offre agli ospiti un&#039;opportunit\u00e0 unica per assaporare sapori squisiti immersi in un&#039;atmosfera di raffinatezza e comfort. Che siate viaggiatori d&#039;affari alla ricerca di un luogo per intrattenere i clienti, famiglie che desiderano un pasto pratico dopo una giornata di esplorazione, o ospiti che soggiornano a lungo e apprezzano la flessibilit\u00e0 di opzioni casalinghe, i nostri spazi dedicati alla ristorazione sono pensati per soddisfare ogni palato e preferenza con qualit\u00e0 e servizio ineguagliabili.<\/span><\/div><div class=\"qwen-markdown-space\">\u00a0<\/div><h2 class=\"qwen-markdown-heading\"><span class=\"qwen-markdown-text\">Il ristorante Genting: cenare ad alta quota con vista panoramica<\/span><\/h2><div class=\"qwen-markdown-paragraph\"><span class=\"qwen-markdown-text\">Il fiore all&#039;occhiello della nostra offerta culinaria \u00e8 il rinomato <\/span><strong class=\"qwen-markdown-strong\"><span class=\"qwen-markdown-text\">Ristorante Genting<\/span><\/strong><span class=\"qwen-markdown-text\">, situato sul <\/span><strong class=\"qwen-markdown-strong\"><span class=\"qwen-markdown-text\">37\u00b0 piano<\/span><\/strong><span class=\"qwen-markdown-text\"> Questo ristorante sopraelevato offre agli ospiti molto pi\u00f9 di un semplice pasto: regala una vista panoramica sul vivace quartiere di Nanshan, con ampie vedute sul monte Tanglang e sullo scintillante panorama notturno della citt\u00e0. L&#039;atmosfera \u00e8 curata nei minimi dettagli per fondere l&#039;eleganza moderna con una calda ospitalit\u00e0, rendendolo il luogo ideale sia per cene romantiche che per importanti incontri di lavoro. Mentre gustate il vostro pasto, le vetrate a tutta altezza lasciano entrare la luce naturale durante il giorno e si trasformano in una tela di luci urbane di notte, creando un ambiente dinamico che cambia con il passare delle ore. Il ristorante Genting \u00e8 diventato rapidamente una meta imperdibile nella zona di Xili University Town, attirando sia gli ospiti dell&#039;hotel che gli intenditori locali che apprezzano la combinazione di altitudine, panorama e arte culinaria.<\/span><\/div><div class=\"qwen-markdown-space\">\u00a0<\/div><h2 class=\"qwen-markdown-heading\"><span class=\"qwen-markdown-text\">Cucina locale autentica e piatti privati personalizzati<\/span><\/h2><div class=\"qwen-markdown-paragraph\"><span class=\"qwen-markdown-text\">Al centro del menu del nostro ristorante c&#039;\u00e8 l&#039;impegno a <\/span><strong class=\"qwen-markdown-strong\"><span class=\"qwen-markdown-text\">autentica cucina locale<\/span><\/strong><span class=\"qwen-markdown-text\"> che celebra il ricco patrimonio culinario di Shenzhen e della provincia del Guangdong. I nostri chef selezionano meticolosamente ingredienti freschi e di alta qualit\u00e0 dai mercati locali per garantire che ogni piatto esploda di sapore e freschezza. Gli ospiti possono deliziarsi con una variet\u00e0 di specialit\u00e0 regionali, dai delicati dim sum ai sostanziosi classici cantonesi, tutti preparati con tecniche tradizionali e un tocco moderno. Per coloro che cercano un&#039;esperienza pi\u00f9 esclusiva, il ristorante \u00e8 specializzato in <\/span><strong class=\"qwen-markdown-strong\"><span class=\"qwen-markdown-text\">piatti privati personalizzati<\/span><\/strong><span class=\"qwen-markdown-text\">. Che abbiate esigenze dietetiche specifiche, stiate celebrando un&#039;occasione speciale o stiate organizzando un banchetto aziendale, il nostro team culinario collabora a stretto contatto con gli ospiti per creare menu personalizzati che superino ogni aspettativa. Questa flessibilit\u00e0 garantisce che ogni esperienza culinaria sia pensata su misura per le esigenze e i gusti unici dei nostri visitatori, rendendo ogni pasto un evento memorabile e irripetibile.<\/span><\/div><div class=\"qwen-markdown-space\">\u00a0<\/div><h2 class=\"qwen-markdown-heading\"><span class=\"qwen-markdown-text\">Opzioni di ristorazione flessibili per ogni stile di vita<\/span><\/h2><div class=\"qwen-markdown-paragraph\"><span class=\"qwen-markdown-text\">Consapevole che i viaggiatori moderni hanno orari e preferenze diversi, lo Shenzhen Nanshan Jingfeng Hotel offre una variet\u00e0 di soluzioni di ristorazione oltre al ristorante principale. Per gli ospiti che preferiscono la privacy e il comfort delle proprie camere, il nostro <\/span><strong class=\"qwen-markdown-strong\"><span class=\"qwen-markdown-text\">Servizio in camera 24 ore su 24<\/span><\/strong><span class=\"qwen-markdown-text\"> porta l&#039;esperienza completa del ristorante direttamente alla tua porta. Che tu abbia bisogno di una colazione veloce prima di una riunione mattutina, di un pranzo sano durante una sessione di lavoro o di una cena rilassante dopo una lunga giornata, il nostro men\u00f9 del servizio in camera offre un&#039;ampia selezione di piatti caldi e freddi consegnati in modo rapido e professionale. Inoltre, riconoscendo le esigenze dei soggiorni di lunga durata e delle famiglie, l&#039;hotel offre l&#039;accesso a un <\/span><strong class=\"qwen-markdown-strong\"><span class=\"qwen-markdown-text\">cucina in comune<\/span><\/strong><span class=\"qwen-markdown-text\">. Questo servizio esclusivo permette agli ospiti che preferiscono cucinare i propri pasti di farlo con facilit\u00e0, offrendo un&#039;opzione conveniente e familiare per coloro che desiderano preparare piatti adatti a diete specifiche o semplicemente godersi il rilassante processo di cucinare durante il viaggio. Questa combinazione di servizio di ristorazione completo e flessibilit\u00e0 di self-catering distingue il nostro hotel come una scelta di alloggio davvero versatile.<\/span><\/div><div class=\"qwen-markdown-space\">\u00a0<\/div><h2 class=\"qwen-markdown-heading\"><span class=\"qwen-markdown-text\">Luogo ideale per eventi aziendali, intrattenimento e incontri sociali.<\/span><\/h2><div class=\"qwen-markdown-paragraph\"><span class=\"qwen-markdown-text\">Le strutture per la ristorazione dell&#039;hotel Shenzhen Nanshan Jingfeng sono perfettamente adatte per <\/span><strong class=\"qwen-markdown-strong\"><span class=\"qwen-markdown-text\">intrattenimento aziendale e incontri aziendali<\/span><\/strong><span class=\"qwen-markdown-text\">. Le sale private del ristorante Genting offrono un ambiente riservato dove \u00e8 possibile svolgere discussioni confidenziali gustando piatti squisiti. Il personale di sala, altamente professionale, \u00e8 formato per gestire eventi aziendali con discrezione ed efficienza, garantendo che pranzi o cene di lavoro si svolgano senza intoppi. Per attivit\u00e0 di team building o incontri informali, le ampie sale del ristorante e la sala KTV sullo stesso piano offrono un&#039;ottima opportunit\u00e0 per i colleghi di socializzare e divertirsi insieme. La vicinanza ai principali centri direzionali del distretto di Nanshan rende questo locale una location ideale per ospitare clienti in visita ai vicini parchi tecnologici o alle istituzioni universitarie. Combinando cibo di alta qualit\u00e0 con un&#039;atmosfera professionale, aiutiamo i nostri ospiti a lasciare un&#039;impressione duratura sui loro partner commerciali.<\/span><\/div><div class=\"qwen-markdown-space\">\u00a0<\/div><h2 class=\"qwen-markdown-heading\"><span class=\"qwen-markdown-text\">Panorama culinario circostante e comodit\u00e0<\/span><\/h2><div class=\"qwen-markdown-paragraph\"><span class=\"qwen-markdown-text\">Sebbene l&#039;offerta gastronomica interna dell&#039;hotel sia completa, gli ospiti possono anche beneficiare del vivace panorama culinario circostante. <\/span><strong class=\"qwen-markdown-strong\"><span class=\"qwen-markdown-text\">Piazza Zhongguan Shidai<\/span><\/strong><span class=\"qwen-markdown-text\">. L&#039;adiacente <\/span><strong class=\"qwen-markdown-strong\"><span class=\"qwen-markdown-text\">Centro commerciale turistico Yitian<\/span><\/strong><span class=\"qwen-markdown-text\"> offre una pletora di ulteriori opzioni di ristorazione, che vanno dalle catene internazionali di fast food alle caffetterie specializzate e alle diverse cucine regionali. Questo accesso immediato a opzioni di ristorazione esterne garantisce che gli ospiti non rimangano mai a corto di scelte per le loro avventure culinarie. Tuttavia, molti si ritrovano a tornare al ristorante dell&#039;hotel per la comodit\u00e0, la qualit\u00e0 e gli eccezionali standard di servizio che definiscono l&#039;esperienza Jingfeng. La posizione su <\/span><strong class=\"qwen-markdown-strong\"><span class=\"qwen-markdown-text\">Viale Liuxian<\/span><\/strong><span class=\"qwen-markdown-text\"> Situato in un quartiere brulicante di vita, il ristorante dell&#039;hotel offre al contempo un&#039;oasi di tranquillit\u00e0 dove rilassarsi senza doversi allontanare troppo. Che scegliate di esplorare la scena gastronomica locale o di rimanere nel comfort dell&#039;hotel, vi troverete in uno dei quartieri pi\u00f9 ricchi di proposte culinarie di Shenzhen.<\/span><\/div><div class=\"qwen-markdown-space\">\u00a0<\/div><h2 class=\"qwen-markdown-heading\"><span class=\"qwen-markdown-text\">Impegno per la sicurezza, l&#039;igiene e la qualit\u00e0<\/span><\/h2><div class=\"qwen-markdown-paragraph\"><span class=\"qwen-markdown-text\">Nell&#039;attuale contesto dei viaggi, la sicurezza e l&#039;igiene sono di primaria importanza per i clienti dei ristoranti. L&#039;hotel Shenzhen Nanshan Jingfeng mantiene rigorosi standard di sicurezza. <\/span><strong class=\"qwen-markdown-strong\"><span class=\"qwen-markdown-text\">standard di sicurezza alimentare e igiene<\/span><\/strong><span class=\"qwen-markdown-text\"> In tutte le aree della sala da pranzo, il nostro personale di cucina si attiene a rigorosi protocolli sanitari, garantendo che tutti gli alimenti siano preparati, conservati e serviti in un ambiente igienico. Le aree del ristorante vengono sanificate regolarmente e la disposizione dei tavoli \u00e8 studiata per offrire agli ospiti una distanza confortevole e sicura durante la cena. Sappiamo che la tranquillit\u00e0 \u00e8 fondamentale per godersi un pasto, ed \u00e8 per questo che il nostro team si impegna a mantenere trasparenza ed eccellenza in tutte le pratiche igieniche. Dalla freschezza degli ingredienti alla pulizia degli utensili, ogni dettaglio viene monitorato per garantire che gli ospiti possano cenare in tutta sicurezza. Questo impegno per la sicurezza si unisce alla nostra dedizione al gusto, creando un&#039;esperienza culinaria completa che mette al primo posto il benessere degli ospiti.<\/span><\/div><div class=\"qwen-markdown-space\">\u00a0<\/div><h2 class=\"qwen-markdown-heading\"><span class=\"qwen-markdown-text\">Un assaggio dell&#039;ospitalit\u00e0 di Shenzhen<\/span><\/h2><div class=\"qwen-markdown-paragraph\"><span class=\"qwen-markdown-text\">In definitiva, cenare allo Shenzhen Nanshan Jingfeng Hotel significa sperimentare il calore dell&#039;ospitalit\u00e0 di Shenzhen attraverso il cibo. Il nostro personale \u00e8 formato per essere attento, competente e reattivo, garantendo che ogni ospite si senta apprezzato e coccolato. Che stiate gustando una tranquilla colazione con vista sulla nebbia mattutina sul monte Tanglang, organizzando una vivace cena con gli amici o prendendo uno spuntino veloce tra una riunione e l&#039;altra, il nostro team \u00e8 qui per migliorare la vostra esperienza. Crediamo che il cibo sia un linguaggio universale che unisce le persone e il nostro ristorante funge da luogo di ritrovo dove si condividono storie e si creano ricordi. La combinazione di posizione strategica a <\/span><strong class=\"qwen-markdown-strong\"><span class=\"qwen-markdown-text\">N. 4168 Liuxian Avenue<\/span><\/strong><span class=\"qwen-markdown-text\">, Servizi di alta qualit\u00e0 ed eccellenza culinaria rendono il nostro ristorante un fiore all&#039;occhiello dell&#039;hotel.<\/span><\/div><div class=\"qwen-markdown-space\">\u00a0<\/div><h2 class=\"qwen-markdown-heading\"><span class=\"qwen-markdown-text\">Prenota il tuo tavolo oggi stesso<\/span><\/h2><div class=\"qwen-markdown-paragraph\" data-spm-anchor-id=\"a2ty_o01.29997173.0.i7.51415171bLuhRr\"><span class=\"qwen-markdown-text\">Vi invitiamo a scoprire le eccezionali opzioni di ristorazione disponibili presso il <\/span><strong class=\"qwen-markdown-strong\"><span class=\"qwen-markdown-text\">Shenzhen Nanshan Jingfeng Hotel (filiale della citt\u00e0 universitaria di Xili)<\/span><\/strong><span class=\"qwen-markdown-text\">. Che soggiorniate da noi o che siate venuti appositamente per cenare, il ristorante Genting e i nostri servizi di ristorazione completi vi promettono un&#039;esperienza indimenticabile. Unitevi a noi al 37\u00b0 piano per assaporare i sapori di Shenzhen godendovi panorami che catturano l&#039;essenza di questa dinamica citt\u00e0. Per prenotazioni, richieste speciali dal menu o maggiori informazioni sui nostri servizi di ristorazione, il nostro team di concierge \u00e8 a vostra completa disposizione. Scoprite la perfetta combinazione di posizione, lusso e gusto al Genting Restaurant. <\/span><strong class=\"qwen-markdown-strong\"><span class=\"qwen-markdown-text\">Torre B, piazza Zhongguan Shidai<\/span><\/strong><span class=\"qwen-markdown-text\">, e lasciate che rendiamo la vostra esperienza culinaria nel distretto di Nanshan davvero eccezionale.<\/span><\/div>\t\t\t\t\t\t\t\t<\/div>\n\t\t\t\t\t<\/div>\n\t\t\t\t<\/div>\n\t\t\t\t<\/div>","protected":false},"excerpt":{"rendered":"<p>Culinary Excellence Above the Clouds: Dining at Shenzhen Nanshan Jingfeng Hotel A Gastronomic Journey in the Heart of Nanshan Dining at the Shenzhen Nanshan Jingfeng Hotel (Xili University Town Branch) is an experience that transcends mere sustenance, evolving into a memorable culinary journey set against the backdrop of Shenzhen&#8217;s breathtaking skyline. Located at Tower B, [&hellip;]<\/p>\n","protected":false},"author":1,"featured_media":0,"parent":0,"menu_order":0,"comment_status":"closed","ping_status":"closed","template":"elementor_header_footer","meta":{"footnotes":""},"class_list":["post-612","page","type-page","status-publish","hentry","post-no-thumbnail"],"_links":{"self":[{"href":"https:\/\/nanshanjingfenghotel.com\/it\/wp-json\/wp\/v2\/pages\/612","targetHints":{"allow":["GET"]}}],"collection":[{"href":"https:\/\/nanshanjingfenghotel.com\/it\/wp-json\/wp\/v2\/pages"}],"about":[{"href":"https:\/\/nanshanjingfenghotel.com\/it\/wp-json\/wp\/v2\/types\/page"}],"author":[{"embeddable":true,"href":"https:\/\/nanshanjingfenghotel.com\/it\/wp-json\/wp\/v2\/users\/1"}],"replies":[{"embeddable":true,"href":"https:\/\/nanshanjingfenghotel.com\/it\/wp-json\/wp\/v2\/comments?post=612"}],"version-history":[{"count":0,"href":"https:\/\/nanshanjingfenghotel.com\/it\/wp-json\/wp\/v2\/pages\/612\/revisions"}],"wp:attachment":[{"href":"https:\/\/nanshanjingfenghotel.com\/it\/wp-json\/wp\/v2\/media?parent=612"}],"curies":[{"name":"wp","href":"https:\/\/api.w.org\/{rel}","templated":true}]}}