{"id":647,"date":"2021-03-29T02:13:52","date_gmt":"2021-03-29T02:13:52","guid":{"rendered":"http:\/\/localhost\/nuss\/?page_id=647"},"modified":"2026-03-19T07:59:35","modified_gmt":"2026-03-19T07:59:35","slug":"cucine","status":"publish","type":"page","link":"https:\/\/nanshanjingfenghotel.com\/it\/services\/","title":{"rendered":"Fibre"},"content":{"rendered":"<div data-elementor-type=\"wp-page\" data-elementor-id=\"647\" class=\"elementor elementor-647\">\n\t\t\t\t\t\t<section class=\"elementor-section elementor-top-section elementor-element elementor-element-3353bc8 elementor-section-boxed elementor-section-gap-beside-yes elementor-section-height-default elementor-section-height-default elementor-section-column-vertical-align-stretch\" data-id=\"3353bc8\" data-element_type=\"section\" data-e-type=\"section\">\n\t\t\t\t\t\t<div class=\"elementor-container elementor-column-gap-extended\">\n\t\t\t\t\t<div class=\"elementor-column elementor-col-100 elementor-top-column elementor-element elementor-element-0a2bc64\" data-id=\"0a2bc64\" data-element_type=\"column\" data-e-type=\"column\">\n\t\t\t<div class=\"elementor-widget-wrap elementor-element-populated\">\n\t\t\t\t\t\t<div class=\"elementor-element elementor-element-447e3ef elementor-widget__width-initial elementor-invisible elementor-widget elementor-widget-text-editor\" data-id=\"447e3ef\" data-element_type=\"widget\" data-e-type=\"widget\" data-settings=\"{&quot;_animation&quot;:&quot;nussFadeInUp&quot;}\" data-widget_type=\"text-editor.default\">\n\t\t\t\t\t\t\t\t\tServizi completi presso l&#039;hotel Shenzhen Nanshan Jingfeng (filiale di Xili University Town)\t\t\t\t\t\t\t\t<\/div>\n\t\t\t\t\t<\/div>\n\t\t<\/div>\n\t\t\t\t\t<\/div>\n\t\t<\/section>\n\t\t<div class=\"elementor-element elementor-element-9d073ca e-flex e-con-boxed e-con e-parent\" data-id=\"9d073ca\" data-element_type=\"container\" data-e-type=\"container\">\n\t\t\t\t\t<div class=\"e-con-inner\">\n\t\t\t\t<div class=\"elementor-element elementor-element-99b81de elementor-widget elementor-widget-text-editor\" data-id=\"99b81de\" data-element_type=\"widget\" data-e-type=\"widget\" data-widget_type=\"text-editor.default\">\n\t\t\t\t\t\t\t\t\t<h2 class=\"qwen-markdown-heading\"><span class=\"qwen-markdown-text\" data-spm-anchor-id=\"a2ty_o01.29997173.0.i5.51415171bLuhRr\">Rendete il vostro soggiorno ancora pi\u00f9 piacevole grazie a standard di servizio eccezionali.<\/span><\/h2><div class=\"qwen-markdown-paragraph\"><span class=\"qwen-markdown-text\">Al <\/span><strong class=\"qwen-markdown-strong\"><span class=\"qwen-markdown-text\">Shenzhen Nanshan Jingfeng Hotel (filiale della citt\u00e0 universitaria di Xili)<\/span><\/strong><span class=\"qwen-markdown-text\">, crediamo che un servizio eccezionale sia il fondamento di un&#039;esperienza indimenticabile per gli ospiti. Situato a <\/span><strong class=\"qwen-markdown-strong\"><span class=\"qwen-markdown-text\">Torre B, Zhongguan Shidai Plaza, No. 4168 Liuxian Avenue, distretto di Nanshan, Shenzhen, Guangdong, Cina<\/span><\/strong><span class=\"qwen-markdown-text\">, Il nostro hotel si impegna a offrire una gamma completa di servizi pensati per soddisfare le diverse esigenze di viaggiatori d&#039;affari, famiglie, ospiti che soggiornano a lungo termine e turisti. Dal momento del vostro arrivo fino alla partenza, il nostro team dedicato lavora instancabilmente per garantire che ogni aspetto del vostro soggiorno superi le aspettative, combinando comfort moderni con un&#039;ospitalit\u00e0 personalizzata che riflette il meglio della cultura del servizio di Shenzhen.<\/span><\/div><div class=\"qwen-markdown-space\">\u00a0<\/div><h2 class=\"qwen-markdown-heading\"><span class=\"qwen-markdown-text\">Servizio di reception e concierge 24 ore su 24<\/span><\/h2><div class=\"qwen-markdown-paragraph\"><span class=\"qwen-markdown-text\">Nostro <\/span><strong class=\"qwen-markdown-strong\"><span class=\"qwen-markdown-text\">Reception aperta 24 ore su 24<\/span><\/strong><span class=\"qwen-markdown-text\"> Il nostro team \u00e8 pronto ad assistere gli ospiti a qualsiasi ora del giorno e della notte, garantendo che l&#039;aiuto sia sempre disponibile quando ne avete pi\u00f9 bisogno. Il personale professionale della reception vi accoglie calorosamente all&#039;arrivo e vi offre un supporto completo durante tutto il soggiorno, inclusa l&#039;assistenza con le prenotazioni, informazioni locali e richieste speciali. <\/span><strong class=\"qwen-markdown-strong\"><span class=\"qwen-markdown-text\">servizi di concierge<\/span><\/strong><span class=\"qwen-markdown-text\"> I nostri servizi vanno ben oltre quelli tipici di un hotel, con uno staff qualificato in grado di gestire ogni aspetto, dai consigli sui ristoranti all&#039;organizzazione di tour e al coordinamento dei trasporti. Che abbiate bisogno di assistenza per pianificare una riunione di lavoro, prenotare biglietti per attrazioni locali come lo Shenzhen Wildlife Park o organizzare il trasporto per la stazione ferroviaria di Shenzhen Nord, il nostro team di concierge possiede la conoscenza del territorio e i contatti necessari per soddisfare ogni vostra richiesta senza intoppi.<\/span><\/div><div class=\"qwen-markdown-space\">\u00a0<\/div><h2 class=\"qwen-markdown-heading\"><span class=\"qwen-markdown-text\">Comodit\u00e0 di check-in e check-out rapidi<\/span><\/h2><div class=\"qwen-markdown-paragraph\"><span class=\"qwen-markdown-text\">Comprendiamo che il tempo \u00e8 prezioso per i viaggiatori moderni, ecco perch\u00e9 offriamo <\/span><strong class=\"qwen-markdown-strong\"><span class=\"qwen-markdown-text\">servizi di check-in e check-out express<\/span><\/strong><span class=\"qwen-markdown-text\"> Per semplificare le vostre procedure di arrivo e partenza, i viaggiatori d&#039;affari con orari serrati possono completare rapidamente le formalit\u00e0 di check-in e recarsi direttamente in camera o al luogo della riunione. Il check-out \u00e8 progettato per essere efficiente senza rinunciare alla cura dei dettagli. Questo servizio elimina inutili tempi di attesa e permette agli ospiti di sfruttare al meglio il loro prezioso tempo a Shenzhen. Per una maggiore comodit\u00e0, su richiesta e in base alla disponibilit\u00e0 delle camere, sono disponibili opzioni di check-in anticipato e check-out posticipato, offrendo flessibilit\u00e0 agli ospiti con orari di viaggio diversi.<\/span><\/div><div class=\"qwen-markdown-space\">\u00a0<\/div><h2 class=\"qwen-markdown-heading\"><span class=\"qwen-markdown-text\">Servizi di deposito e sicurezza bagagli<\/span><\/h2><div class=\"qwen-markdown-paragraph\"><span class=\"qwen-markdown-text\">Per gli ospiti che arrivano prima dell&#039;orario di check-in o partono dopo il check-out, il nostro <\/span><strong class=\"qwen-markdown-strong\"><span class=\"qwen-markdown-text\">deposito bagagli<\/span><\/strong><span class=\"qwen-markdown-text\"> Offriamo una soluzione sicura per il deposito dei bagagli. Questo servizio permette ai visitatori di esplorare il distretto di Nanshan, partecipare a riunioni o godersi le attrazioni locali senza essere appesantiti dai bagagli. Oltre al deposito bagagli, l&#039;hotel offre <\/span><strong class=\"qwen-markdown-strong\"><span class=\"qwen-markdown-text\">cassette di sicurezza<\/span><\/strong><span class=\"qwen-markdown-text\"> per la custodia di oggetti di valore, documenti e dispositivi elettronici. Le nostre misure di sicurezza includono sistemi di monitoraggio completi e personale qualificato che d\u00e0 priorit\u00e0 alla sicurezza e alla tranquillit\u00e0 degli ospiti durante tutto il soggiorno. Estintori e attrezzature di sicurezza sono posizionati strategicamente in tutta la struttura per garantire la preparazione alle emergenze.<\/span><\/div><div class=\"qwen-markdown-space\">\u00a0<\/div><h2 class=\"qwen-markdown-heading\"><span class=\"qwen-markdown-text\">Centro affari e sale conferenze<\/span><\/h2><div class=\"qwen-markdown-paragraph\"><span class=\"qwen-markdown-text\">IL <\/span><strong class=\"qwen-markdown-strong\"><span class=\"qwen-markdown-text\">centro affari<\/span><\/strong><span class=\"qwen-markdown-text\"> L&#039;hotel Shenzhen Nanshan Jingfeng \u00e8 attrezzato per soddisfare le esigenze professionali dei viaggiatori d&#039;affari e dei lavoratori da remoto. I servizi includono: <\/span><strong class=\"qwen-markdown-strong\"><span class=\"qwen-markdown-text\">fax e fotocopiatrici<\/span><\/strong><span class=\"qwen-markdown-text\">, servizi di stampa e postazioni informatiche che consentono agli ospiti di gestire in modo efficiente le attivit\u00e0 amministrative. Alta velocit\u00e0 <\/span><strong class=\"qwen-markdown-strong\"><span class=\"qwen-markdown-text\">Connettivit\u00e0 Wi-Fi<\/span><\/strong><span class=\"qwen-markdown-text\"> \u00e8 disponibile in tutta la struttura, garantendo un accesso internet affidabile per videoconferenze, comunicazioni via e-mail e trasferimenti di file di grandi dimensioni. Per gli ospiti che organizzano riunioni o presentazioni, l&#039;hotel offre un <\/span><strong class=\"qwen-markdown-strong\"><span class=\"qwen-markdown-text\">sala conferenze<\/span><\/strong><span class=\"qwen-markdown-text\"> che pu\u00f2 ospitare gruppi di diverse dimensioni e tipologie di eventi. L&#039;ambiente professionale, unito al supporto del personale, crea il contesto ideale per attivit\u00e0 aziendali produttive. I viaggiatori d&#039;affari possono inoltre contare sul nostro team per l&#039;allestimento delle sale riunioni, la fornitura di attrezzature tecniche e l&#039;organizzazione del catering per eventi aziendali.<\/span><\/div><div class=\"qwen-markdown-space\">\u00a0<\/div><h2 class=\"qwen-markdown-heading\"><span class=\"qwen-markdown-text\">Tecnologia innovativa di servizi robotici<\/span><\/h2><div class=\"qwen-markdown-paragraph\"><span class=\"qwen-markdown-text\">Sfruttando la reputazione di Shenzhen come polo tecnologico, il nostro hotel offre servizi all&#039;avanguardia. <\/span><strong class=\"qwen-markdown-strong\"><span class=\"qwen-markdown-text\">tecnologia dei robot di servizio<\/span><\/strong><span class=\"qwen-markdown-text\"> che migliora l&#039;esperienza degli ospiti con la comodit\u00e0 moderna. Questi robot innovativi aiutano a consegnare oggetti in camera, a fornire informazioni e a soddisfare diverse richieste di servizio senza intervento umano. Questa tecnologia non solo aggiunge un elemento unico al soggiorno, ma garantisce anche un servizio efficiente e senza contatto, particolarmente apprezzato nel contesto dei viaggi odierni. Gli ospiti, soprattutto le famiglie con bambini, trovano spesso il servizio robotizzato sia pratico che divertente, aggiungendo un tocco memorabile alla loro esperienza in hotel. L&#039;integrazione della robotica riflette il nostro impegno a rimanere all&#039;avanguardia nell&#039;innovazione dell&#039;ospitalit\u00e0, mantenendo al contempo il tocco umano che contraddistingue un servizio eccezionale.<\/span><\/div><div class=\"qwen-markdown-space\">\u00a0<\/div><h2 class=\"qwen-markdown-heading\"><span class=\"qwen-markdown-text\">Strutture per il fitness e il benessere<\/span><\/h2><div class=\"qwen-markdown-paragraph\"><span class=\"qwen-markdown-text\">I viaggiatori attenti alla salute possono mantenere le loro routine di allenamento presso la nostra struttura. <\/span><strong class=\"qwen-markdown-strong\"><span class=\"qwen-markdown-text\">centro fitness situato al 37\u00b0 piano<\/span><\/strong><span class=\"qwen-markdown-text\">. La palestra \u00e8 dotata di moderne attrezzature per l&#039;esercizio fisico, adatte a diversi livelli di preparazione atletica e preferenze di allenamento. Allenarsi al 37\u00b0 piano offre l&#039;ulteriore vantaggio di godere di una vista mozzafiato sul distretto di Nanshan, rendendo la sessione di allenamento sia produttiva che piacevole. Le strutture fitness sono accessibili a tutti gli ospiti dell&#039;hotel e la posizione elevata garantisce un ambiente tranquillo, lontano dal trambusto della citt\u00e0 sottostante. Per gli ospiti che preferiscono attivit\u00e0 di benessere alternative, la zona circostante offre opportunit\u00e0 per praticare sport all&#039;aria aperta, tra cui la vicina montagna di Tanglang per gli appassionati di escursionismo.<\/span><\/div><div class=\"qwen-markdown-space\">\u00a0<\/div><h2 class=\"qwen-markdown-heading\"><span class=\"qwen-markdown-text\">Opzioni di ristorazione e servizio in camera<\/span><\/h2><div class=\"qwen-markdown-paragraph\"><span class=\"qwen-markdown-text\">I nostri servizi culinari iniziano con il rinomato <\/span><strong class=\"qwen-markdown-strong\"><span class=\"qwen-markdown-text\">Ristorante Genting al 37\u00b0 piano<\/span><\/strong><span class=\"qwen-markdown-text\">, dove gli ospiti possono gustare piatti privati personalizzati con vista panoramica sulla citt\u00e0. Il ristorante serve autentica cucina locale preparata da chef esperti utilizzando ingredienti freschi e di alta qualit\u00e0. Per gli ospiti che preferiscono cenare nella privacy delle proprie camere, <\/span><strong class=\"qwen-markdown-strong\"><span class=\"qwen-markdown-text\">servizio in camera<\/span><\/strong><span class=\"qwen-markdown-text\"> \u00e8 disponibile, portando l&#039;esperienza del ristorante direttamente nel vostro alloggio. Questo servizio \u00e8 particolarmente comodo per i viaggiatori d&#039;affari che lavorano fino a tardi, le famiglie con bambini piccoli o gli ospiti che semplicemente preferiscono la comodit\u00e0 di cenare in camera. Inoltre, l&#039;hotel fornisce l&#039;accesso a un <\/span><strong class=\"qwen-markdown-strong\"><span class=\"qwen-markdown-text\">cucina in comune<\/span><\/strong><span class=\"qwen-markdown-text\"> Per gli ospiti che desiderano preparare i propri pasti, offriamo flessibilit\u00e0 per soggiorni prolungati e per esigenze dietetiche specifiche. Questa combinazione di opzioni di ristorazione garantisce che ogni ospite possa trovare una soluzione adatta alle proprie preferenze e ai propri orari.<\/span><\/div><div class=\"qwen-markdown-space\">\u00a0<\/div><h2 class=\"qwen-markdown-heading\"><span class=\"qwen-markdown-text\">Servizi di lavanderia e pulizia<\/span><\/h2><div class=\"qwen-markdown-paragraph\"><span class=\"qwen-markdown-text\">Una caratteristica distintiva del nostro hotel \u00e8 la <\/span><strong class=\"qwen-markdown-strong\"><span class=\"qwen-markdown-text\">lavatrice integrata in camera<\/span><\/strong><span class=\"qwen-markdown-text\"> Disponibile in ogni alloggio, completo di detersivo per il bucato in omaggio. Questo servizio \u00e8 particolarmente apprezzato dai viaggiatori d&#039;affari in missione prolungata, dalle famiglie con bambini e dagli ospiti che soggiornano a lungo termine e che apprezzano la comodit\u00e0 di fare il bucato senza uscire dalla camera. Per coloro che preferiscono un servizio di lavanderia professionale, l&#039;hotel offre <\/span><strong class=\"qwen-markdown-strong\"><span class=\"qwen-markdown-text\">servizio di lavanderia e lavaggio a secco<\/span><\/strong><span class=\"qwen-markdown-text\"> opzioni gestite dal nostro team di pulizie. <\/span><strong class=\"qwen-markdown-strong\"><span class=\"qwen-markdown-text\">Pulizia giornaliera<\/span><\/strong><span class=\"qwen-markdown-text\"> Garantisce che le camere mantengano standard impeccabili per tutta la durata del soggiorno, con uno staff attento che rispetta la privacy degli ospiti e ne assicura la pulizia. In alcune camere \u00e8 disponibile il servizio di biancheria, oltre a tende oscuranti e aria condizionata per un maggiore comfort. Il divieto di fumo in tutta la struttura garantisce aria fresca e pulita in tutti gli ambienti interni.<\/span><\/div><div class=\"qwen-markdown-space\">\u00a0<\/div><h2 class=\"qwen-markdown-heading\"><span class=\"qwen-markdown-text\">Servizi di trasporto e parcheggio<\/span><\/h2><div class=\"qwen-markdown-paragraph\"><span class=\"qwen-markdown-text\">Raggiungere e lasciare l&#039;hotel \u00e8 reso facile grazie alla nostra <\/span><strong class=\"qwen-markdown-strong\"><span class=\"qwen-markdown-text\">servizio di prenotazione taxi<\/span><\/strong><span class=\"qwen-markdown-text\">, dove il personale pu\u00f2 organizzare il trasporto per trasferimenti aeroportuali, riunioni di lavoro o escursioni turistiche. La vicinanza dell&#039;hotel a <\/span><strong class=\"qwen-markdown-strong\"><span class=\"qwen-markdown-text\">Stazione della metropolitana University Town sulla linea 5<\/span><\/strong><span class=\"qwen-markdown-text\"> offre un comodo accesso ai trasporti pubblici per tutte le zone di Shenzhen. Per gli ospiti che arrivano in auto, <\/span><strong class=\"qwen-markdown-strong\"><span class=\"qwen-markdown-text\">parcheggi pubblici<\/span><\/strong><span class=\"qwen-markdown-text\"> sono disponibili in loco, eliminando lo stress di trovare parcheggio nel trafficato quartiere di Nanshan. L&#039;hotel pu\u00f2 anche assistere nell&#039;organizzazione <\/span><strong class=\"qwen-markdown-strong\"><span class=\"qwen-markdown-text\">servizi navetta aeroportuale<\/span><\/strong><span class=\"qwen-markdown-text\"> e il trasporto verso i principali snodi come la stazione ferroviaria di Shenzhen Nord e l&#039;aeroporto internazionale di Shenzhen Bao&#039;an. Il nostro team di concierge fornisce informazioni aggiornate sulle condizioni del traffico, sui tempi di percorrenza ottimali e sulle alternative di trasporto per garantire spostamenti agevoli durante tutto il soggiorno.<\/span><\/div><div class=\"qwen-markdown-space\">\u00a0<\/div><h2 class=\"qwen-markdown-heading\"><span class=\"qwen-markdown-text\">Strutture per l&#039;intrattenimento e il tempo libero<\/span><\/h2><div class=\"qwen-markdown-paragraph\"><span class=\"qwen-markdown-text\">Oltre ai servizi business e relax, l&#039;hotel offre <\/span><strong class=\"qwen-markdown-strong\"><span class=\"qwen-markdown-text\">Impianti KTV (karaoke)<\/span><\/strong><span class=\"qwen-markdown-text\"> Per gli ospiti in cerca di intrattenimento e attivit\u00e0 sociali. Questo servizio \u00e8 apprezzato per eventi di team building, riunioni di famiglia o semplicemente per rilassarsi dopo una giornata produttiva. Le sale KTV offrono uno spazio privato dove i gruppi possono godersi musica e intrattenimento insieme, aggiungendo una dimensione divertente alla vostra esperienza in hotel. Per gli ospiti che preferiscono attivit\u00e0 ricreative pi\u00f9 tranquille, l&#039;hotel offre <\/span><strong class=\"qwen-markdown-strong\"><span class=\"qwen-markdown-text\">aree giardino<\/span><\/strong><span class=\"qwen-markdown-text\"> dove i visitatori possono rilassarsi e godersi l&#039;aria aperta. Il circostante Zhongguan Shidai Plaza e l&#039;adiacente Yitian Holiday Mall offrono ulteriori opzioni per lo shopping, la ristorazione e l&#039;intrattenimento raggiungibili a piedi, garantendo agli ospiti un&#039;ampia scelta di attivit\u00e0 ricreative senza doversi allontanare troppo dall&#039;hotel.<\/span><\/div><div class=\"qwen-markdown-space\">\u00a0<\/div><h2 class=\"qwen-markdown-heading\"><span class=\"qwen-markdown-text\">Ulteriori comfort per gli ospiti<\/span><\/h2><div class=\"qwen-markdown-paragraph\"><span class=\"qwen-markdown-text\">L&#039;hotel offre numerosi servizi aggiuntivi pensati per migliorare il comfort e la comodit\u00e0 degli ospiti. <\/span><strong class=\"qwen-markdown-strong\"><span class=\"qwen-markdown-text\">Aria condizionata<\/span><\/strong><span class=\"qwen-markdown-text\"> \u00e8 disponibile in tutte le stanze e nelle aree comuni, garantendo temperature confortevoli tutto l&#039;anno, indipendentemente dal clima di Shenzhen. <\/span><strong class=\"qwen-markdown-strong\"><span class=\"qwen-markdown-text\">Accesso tramite ascensore<\/span><\/strong><span class=\"qwen-markdown-text\"> Serve i piani dal 15 al 32, dove si trovano le camere degli ospiti, garantendo una facile mobilit\u00e0 in tutta la struttura. <\/span><strong class=\"qwen-markdown-strong\"><span class=\"qwen-markdown-text\">Acqua in bottiglia in omaggio<\/span><\/strong><span class=\"qwen-markdown-text\"> \u00e8 fornito per mantenere gli ospiti idratati durante il loro soggiorno. L&#039;hotel dispone di <\/span><strong class=\"qwen-markdown-strong\"><span class=\"qwen-markdown-text\">piani non fumatori<\/span><\/strong><span class=\"qwen-markdown-text\"> per mantenere la qualit\u00e0 dell&#039;aria e venire incontro alle esigenze degli ospiti con particolari problemi di salute. <\/span><strong class=\"qwen-markdown-strong\"><span class=\"qwen-markdown-text\">Servizi di sveglia<\/span><\/strong><span class=\"qwen-markdown-text\"> Garantire che i viaggiatori d&#039;affari e chi si alza presto non perdano mai appuntamenti o voli importanti. <\/span><strong class=\"qwen-markdown-strong\"><span class=\"qwen-markdown-text\">Cambio valuta<\/span><\/strong><span class=\"qwen-markdown-text\"> Sono disponibili servizi per assistere gli ospiti internazionali con le loro esigenze finanziarie. <\/span><strong class=\"qwen-markdown-strong\"><span class=\"qwen-markdown-text\">Negozi<\/span><\/strong><span class=\"qwen-markdown-text\"> All&#039;interno o nelle vicinanze della struttura \u00e8 possibile accedere a beni di prima necessit\u00e0 e souvenir. Per occasioni speciali, l&#039;hotel pu\u00f2 fornire assistenza con <\/span><strong class=\"qwen-markdown-strong\"><span class=\"qwen-markdown-text\">organizzazione del matrimonio<\/span><\/strong><span class=\"qwen-markdown-text\"> e pianificazione di eventi.<\/span><\/div><div class=\"qwen-markdown-space\">\u00a0<\/div><h2 class=\"qwen-markdown-heading\"><span class=\"qwen-markdown-text\">Personale multilingue e assistenza agli ospiti internazionali.<\/span><\/h2><div class=\"qwen-markdown-paragraph\"><span class=\"qwen-markdown-text\">Riconoscendo la natura internazionale della comunit\u00e0 commerciale e turistica di Shenzhen, il nostro hotel impiega <\/span><strong class=\"qwen-markdown-strong\"><span class=\"qwen-markdown-text\">personale multilingue<\/span><\/strong><span class=\"qwen-markdown-text\"> In grado di assistere ospiti provenienti da diversi paesi e contesti culturali. Il personale della reception e del concierge \u00e8 in grado di comunicare in diverse lingue, riducendo le barriere e garantendo a tutti gli ospiti informazioni chiare e supporto adeguato. Questa capacit\u00e0 \u00e8 particolarmente preziosa per i viaggiatori d&#039;affari internazionali, i visitatori accademici che collaborano con le istituzioni di University Town e le famiglie che visitano Shenzhen come turisti. Il nostro personale riceve una formazione continua sulla sensibilit\u00e0 culturale e sugli standard di ospitalit\u00e0 internazionali per garantire che ogni ospite si senta accolto e compreso, indipendentemente dalla sua provenienza.<\/span><\/div><div class=\"qwen-markdown-space\">\u00a0<\/div><h2 class=\"qwen-markdown-heading\"><span class=\"qwen-markdown-text\">Impegno per il miglioramento continuo del servizio<\/span><\/h2><div class=\"qwen-markdown-paragraph\"><span class=\"qwen-markdown-text\">Lo Shenzhen Nanshan Jingfeng Hotel mantiene una cultura di miglioramento continuo basata sul feedback degli ospiti e sull&#039;evoluzione degli standard del settore. Il nostro team di assistenza esamina regolarmente i commenti e i suggerimenti degli ospiti per individuare opportunit\u00e0 di miglioramento. Questo approccio reattivo ha contribuito alla nostra solida reputazione, con migliaia di recensioni positive che evidenziano la qualit\u00e0 del servizio offerto durante i soggiorni. Crediamo che un servizio eccezionale non sia una meta, ma un percorso di continuo perfezionamento, e restiamo impegnati a superare le aspettative degli ospiti in ogni interazione. <\/span><strong class=\"qwen-markdown-strong\"><span class=\"qwen-markdown-text\">sistema di assistenza a cinque cuori<\/span><\/strong><span class=\"qwen-markdown-text\"> Incarna questa filosofia, garantendo che l&#039;attenzione e la cura personalizzate vengano fornite in modo coerente in tutti i punti di contatto del servizio.<\/span><\/div><div class=\"qwen-markdown-space\">\u00a0<\/div><h2 class=\"qwen-markdown-heading\"><span class=\"qwen-markdown-text\">Il vostro comfort \u00e8 la nostra priorit\u00e0.<\/span><\/h2><div class=\"qwen-markdown-paragraph\"><span class=\"qwen-markdown-text\">Ogni servizio offerto presso lo Shenzhen Nanshan Jingfeng Hotel \u00e8 pensato con un unico obiettivo: la vostra completa soddisfazione e il vostro comfort. Che siate in visita per una sola notte o per un soggiorno prolungato, per affari o per piacere, la nostra ampia gamma di servizi garantisce che ogni vostra esigenza venga soddisfatta con professionalit\u00e0 e cordialit\u00e0. La combinazione dei valori tradizionali dell&#039;ospitalit\u00e0 e dei comfort moderni crea un&#039;esperienza unica che distingue la nostra struttura dalle altre sistemazioni nel distretto di Nanshan. Vi invitiamo a scoprire la differenza che un servizio attento e completo pu\u00f2 fare durante il vostro soggiorno a Shenzhen e non vediamo l&#039;ora di darvi il benvenuto. <\/span><strong class=\"qwen-markdown-strong\"><span class=\"qwen-markdown-text\">Torre B, Zhongguan Shidai Plaza, No. 4168 Liuxian Avenue, distretto di Nanshan, Shenzhen, Guangdong, Cina<\/span><\/strong><span class=\"qwen-markdown-text\">.<\/span><\/div><div class=\"qwen-markdown-space\">\u00a0<\/div><div class=\"qwen-markdown-hr\"><hr \/><\/div><div class=\"qwen-markdown-space\">\u00a0<\/div><div class=\"qwen-markdown-paragraph\" data-spm-anchor-id=\"a2ty_o01.29997173.0.i4.51415171bLuhRr\"><em><span class=\"qwen-markdown-text\">Al Shenzhen Nanshan Jingfeng Hotel potrete sperimentare un servizio di eccellenza, dove ogni dettaglio \u00e8 curato per garantire il vostro comfort e la vostra completa soddisfazione.<\/span><\/em><\/div>\t\t\t\t\t\t\t\t<\/div>\n\t\t\t\t\t<\/div>\n\t\t\t\t<\/div>\n\t\t\t\t<\/div>","protected":false},"excerpt":{"rendered":"<p>Comprehensive Services at Shenzhen Nanshan Jingfeng Hotel (Xili University Town Branch) Elevating Your Stay with Exceptional Service Standards At the Shenzhen Nanshan Jingfeng Hotel (Xili University Town Branch), we believe that outstanding service is the foundation of an unforgettable guest experience. Located at Tower B, Zhongguan Shidai Plaza, No. 4168 Liuxian Avenue, Nanshan District, Shenzhen, [&hellip;]<\/p>\n","protected":false},"author":1,"featured_media":0,"parent":0,"menu_order":0,"comment_status":"closed","ping_status":"closed","template":"","meta":{"footnotes":""},"class_list":["post-647","page","type-page","status-publish","hentry","post-no-thumbnail"],"_links":{"self":[{"href":"https:\/\/nanshanjingfenghotel.com\/it\/wp-json\/wp\/v2\/pages\/647","targetHints":{"allow":["GET"]}}],"collection":[{"href":"https:\/\/nanshanjingfenghotel.com\/it\/wp-json\/wp\/v2\/pages"}],"about":[{"href":"https:\/\/nanshanjingfenghotel.com\/it\/wp-json\/wp\/v2\/types\/page"}],"author":[{"embeddable":true,"href":"https:\/\/nanshanjingfenghotel.com\/it\/wp-json\/wp\/v2\/users\/1"}],"replies":[{"embeddable":true,"href":"https:\/\/nanshanjingfenghotel.com\/it\/wp-json\/wp\/v2\/comments?post=647"}],"version-history":[{"count":0,"href":"https:\/\/nanshanjingfenghotel.com\/it\/wp-json\/wp\/v2\/pages\/647\/revisions"}],"wp:attachment":[{"href":"https:\/\/nanshanjingfenghotel.com\/it\/wp-json\/wp\/v2\/media?parent=647"}],"curies":[{"name":"wp","href":"https:\/\/api.w.org\/{rel}","templated":true}]}}